{"id":14424,"date":"2025-12-09T22:16:39","date_gmt":"2025-12-09T20:16:39","guid":{"rendered":"https:\/\/tea-shop.md\/product\/shu-puer-cu-crizantema\/"},"modified":"2026-03-31T19:35:17","modified_gmt":"2026-03-31T16:35:17","slug":"shu-puer-cu-crizantema","status":"publish","type":"product","link":"https:\/\/tea-shop.md\/ro\/produs\/shu-puer-cu-crizantema\/","title":{"rendered":"Shu puer cu crizantem\u0103"},"content":{"rendered":"<p>Combina\u021bia dintre shu puer \u0219i crizantem\u0103 este un clasic al tradi\u021biei Sud-Chineze: o b\u0103utur\u0103 nobil\u0103, &#8222;calm\u0103&#8221;, \u00een care prospe\u021bimea floral\u0103 confer\u0103 moliciune \u0219i o not\u0103 u\u0219oar\u0103 de miere.<\/p>\n<p>Shu puer finit este presat \u00een por\u021bii, ad\u0103ug\u00e2nd petale uscate ale unei crizanteme mari. Formatul este convenabil pentru un ritual zilnic \u0219i ofer\u0103 un gust stabil, curat, f\u0103r\u0103 am\u0103r\u0103ciune aspr\u0103. <\/p>\n<p>Beneficiile pentru s\u0103n\u0103tate ale consumului de Shu Puer cu crizantem\u0103 sunt legate de compozi\u021bia \u0219i originea sa. Shu pu\u0435r este considerat benefic pentru organism, ajut\u00e2nd la \u00eembun\u0103t\u0103\u021birea digestiei, la sc\u0103derea nivelului de colesterol \u0219i la men\u021binerea s\u0103n\u0103t\u0103\u021bii gastrointestinale generale. Crizantema, la r\u00e2ndul s\u0103u, \u00eembun\u0103t\u0103\u021be\u0219te s\u0103n\u0103tatea pielii, are propriet\u0103\u021bi calmante, ajut\u0103 la ameliorarea stresului \u0219i \u00eembun\u0103t\u0103\u021be\u0219te starea de spirit. Crizantema ajut\u0103 \u0219i la r\u0103celi \u0219i grip\u0103.   <\/p>\n<p>Se prepar\u0103 folosind metoda de turnare: pune\u021bi tableta \u00eentr-o cea\u0219c\u0103 sau ceainic, turna\u021bi ap\u0103 clocotit\u0103 peste ea \u0219i l\u0103sa\u021bi-o s\u0103 stea timp de 10 p\u00e2n\u0103 la 40 de secunde. Apoi este necesar s\u0103 scurge\u021bi infuzia, turna\u021bi din nou ap\u0103 clocotit\u0103 peste ea. Procedura de preparare a berii poate fi efectuat\u0103 de p\u00e2n\u0103 la 7 ori. Pe str\u00e2mtoarea a 4-a, ceaiul \u00ee\u0219i dezv\u0103luie pe deplin aroma \u0219i propriet\u0103\u021bile aromatice.   <\/p>\n<p>Mini tocha 5-7 grame.<\/p>\n","protected":false},"excerpt":{"rendered":"<p>\u0421\u043e\u0447\u0435\u0442\u0430\u043d\u0438\u0435 \u0448\u0443 \u043f\u0443\u044d\u0440\u0430 \u0441 \u0445\u0440\u0438\u0437\u0430\u043d\u0442\u0435\u043c\u043e\u0439 \u2014 \u043a\u043b\u0430\u0441\u0441\u0438\u043a\u0430 \u044e\u0436\u043d\u043e\u043a\u0438\u0442\u0430\u0439\u0441\u043a\u043e\u0439 \u0442\u0440\u0430\u0434\u0438\u0446\u0438\u0438: \u0431\u043b\u0430\u0433\u043e\u0440\u043e\u0434\u043d\u044b\u0439, \u00ab\u0441\u043f\u043e\u043a\u043e\u0439\u043d\u044b\u0439\u00bb \u043d\u0430\u043f\u0438\u0442\u043e\u043a, \u0432 \u043a\u043e\u0442\u043e\u0440\u043e\u043c \u0446\u0432\u0435\u0442\u043e\u0447\u043d\u0430\u044f \u0441\u0432\u0435\u0436\u0435\u0441\u0442\u044c \u043f\u0440\u0438\u0434\u0430\u0451\u0442 \u043c\u044f\u0433\u043a\u043e\u0441\u0442\u044c \u0438 \u0441\u0432\u0435\u0442\u043b\u0443\u044e \u043c\u0435\u0434\u043e\u0432\u0443\u044e \u043d\u043e\u0442\u0443.<\/p>\n<p>Shu puer finit este presat \u00een por\u021bii, ad\u0103ug\u00e2nd petale uscate ale unei crizanteme mari. Formatul este convenabil pentru un ritual zilnic \u0219i ofer\u0103 un gust stabil, curat, f\u0103r\u0103 am\u0103r\u0103ciune aspr\u0103. <\/p>\n<p>\u041f\u043e\u043b\u044c\u0437\u0430 \u0434\u043b\u044f \u0437\u0434\u043e\u0440\u043e\u0432\u044c\u044f \u043e\u0442 \u0443\u043f\u043e\u0442\u0440\u0435\u0431\u043b\u0435\u043d\u0438\u044f \u0428\u0443 \u041f\u0443\u044d\u0440 \u041c\u0438\u043d\u0438 \u0422\u043e\u0447\u0430 \u0441 \u0445\u0440\u0438\u0437\u0430\u043d\u0442\u0435\u043c\u043e\u0439 \u0441\u0432\u044f\u0437\u0430\u043d\u0430 \u0441 \u0435\u0433\u043e \u0441\u043e\u0441\u0442\u0430\u0432\u043e\u043c \u0438 \u043f\u0440\u043e\u0438\u0441\u0445\u043e\u0436\u0434\u0435\u043d\u0438\u0435\u043c. \u0428\u0443 \u043f\u0443\u044d\u0440 \u0441\u0447\u0438\u0442\u0430\u0435\u0442\u0441\u044f \u043f\u043e\u043b\u0435\u0437\u043d\u044b\u043c \u0434\u043b\u044f \u043e\u0440\u0433\u0430\u043d\u0438\u0437\u043c\u0430, \u043f\u043e\u043c\u043e\u0433\u0430\u044f \u0443\u043b\u0443\u0447\u0448\u0438\u0442\u044c \u043f\u0438\u0449\u0435\u0432\u0430\u0440\u0435\u043d\u0438\u0435, \u0441\u043d\u0438\u0437\u0438\u0442\u044c \u0443\u0440\u043e\u0432\u0435\u043d\u044c \u0445\u043e\u043b\u0435\u0441\u0442\u0435\u0440\u0438\u043d\u0430 \u0438 \u043f\u043e\u0434\u0434\u0435\u0440\u0436\u0438\u0432\u0430\u0442\u044c \u043e\u0431\u0449\u0435\u0435 \u0437\u0434\u043e\u0440\u043e\u0432\u044c\u0435 \u0436\u0435\u043b\u0443\u0434\u043e\u0447\u043d\u043e-\u043a\u0438\u0448\u0435\u0447\u043d\u043e\u0439 \u0441\u0438\u0441\u0442\u0435\u043c\u044b. \u0425\u0440\u0438\u0437\u0430\u043d\u0442\u0435\u043c\u0430, \u0432 \u0441\u0432\u043e\u044e \u043e\u0447\u0435\u0440\u0435\u0434\u044c, \u0443\u043b\u0443\u0447\u0448\u0430\u0435\u0442 \u0437\u0434\u043e\u0440\u043e\u0432\u044c\u0435 \u043a\u043e\u0436\u0438, \u0438\u043c\u0435\u0435\u0442 \u0443\u0441\u043f\u043e\u043a\u0430\u0438\u0432\u0430\u044e\u0449\u0438\u0435 \u0441\u0432\u043e\u0439\u0441\u0442\u0432\u0430, \u043f\u043e\u043c\u043e\u0433\u0430\u0435\u0442 \u0441\u043d\u044f\u0442\u044c \u0441\u0442\u0440\u0435\u0441\u0441 \u0438 \u0443\u043b\u0443\u0447\u0448\u0430\u0435\u0442 \u043d\u0430\u0441\u0442\u0440\u043e\u0435\u043d\u0438\u0435. \u0410 \u0442\u0430\u043a\u0436\u0435 \u0445\u0440\u0438\u0437\u0430\u043d\u0442\u0435\u043c\u0430 \u043f\u043e\u043c\u043e\u0433\u0430\u0435\u0442 \u043f\u0440\u0438 \u043f\u0440\u043e\u0441\u0442\u0443\u0434\u043d\u044b\u0445 \u0437\u0430\u0431\u043e\u043b\u0435\u0432\u0430\u043d\u0438\u044f\u0445 \u0438 \u0433\u0440\u0438\u043f\u043f\u0435.   <\/p>\n<p>\u0412\u044b\u0434\u0435\u0440\u0436\u0430\u043d\u043d\u044b\u0439 \u0448\u0443 \u043f\u0443\u044d\u0440 \u0441 \u0442\u0451\u043f\u043b\u044b\u043c, \u0433\u043b\u0443\u0431\u043e\u043a\u0438\u043c \u0445\u0430\u0440\u0430\u043a\u0442\u0435\u0440\u043e\u043c, \u0434\u043e\u043f\u043e\u043b\u043d\u0435\u043d\u043d\u044b\u0439 \u0437\u043e\u043b\u043e\u0442\u044b\u043c\u0438 \u043b\u0435\u043f\u0435\u0441\u0442\u043a\u0430\u043c\u0438 \u0438\u043c\u043f\u0435\u0440\u0430\u0442\u043e\u0440\u0441\u043a\u043e\u0439 \u0445\u0440\u0438\u0437\u0430\u043d\u0442\u0435\u043c\u044b. \u0412 \u0447\u0430\u0448\u043a\u0435 \u2014 \u043f\u0440\u043e\u0437\u0440\u0430\u0447\u043d\u044b\u0439 \u044f\u043d\u0442\u0430\u0440\u043d\u044b\u0439 \u043d\u0430\u0441\u0442\u043e\u0439, \u043c\u044f\u0433\u043a\u0430\u044f \u0441\u043b\u0430\u0434\u043e\u0441\u0442\u044c, \u0446\u0432\u0435\u0442\u043e\u0447\u043d\u044b\u0439 \u0430\u0440\u043e\u043c\u0430\u0442 \u0438 \u0443\u044e\u0442\u043d\u043e\u0435, \u0434\u043b\u0438\u0442\u0435\u043b\u044c\u043d\u043e\u0435 \u043f\u043e\u0441\u043b\u0435\u0432\u043a\u0443\u0441\u0438\u0435. <\/p>\n<p>\u0417\u0430\u0432\u0430\u0440\u0438\u0432\u0430\u0442\u044c \u043f\u0440\u0438 \u0442\u0435\u043c\u043f\u0435\u0440\u0430\u0442\u0443\u0440\u0435 \u0432\u043e\u0434\u044b \u043c\u043b 95 &#8211; 97 \u00b0C, \u043d\u0430\u0441\u0442\u043e\u044f\u0442\u044c \u0432 \u0442\u0435\u0447\u0435\u043d\u0438\u0435 3-5 \u043c\u0438\u043d, \u0447\u0442\u043e\u0431\u044b \u043f\u043e\u043b\u0443\u0447\u0438\u0442\u044c \u043d\u0430\u043f\u0438\u0442\u043e\u043a \u0441 \u0434\u0435\u043b\u0438\u043a\u0430\u0442\u043d\u044b\u043c \u0432\u043a\u0443\u0441\u043e\u043c. Aceea\u0219i b\u0103utur\u0103 poate fi turnat\u0103 de p\u00e2n\u0103 la 5-7 ori la r\u00e2nd, de fiecare dat\u0103 prelungind timpul de perfuzie cu aproximativ 1 minut. P\u0103stra\u021bi-l timp de maximum 5 minute, nu pute\u021bi insista mult timp, b\u0103utura va deveni tart\u0103.<\/p>\n","protected":false},"featured_media":13357,"comment_status":"open","ping_status":"closed","template":"","meta":[],"product_brand":[],"product_cat":[336,340],"product_tag":[],"class_list":{"0":"post-14424","1":"product","2":"type-product","3":"status-publish","4":"has-post-thumbnail","6":"product_cat-puer","7":"product_cat-shu-puer","9":"first","10":"instock","11":"shipping-taxable","12":"purchasable","13":"product-type-simple"},"_links":{"self":[{"href":"https:\/\/tea-shop.md\/ro\/wp-json\/wp\/v2\/product\/14424","targetHints":{"allow":["GET"]}}],"collection":[{"href":"https:\/\/tea-shop.md\/ro\/wp-json\/wp\/v2\/product"}],"about":[{"href":"https:\/\/tea-shop.md\/ro\/wp-json\/wp\/v2\/types\/product"}],"replies":[{"embeddable":true,"href":"https:\/\/tea-shop.md\/ro\/wp-json\/wp\/v2\/comments?post=14424"}],"version-history":[{"count":1,"href":"https:\/\/tea-shop.md\/ro\/wp-json\/wp\/v2\/product\/14424\/revisions"}],"predecessor-version":[{"id":14866,"href":"https:\/\/tea-shop.md\/ro\/wp-json\/wp\/v2\/product\/14424\/revisions\/14866"}],"wp:featuredmedia":[{"embeddable":true,"href":"https:\/\/tea-shop.md\/ro\/wp-json\/wp\/v2\/media\/13357"}],"wp:attachment":[{"href":"https:\/\/tea-shop.md\/ro\/wp-json\/wp\/v2\/media?parent=14424"}],"wp:term":[{"taxonomy":"product_brand","embeddable":true,"href":"https:\/\/tea-shop.md\/ro\/wp-json\/wp\/v2\/product_brand?post=14424"},{"taxonomy":"product_cat","embeddable":true,"href":"https:\/\/tea-shop.md\/ro\/wp-json\/wp\/v2\/product_cat?post=14424"},{"taxonomy":"product_tag","embeddable":true,"href":"https:\/\/tea-shop.md\/ro\/wp-json\/wp\/v2\/product_tag?post=14424"}],"curies":[{"name":"wp","href":"https:\/\/api.w.org\/{rel}","templated":true}]}}