{"id":14426,"date":"2025-12-09T22:16:54","date_gmt":"2025-12-09T20:16:54","guid":{"rendered":"https:\/\/tea-shop.md\/product\/shen-puer-lotus\/"},"modified":"2026-03-31T21:03:55","modified_gmt":"2026-03-31T18:03:55","slug":"shen-puer-lotus","status":"publish","type":"product","link":"https:\/\/tea-shop.md\/ro\/produs\/shen-puer-lotus\/","title":{"rendered":"Shen Puer lotus"},"content":{"rendered":"<p>O combina\u021bie neobi\u0219nuit\u0103 cu un gust bogat uimitor.<\/p>\n<p>La fel ca mul\u021bi puer, tonific\u0103 perfect, potole\u0219te setea \u0219i amelioreaz\u0103 oboseala, cur\u0103\u021b\u0103 ficatul, \u00eembun\u0103t\u0103\u021be\u0219te func\u021bia intestinal\u0103, reduce glicemia, elimin\u0103 toxinele din organism \u0219i favorizeaz\u0103 pierderea \u00een greutate.<\/p>\n<p>Pute\u021bi lua acest ceai cu dvs. oriunde. Bea acas\u0103 sau la serviciu, \u00een aer liber sau \u00eel po\u021bi lua cu tine \u00eentr-o c\u0103l\u0103torie. <\/p>\n<p>Simplitatea \u0219i comoditatea berii \u2013 poate fi preparat\u0103 \u00eentr-o cea\u0219c\u0103, termos, \u00eentr-un ceainic sau \u00eentr-un ceainic, poate fi preparat\u0103 \u0219i ea.<\/p>\n<p>Se prepar\u0103 folosind metoda de turnare: pune\u021bi o frunz\u0103 \u00eentr-o cea\u0219c\u0103 sau ceainic, turna\u021bi ap\u0103 clocotit\u0103 peste ea \u0219i l\u0103sa\u021bi-o s\u0103 stea timp de 10 p\u00e2n\u0103 la 40 de secunde. Apoi este necesar s\u0103 scurge\u021bi infuzia, turna\u021bi din nou ap\u0103 clocotit\u0103 peste ea. Procedura de preparare a berii poate fi efectuat\u0103 de p\u00e2n\u0103 la 7 ori. Pe str\u00e2mtoarea a 4-a, ceaiul \u00ee\u0219i dezv\u0103luie pe deplin aroma \u0219i propriet\u0103\u021bile aromatice.   <\/p>\n<p>Mini-toac\u0103 de 5-7 grame<\/p>\n","protected":false},"excerpt":{"rendered":"<p>O combina\u021bie neobi\u0219nuit\u0103 cu un gust bogat uimitor. La fel ca mul\u021bi puer, tonific\u0103 perfect, potole\u0219te setea \u0219i amelioreaz\u0103 oboseala,<\/p>\n","protected":false},"featured_media":0,"comment_status":"open","ping_status":"closed","template":"","meta":[],"product_brand":[],"product_cat":[336,339],"product_tag":[],"class_list":{"0":"post-14426","1":"product","2":"type-product","3":"status-publish","5":"product_cat-puer","6":"product_cat-shen-puer","8":"first","9":"outofstock","10":"shipping-taxable","11":"purchasable","12":"product-type-simple"},"_links":{"self":[{"href":"https:\/\/tea-shop.md\/ro\/wp-json\/wp\/v2\/product\/14426","targetHints":{"allow":["GET"]}}],"collection":[{"href":"https:\/\/tea-shop.md\/ro\/wp-json\/wp\/v2\/product"}],"about":[{"href":"https:\/\/tea-shop.md\/ro\/wp-json\/wp\/v2\/types\/product"}],"replies":[{"embeddable":true,"href":"https:\/\/tea-shop.md\/ro\/wp-json\/wp\/v2\/comments?post=14426"}],"version-history":[{"count":1,"href":"https:\/\/tea-shop.md\/ro\/wp-json\/wp\/v2\/product\/14426\/revisions"}],"predecessor-version":[{"id":14887,"href":"https:\/\/tea-shop.md\/ro\/wp-json\/wp\/v2\/product\/14426\/revisions\/14887"}],"wp:attachment":[{"href":"https:\/\/tea-shop.md\/ro\/wp-json\/wp\/v2\/media?parent=14426"}],"wp:term":[{"taxonomy":"product_brand","embeddable":true,"href":"https:\/\/tea-shop.md\/ro\/wp-json\/wp\/v2\/product_brand?post=14426"},{"taxonomy":"product_cat","embeddable":true,"href":"https:\/\/tea-shop.md\/ro\/wp-json\/wp\/v2\/product_cat?post=14426"},{"taxonomy":"product_tag","embeddable":true,"href":"https:\/\/tea-shop.md\/ro\/wp-json\/wp\/v2\/product_tag?post=14426"}],"curies":[{"name":"wp","href":"https:\/\/api.w.org\/{rel}","templated":true}]}}