{"id":14430,"date":"2025-12-09T22:59:00","date_gmt":"2025-12-09T20:59:00","guid":{"rendered":"https:\/\/tea-shop.md\/product\/mugurul-magic\/"},"modified":"2026-03-31T21:14:53","modified_gmt":"2026-03-31T18:14:53","slug":"mugurul-magic","status":"publish","type":"product","link":"https:\/\/tea-shop.md\/ro\/produs\/mugurul-magic\/","title":{"rendered":"Mugurul Magic"},"content":{"rendered":"<p>Un ceai verde magnific legat \u00een form\u0103 de piersic\u0103, cu muguri tineri \u0219i proaspe\u021bi de ceai. Florile de crizantem\u0103, amarant \u0219i iasomie sunt plasate \u00een interiorul bilei de ceai, care, atunci c\u00e2nd sunt preparate, formeaz\u0103 o compozi\u021bie magnific\u0103 sub forma unui co\u0219 cu o coroan\u0103. <\/p>\n<p>&#8222;Magic Bud&#8221; este un ceai verde legat care are un farmec magic special \u0219i un gust unic. Acest ceai este f\u0103cut din frunze selectate ale tufi\u0219ului de ceai, culese manual pe planta\u021bii cu o istorie \u0219i tradi\u021bii bogate. Una dintre caracteristicile cheie ale ceaiului este procesul s\u0103u de produc\u021bie, care implic\u0103 r\u0103sucirea atent\u0103 \u0219i legarea frunzelor. Acest lucru confer\u0103 ceaiului o form\u0103 special\u0103 de mugur, care se deschide \u00een ap\u0103 ca o floare \u00eenflorit\u0103, dezv\u0103luind toat\u0103 bog\u0103\u021bia aromei \u0219i gustului s\u0103u.   <\/p>\n<p>\u00cen plus, acest ceai verde are o serie de propriet\u0103\u021bi benefice. Este bogat \u00een antioxidan\u021bi, ajut\u0103 la cre\u0219terea imunit\u0103\u021bii, reduce nivelul de stres \u0219i \u00eembun\u0103t\u0103\u021be\u0219te s\u0103n\u0103tatea general\u0103. <\/p>\n<p>Aroma ceaiului este pur \u0219i simplu fascinant\u0103 \u2013 notele proaspete din plante sunt combinate cu o dulcea\u021b\u0103 u\u0219oar\u0103 fructat\u0103. Gustul ceaiului este delicat, cu o u\u0219oar\u0103 am\u0103r\u0103ciune \u0219i note de nuci, ceea ce creeaz\u0103 o impresie armonioas\u0103 \u0219i pl\u0103cut\u0103. <\/p>\n<p>Pentru prepararea berii, lu\u0103m o floare pe 1 litru de ap\u0103 fierbinte 80-85 CP, insist\u0103m timp de 3-5 minute pentru a ob\u021bine o b\u0103utur\u0103 cu un gust delicat. Pentru pl\u0103cerea estetic\u0103, se recomand\u0103 utilizarea unui ceainic de sticl\u0103. Poate rezista la mai multe beri.  <\/p>\n<p>&nbsp;<\/p>\n","protected":false},"excerpt":{"rendered":"<p>&#8222;\u0412\u043e\u043b\u0448\u0435\u0431\u043d\u044b\u0439 \u0431\u0443\u0442\u043e\u043d&#8221; &#8211; \u044d\u0442\u043e \u0441\u0432\u044f\u0437\u0430\u043d\u043d\u044b\u0439 \u0437\u0435\u043b\u0435\u043d\u044b\u0439 \u0447\u0430\u0439, \u043a\u043e\u0442\u043e\u0440\u044b\u0439 \u043e\u0431\u043b\u0430\u0434\u0430\u0435\u0442 \u043e\u0441\u043e\u0431\u044b\u043c \u043c\u0430\u0433\u0438\u0447\u0435\u0441\u043a\u0438\u043c \u043e\u0447\u0430\u0440\u043e\u0432\u0430\u043d\u0438\u0435\u043c \u0438 \u0443\u043d\u0438\u043a\u0430\u043b\u044c\u043d\u044b\u043c \u0432\u043a\u0443\u0441\u043e\u043c.<\/p>\n<p>\u042d\u0442\u043e\u0442 \u0447\u0430\u0439 \u043f\u0440\u043e\u0438\u0437\u0432\u043e\u0434\u0438\u0442\u0441\u044f \u0438\u0437 \u043e\u0442\u0431\u043e\u0440\u043d\u044b\u0445 \u043b\u0438\u0441\u0442\u044c\u0435\u0432 \u0447\u0430\u0439\u043d\u043e\u0433\u043e \u043a\u0443\u0441\u0442\u0430, \u0441\u043e\u0431\u0440\u0430\u043d\u043d\u044b\u0445 \u0432\u0440\u0443\u0447\u043d\u0443\u044e \u043d\u0430 \u043f\u043b\u0430\u043d\u0442\u0430\u0446\u0438\u044f\u0445 \u0441 \u0431\u043e\u0433\u0430\u0442\u043e\u0439 \u0438\u0441\u0442\u043e\u0440\u0438\u0435\u0439 \u0438 \u0442\u0440\u0430\u0434\u0438\u0446\u0438\u044f\u043c\u0438.<\/p>\n<p>\u041e\u0434\u043d\u043e\u0439 \u0438\u0437 \u043a\u043b\u044e\u0447\u0435\u0432\u044b\u0445 \u043e\u0441\u043e\u0431\u0435\u043d\u043d\u043e\u0441\u0442\u0435\u0439 &#8222;\u0412\u043e\u043b\u0448\u0435\u0431\u043d\u043e\u0433\u043e \u0431\u0443\u0442\u043e\u043d\u0430&#8221; \u044f\u0432\u043b\u044f\u0435\u0442\u0441\u044f \u0435\u0433\u043e \u043f\u0440\u043e\u0438\u0437\u0432\u043e\u0434\u0441\u0442\u0432\u0435\u043d\u043d\u044b\u0439 \u043f\u0440\u043e\u0446\u0435\u0441\u0441, \u043a\u043e\u0442\u043e\u0440\u044b\u0439 \u0432\u043a\u043b\u044e\u0447\u0430\u0435\u0442 \u0442\u0449\u0430\u0442\u0435\u043b\u044c\u043d\u043e\u0435 \u0441\u043a\u0440\u0443\u0447\u0438\u0432\u0430\u043d\u0438\u0435 \u0438 \u0441\u0432\u044f\u0437\u044b\u0432\u0430\u043d\u0438\u0435 \u043b\u0438\u0441\u0442\u044c\u0435\u0432.<\/p>\n<p>\u042d\u0442\u043e \u043f\u0440\u0438\u0434\u0430\u0435\u0442 \u0447\u0430\u044e \u043e\u0441\u043e\u0431\u0443\u044e \u0444\u043e\u0440\u043c\u0443 \u0431\u0443\u0442\u043e\u043d\u0430, \u043a\u043e\u0442\u043e\u0440\u044b\u0439 \u0440\u0430\u0441\u043a\u0440\u044b\u0432\u0430\u0435\u0442\u0441\u044f \u0432 \u0432\u043e\u0434\u0435, \u0441\u043b\u043e\u0432\u043d\u043e \u0440\u0430\u0441\u043f\u0443\u0441\u043a\u0430\u0435\u0442\u0441\u044f \u0446\u0432\u0435\u0442\u043e\u043a, \u043e\u0442\u043a\u0440\u044b\u0432\u0430\u044f \u0432\u0441\u0435 \u0431\u043e\u0433\u0430\u0442\u0441\u0442\u0432\u043e \u0435\u0433\u043e \u0430\u0440\u043e\u043c\u0430\u0442\u0430 \u0438 \u0432\u043a\u0443\u0441\u0430.<\/p>\n<p>\u00cen plus, acest ceai verde are o serie de propriet\u0103\u021bi benefice. Este bogat \u00een antioxidan\u021bi, ajut\u0103 la cre\u0219terea imunit\u0103\u021bii, reduce nivelul de stres \u0219i \u00eembun\u0103t\u0103\u021be\u0219te s\u0103n\u0103tatea general\u0103. <\/p>\n<p>\u0410\u0440\u043e\u043c\u0430\u0442 &#8222;\u0412\u043e\u043b\u0448\u0435\u0431\u043d\u043e\u0433\u043e \u0431\u0443\u0442\u043e\u043d\u0430&#8221; \u043f\u0440\u043e\u0441\u0442\u043e \u0437\u0430\u0432\u043e\u0440\u0430\u0436\u0438\u0432\u0430\u0435\u0442 \u2013 \u0441\u0432\u0435\u0436\u0438\u0435 \u0442\u0440\u0430\u0432\u044f\u043d\u044b\u0435 \u043d\u043e\u0442\u043a\u0438 \u0441\u043e\u0447\u0435\u0442\u0430\u044e\u0442\u0441\u044f \u0441 \u043b\u0435\u0433\u043a\u043e\u0439 \u0444\u0440\u0443\u043a\u0442\u043e\u0432\u043e\u0439 \u0441\u043b\u0430\u0434\u043e\u0441\u0442\u044c\u044e. \u0412\u043a\u0443\u0441 \u0447\u0430\u044f \u043d\u0435\u0436\u043d\u044b\u0439, \u0441 \u043b\u0435\u0433\u043a\u043e\u0439 \u0433\u043e\u0440\u0447\u0438\u043d\u043a\u043e\u0439 \u0438 \u043d\u043e\u0442\u043a\u0430\u043c\u0438 \u043e\u0440\u0435\u0445\u043e\u0432, \u0447\u0442\u043e \u0441\u043e\u0437\u0434\u0430\u0435\u0442 \u0433\u0430\u0440\u043c\u043e\u043d\u0438\u0447\u043d\u043e\u0435 \u0438 \u043f\u0440\u0438\u044f\u0442\u043d\u043e\u0435 \u0432\u043f\u0435\u0447\u0430\u0442\u043b\u0435\u043d\u0438\u0435. <\/p>\n<p>&nbsp;<\/p>\n","protected":false},"featured_media":13211,"comment_status":"open","ping_status":"closed","template":"","meta":[],"product_brand":[],"product_cat":[341],"product_tag":[],"class_list":{"0":"post-14430","1":"product","2":"type-product","3":"status-publish","4":"has-post-thumbnail","6":"product_cat-svyazanyj-chaj","8":"first","9":"instock","10":"shipping-taxable","11":"purchasable","12":"product-type-simple"},"_links":{"self":[{"href":"https:\/\/tea-shop.md\/ro\/wp-json\/wp\/v2\/product\/14430","targetHints":{"allow":["GET"]}}],"collection":[{"href":"https:\/\/tea-shop.md\/ro\/wp-json\/wp\/v2\/product"}],"about":[{"href":"https:\/\/tea-shop.md\/ro\/wp-json\/wp\/v2\/types\/product"}],"replies":[{"embeddable":true,"href":"https:\/\/tea-shop.md\/ro\/wp-json\/wp\/v2\/comments?post=14430"}],"version-history":[{"count":1,"href":"https:\/\/tea-shop.md\/ro\/wp-json\/wp\/v2\/product\/14430\/revisions"}],"predecessor-version":[{"id":14899,"href":"https:\/\/tea-shop.md\/ro\/wp-json\/wp\/v2\/product\/14430\/revisions\/14899"}],"wp:featuredmedia":[{"embeddable":true,"href":"https:\/\/tea-shop.md\/ro\/wp-json\/wp\/v2\/media\/13211"}],"wp:attachment":[{"href":"https:\/\/tea-shop.md\/ro\/wp-json\/wp\/v2\/media?parent=14430"}],"wp:term":[{"taxonomy":"product_brand","embeddable":true,"href":"https:\/\/tea-shop.md\/ro\/wp-json\/wp\/v2\/product_brand?post=14430"},{"taxonomy":"product_cat","embeddable":true,"href":"https:\/\/tea-shop.md\/ro\/wp-json\/wp\/v2\/product_cat?post=14430"},{"taxonomy":"product_tag","embeddable":true,"href":"https:\/\/tea-shop.md\/ro\/wp-json\/wp\/v2\/product_tag?post=14430"}],"curies":[{"name":"wp","href":"https:\/\/api.w.org\/{rel}","templated":true}]}}