{"id":14432,"date":"2025-12-09T22:58:59","date_gmt":"2025-12-09T20:58:59","guid":{"rendered":"https:\/\/tea-shop.md\/product\/set-cadou-de-ceai-legat-perla-dragonului\/"},"modified":"2026-03-31T21:13:46","modified_gmt":"2026-03-31T18:13:46","slug":"set-cadou-de-ceai-legat-perla-dragonului","status":"publish","type":"product","link":"https:\/\/tea-shop.md\/ro\/produs\/set-cadou-de-ceai-legat-perla-dragonului\/","title":{"rendered":"Set cadou de ceai legat &#8222;Perla Dragonului&#8221;"},"content":{"rendered":"<p>Setul cadou Dragon Pearl este cadoul perfect pentru cei c\u0103rora le pas\u0103 de s\u0103n\u0103tatea lor \u0219i apreciaz\u0103 produsele naturale. Fiecare cea\u0219c\u0103 din acest ceai nu este doar o pl\u0103cere pentru gust, ci \u0219i un adev\u0103rat ritual de vindecare care combin\u0103 \u00een\u021belepciunea veche de secole a culturii ceaiului chinezesc \u0219i propriet\u0103\u021bile vindec\u0103toare ale naturii. Ambalajul elegant \u0219i calitatea \u00eenalt\u0103 a ceaiului v\u0103 vor sublinia aten\u021bia \u0219i grija pentru persoana iubit\u0103.  <\/p>\n<p>Cutia con\u021bine 18 muguri de ceai lucrate manual, fiecare dintre ele const\u00e2nd dintr-un Shen puer \u0219i o floare natural\u0103:<\/p>\n<ul>\n<li>Pion<\/li>\n<li>Trandafir<\/li>\n<li>Jasmine<\/li>\n<li>Crin<\/li>\n<li>Crizantema Alb\u0103<\/li>\n<li>Crizantema Galben\u0103<\/li>\n<\/ul>\n<p>Trandafirul este asociat cu dragostea \u0219i \u00eengrijirea, iasomia este asociat\u0103 cu armonia, bujorul simbolizeaz\u0103 prosperitatea, crinul reprezint\u0103 puritatea, iar crizantema este considerat\u0103 un semn de longevitate \u0219i pace interioar\u0103. Acest set poart\u0103 nu numai gust, ci \u0219i sens, motiv pentru care a devenit unul dintre cele mai populare cadouri. <\/p>\n<p>Fiecare gust se repet\u0103 de trei ori, ceea ce este convenabil pentru tratarea oaspe\u021bilor sau alegerea aromei preferate.<\/p>\n<p>&nbsp;<\/p>\n","protected":false},"excerpt":{"rendered":"<p>\u041f\u043e\u0434\u0430\u0440\u043e\u0447\u043d\u044b\u0439 \u043d\u0430\u0431\u043e\u0440 \u201c\u0416\u0435\u043c\u0447\u0443\u0436\u0438\u043d\u0430 \u0414\u0440\u0430\u043a\u043e\u043d\u0430\u201d \u0441\u0442\u0430\u043d\u0435\u0442 \u0438\u0434\u0435\u0430\u043b\u044c\u043d\u044b\u043c \u043f\u043e\u0434\u0430\u0440\u043a\u043e\u043c \u0434\u043b\u044f \u0442\u0435\u0445, \u043a\u0442\u043e \u0437\u0430\u0431\u043e\u0442\u0438\u0442\u0441\u044f \u043e \u0441\u0432\u043e\u0435\u043c \u0437\u0434\u043e\u0440\u043e\u0432\u044c\u0435 \u0438 \u0446\u0435\u043d\u0438\u0442 \u043d\u0430\u0442\u0443\u0440\u0430\u043b\u044c\u043d\u044b\u0435 \u043f\u0440\u043e\u0434\u0443\u043a\u0442\u044b. \u041a\u0430\u0436\u0434\u0430\u044f \u0447\u0430\u0448\u043a\u0430 \u044d\u0442\u043e\u0433\u043e \u0447\u0430\u044f \u2013 \u044d\u0442\u043e \u043d\u0435 \u043f\u0440\u043e\u0441\u0442\u043e \u0443\u0434\u043e\u0432\u043e\u043b\u044c\u0441\u0442\u0432\u0438\u0435 \u0434\u043b\u044f \u0432\u043a\u0443\u0441\u0430, \u043d\u043e \u0438 \u043d\u0430\u0441\u0442\u043e\u044f\u0449\u0438\u0439 \u043e\u0437\u0434\u043e\u0440\u043e\u0432\u0438\u0442\u0435\u043b\u044c\u043d\u044b\u0439 \u0440\u0438\u0442\u0443\u0430\u043b, \u0441\u043e\u0447\u0435\u0442\u0430\u044e\u0449\u0438\u0439 \u043c\u043d\u043e\u0433\u043e\u0432\u0435\u043a\u043e\u0432\u0443\u044e \u043c\u0443\u0434\u0440\u043e\u0441\u0442\u044c \u043a\u0438\u0442\u0430\u0439\u0441\u043a\u043e\u0439 \u0447\u0430\u0439\u043d\u043e\u0439 \u043a\u0443\u043b\u044c\u0442\u0443\u0440\u044b \u0438 \u0446\u0435\u043b\u0435\u0431\u043d\u044b\u0435 \u0441\u0432\u043e\u0439\u0441\u0442\u0432\u0430 \u043f\u0440\u0438\u0440\u043e\u0434\u044b. \u042d\u043b\u0435\u0433\u0430\u043d\u0442\u043d\u0430\u044f \u0443\u043f\u0430\u043a\u043e\u0432\u043a\u0430 \u0438 \u0432\u044b\u0441\u043e\u043a\u043e\u0435 \u043a\u0430\u0447\u0435\u0441\u0442\u0432\u043e \u0447\u0430\u044f \u043f\u043e\u0434\u0447\u0435\u0440\u043a\u043d\u0443\u0442 \u0432\u0430\u0448\u0435 \u0432\u043d\u0438\u043c\u0430\u043d\u0438\u0435 \u0438 \u0437\u0430\u0431\u043e\u0442\u0443 \u043e \u0431\u043b\u0438\u0437\u043a\u043e\u043c \u0447\u0435\u043b\u043e\u0432\u0435\u043a\u0435.  <\/p>\n<p>\u0412 \u043a\u043e\u0440\u043e\u0431\u043a\u0435 \u2014 18 \u0447\u0430\u0439\u043d\u044b\u0445 \u0431\u0443\u0441\u0438\u043d \u0440\u0443\u0447\u043d\u043e\u0439 \u0440\u0430\u0431\u043e\u0442\u044b, \u043a\u0430\u0436\u0434\u0430\u044f \u0438\u0437 \u043a\u043e\u0442\u043e\u0440\u044b\u0445 \u0441\u043e\u0441\u0442\u043e\u0438\u0442 \u0438\u0437 \u0448\u0435\u043d \u043f\u0443\u044d\u0440\u0430 \u0438 \u043d\u0430\u0442\u0443\u0440\u0430\u043b\u044c\u043d\u043e\u0433\u043e \u0446\u0432\u0435\u0442\u043a\u0430:<\/p>\n<ul>\n<li>Pion<\/li>\n<li>Trandafir<\/li>\n<li>Jasmine<\/li>\n<li>Crin<\/li>\n<li>\u0425\u0440\u0438\u0437\u0430\u043d\u0442\u0435\u043c\u0430<\/li>\n<li>Crizantema Galben\u0103<\/li>\n<\/ul>\n<p><strong>\u0420\u043e\u0437\u0430<\/strong> \u0430\u0441\u0441\u043e\u0446\u0438\u0438\u0440\u0443\u0435\u0442\u0441\u044f \u0441 \u043b\u044e\u0431\u043e\u0432\u044c\u044e \u0438 \u0437\u0430\u0431\u043e\u0442\u043e\u0439, <strong>\u0436\u0430\u0441\u043c\u0438\u043d<\/strong> \u2014 \u0441 \u0433\u0430\u0440\u043c\u043e\u043d\u0438\u0435\u0439, <strong>\u043f\u0438\u043e\u043d<\/strong> \u0441\u0438\u043c\u0432\u043e\u043b\u0438\u0437\u0438\u0440\u0443\u0435\u0442 \u0434\u043e\u0441\u0442\u0430\u0442\u043e\u043a, <strong>\u043b\u0438\u043b\u0438\u044f<\/strong> \u043e\u043b\u0438\u0446\u0435\u0442\u0432\u043e\u0440\u044f\u0435\u0442 \u0447\u0438\u0441\u0442\u043e\u0442\u0443, \u0430 <strong>\u0445\u0440\u0438\u0437\u0430\u043d\u0442\u0435\u043c\u0430<\/strong> \u0441\u0447\u0438\u0442\u0430\u0435\u0442\u0441\u044f \u0437\u043d\u0430\u043a\u043e\u043c \u0434\u043e\u043b\u0433\u043e\u043b\u0435\u0442\u0438\u044f \u0438 \u0432\u043d\u0443\u0442\u0440\u0435\u043d\u043d\u0435\u0433\u043e \u0441\u043f\u043e\u043a\u043e\u0439\u0441\u0442\u0432\u0438\u044f. \u0422\u0430\u043a\u043e\u0439 \u043d\u0430\u0431\u043e\u0440 \u043d\u0435\u0441\u0451\u0442 \u043d\u0435 \u0442\u043e\u043b\u044c\u043a\u043e \u0432\u043a\u0443\u0441, \u043d\u043e \u0438 \u0441\u043c\u044b\u0441\u043b \u2014 \u043f\u043e\u044d\u0442\u043e\u043c\u0443 \u043e\u043d \u0441\u0442\u0430\u043b \u043e\u0434\u043d\u0438\u043c \u0438\u0437 \u0441\u0430\u043c\u044b\u0445 \u043f\u043e\u043f\u0443\u043b\u044f\u0440\u043d\u044b\u0445 \u043f\u043e\u0434\u0430\u0440\u043a\u043e\u0432. <\/p>\n<p>\u041a\u0430\u0436\u0434\u044b\u0439 \u0432\u043a\u0443\u0441 \u043f\u043e\u0432\u0442\u043e\u0440\u044f\u0435\u0442\u0441\u044f \u0442\u0440\u0438\u0436\u0434\u044b \u2014 \u0443\u0434\u043e\u0431\u043d\u043e \u0434\u043b\u044f \u0443\u0433\u043e\u0449\u0435\u043d\u0438\u044f \u0433\u043e\u0441\u0442\u0435\u0439 \u0438\u043b\u0438 \u0432\u044b\u0431\u043e\u0440\u0430 \u043b\u044e\u0431\u0438\u043c\u043e\u0433\u043e \u0430\u0440\u043e\u043c\u0430\u0442\u0430.<\/p>\n<p>\u0416\u0435\u043c\u0447\u0443\u0436\u0438\u043d\u0430 \u0414\u0440\u0430\u043a\u043e\u043d\u0430 \u0438\u0437\u0432\u0435\u0441\u0442\u043d\u0430 \u043c\u044f\u0433\u043a\u0438\u043c \u0442\u043e\u043d\u0438\u0437\u0438\u0440\u0443\u044e\u0449\u0438\u043c \u044d\u0444\u0444\u0435\u043a\u0442\u043e\u043c, \u0443\u043b\u0443\u0447\u0448\u0435\u043d\u0438\u0435\u043c \u043f\u0438\u0449\u0435\u0432\u0430\u0440\u0435\u043d\u0438\u044f \u0438 \u043b\u0451\u0433\u043a\u0438\u043c \u0434\u0435\u0442\u043e\u043a\u0441-\u0434\u0435\u0439\u0441\u0442\u0432\u0438\u0435\u043c. \u0426\u0432\u0435\u0442\u043e\u0447\u043d\u044b\u0435 \u043a\u043e\u043c\u043f\u043e\u043d\u0435\u043d\u0442\u044b \u0443\u0441\u0438\u043b\u0438\u0432\u0430\u044e\u0442 \u0430\u0440\u043e\u043c\u0430\u0442, \u0443\u0441\u043f\u043e\u043a\u0430\u0438\u0432\u0430\u044e\u0442 \u043d\u0435\u0440\u0432\u043d\u0443\u044e \u0441\u0438\u0441\u0442\u0435\u043c\u0443 \u0438 \u0441\u043e\u0437\u0434\u0430\u044e\u0442 \u0430\u0442\u043c\u043e\u0441\u0444\u0435\u0440\u0443 \u0443\u044e\u0442\u0430. \u042d\u0442\u043e\u0442 \u0447\u0430\u0439 \u2014 \u043d\u0435 \u043f\u0440\u043e\u0441\u0442\u043e \u043d\u0430\u043f\u0438\u0442\u043e\u043a, \u0430 \u0440\u0438\u0442\u0443\u0430\u043b \u0440\u0430\u0441\u0441\u043b\u0430\u0431\u043b\u0435\u043d\u0438\u044f.  <\/p>\n","protected":false},"featured_media":12398,"comment_status":"open","ping_status":"closed","template":"","meta":[],"product_brand":[],"product_cat":[341],"product_tag":[],"class_list":{"0":"post-14432","1":"product","2":"type-product","3":"status-publish","4":"has-post-thumbnail","6":"product_cat-svyazanyj-chaj","8":"first","9":"instock","10":"shipping-taxable","11":"purchasable","12":"product-type-simple"},"_links":{"self":[{"href":"https:\/\/tea-shop.md\/ro\/wp-json\/wp\/v2\/product\/14432","targetHints":{"allow":["GET"]}}],"collection":[{"href":"https:\/\/tea-shop.md\/ro\/wp-json\/wp\/v2\/product"}],"about":[{"href":"https:\/\/tea-shop.md\/ro\/wp-json\/wp\/v2\/types\/product"}],"replies":[{"embeddable":true,"href":"https:\/\/tea-shop.md\/ro\/wp-json\/wp\/v2\/comments?post=14432"}],"version-history":[{"count":1,"href":"https:\/\/tea-shop.md\/ro\/wp-json\/wp\/v2\/product\/14432\/revisions"}],"predecessor-version":[{"id":14898,"href":"https:\/\/tea-shop.md\/ro\/wp-json\/wp\/v2\/product\/14432\/revisions\/14898"}],"wp:featuredmedia":[{"embeddable":true,"href":"https:\/\/tea-shop.md\/ro\/wp-json\/wp\/v2\/media\/12398"}],"wp:attachment":[{"href":"https:\/\/tea-shop.md\/ro\/wp-json\/wp\/v2\/media?parent=14432"}],"wp:term":[{"taxonomy":"product_brand","embeddable":true,"href":"https:\/\/tea-shop.md\/ro\/wp-json\/wp\/v2\/product_brand?post=14432"},{"taxonomy":"product_cat","embeddable":true,"href":"https:\/\/tea-shop.md\/ro\/wp-json\/wp\/v2\/product_cat?post=14432"},{"taxonomy":"product_tag","embeddable":true,"href":"https:\/\/tea-shop.md\/ro\/wp-json\/wp\/v2\/product_tag?post=14432"}],"curies":[{"name":"wp","href":"https:\/\/api.w.org\/{rel}","templated":true}]}}