{"id":14434,"date":"2025-12-09T22:58:59","date_gmt":"2025-12-09T20:58:59","guid":{"rendered":"https:\/\/tea-shop.md\/product\/milkjunshan\/"},"modified":"2026-03-31T21:13:10","modified_gmt":"2026-03-31T18:13:10","slug":"milkjunshan","status":"publish","type":"product","link":"https:\/\/tea-shop.md\/ro\/produs\/milkjunshan\/","title":{"rendered":"MilkJunshan"},"content":{"rendered":"<p>Un ceai verde \u00eenrudit care, atunci c\u00e2nd este preparat, se deschide sub forma unei flori cu un amarant \u00een interior.<\/p>\n<p>Acest ceai verde legat este ideal pentru cei care apreciaz\u0103 arome rafinate \u0219i neobi\u0219nuite \u0219i doresc s\u0103 \u00eencerce ceva nou \u0219i interesant \u00een lumea ceaiului. &#8222;Milk Junshan&#8221; va mul\u021bumi cu siguran\u021b\u0103 cu caracterul s\u0103u unic \u0219i va l\u0103sa impresii vii tuturor celor care decid s\u0103-l \u00eencerce. <\/p>\n<p>Infuzia preparat\u0103 are o arom\u0103 l\u0103ptoas\u0103 pl\u0103cut\u0103 \u0219i un gust cremos delicat, care \u00eenmoaie \u00een\u021bep\u0103tura tradi\u021bional\u0103 a ceaiului verde, f\u0103c\u00e2ndu-l deosebit de atractiv pentru iubitorii de arome moi \u0219i cremoase. Aroma ceaiului este u\u0219or dulce, cu o u\u0219oar\u0103 not\u0103 fructat\u0103. <\/p>\n<p>Pentru prepararea berii, lu\u0103m o floare pe 1 litru de ap\u0103 fierbinte 80-85 CP, insist\u0103m timp de 3-5 minute pentru a ob\u021bine o b\u0103utur\u0103 cu un gust delicat. Pentru pl\u0103cerea estetic\u0103, se recomand\u0103 utilizarea unui ceainic de sticl\u0103. Poate rezista la mai multe beri.  <\/p>\n","protected":false},"excerpt":{"rendered":"<p>Un ceai verde \u00eenrudit care, atunci c\u00e2nd este preparat, se deschide sub forma unei flori cu un amarant \u00een interior.<\/p>\n","protected":false},"featured_media":13215,"comment_status":"open","ping_status":"closed","template":"","meta":[],"product_brand":[],"product_cat":[341],"product_tag":[],"class_list":{"0":"post-14434","1":"product","2":"type-product","3":"status-publish","4":"has-post-thumbnail","6":"product_cat-svyazanyj-chaj","8":"first","9":"instock","10":"shipping-taxable","11":"purchasable","12":"product-type-simple"},"_links":{"self":[{"href":"https:\/\/tea-shop.md\/ro\/wp-json\/wp\/v2\/product\/14434","targetHints":{"allow":["GET"]}}],"collection":[{"href":"https:\/\/tea-shop.md\/ro\/wp-json\/wp\/v2\/product"}],"about":[{"href":"https:\/\/tea-shop.md\/ro\/wp-json\/wp\/v2\/types\/product"}],"replies":[{"embeddable":true,"href":"https:\/\/tea-shop.md\/ro\/wp-json\/wp\/v2\/comments?post=14434"}],"version-history":[{"count":1,"href":"https:\/\/tea-shop.md\/ro\/wp-json\/wp\/v2\/product\/14434\/revisions"}],"predecessor-version":[{"id":14897,"href":"https:\/\/tea-shop.md\/ro\/wp-json\/wp\/v2\/product\/14434\/revisions\/14897"}],"wp:featuredmedia":[{"embeddable":true,"href":"https:\/\/tea-shop.md\/ro\/wp-json\/wp\/v2\/media\/13215"}],"wp:attachment":[{"href":"https:\/\/tea-shop.md\/ro\/wp-json\/wp\/v2\/media?parent=14434"}],"wp:term":[{"taxonomy":"product_brand","embeddable":true,"href":"https:\/\/tea-shop.md\/ro\/wp-json\/wp\/v2\/product_brand?post=14434"},{"taxonomy":"product_cat","embeddable":true,"href":"https:\/\/tea-shop.md\/ro\/wp-json\/wp\/v2\/product_cat?post=14434"},{"taxonomy":"product_tag","embeddable":true,"href":"https:\/\/tea-shop.md\/ro\/wp-json\/wp\/v2\/product_tag?post=14434"}],"curies":[{"name":"wp","href":"https:\/\/api.w.org\/{rel}","templated":true}]}}