{"id":14436,"date":"2025-12-10T20:09:05","date_gmt":"2025-12-10T18:09:05","guid":{"rendered":"https:\/\/tea-shop.md\/product\/noaptea-cleopatrei-negru\/"},"modified":"2026-03-31T22:04:22","modified_gmt":"2026-03-31T19:04:22","slug":"noaptea-cleopatrei-negru","status":"publish","type":"product","link":"https:\/\/tea-shop.md\/ro\/produs\/noaptea-cleopatrei-negru\/","title":{"rendered":"Noaptea Cleopatrei (Negru)"},"content":{"rendered":"<p>Un amestec original de ceai negru \u0219i verde cu buc\u0103\u021bi de papaya, ananas, struguri, petale de trandafir, calendula \u0219i nalb\u0103.<\/p>\n<p>Amestecul combin\u0103 caracteristicile soiurilor de ceai negru \u0219i verde. Ajut\u0103 la normalizarea metabolismului, la cur\u0103\u021barea corpului de toxine, la \u00eencetinirea procesului de \u00eemb\u0103tr\u00e2nire, la \u00eent\u0103rirea sistemului imunitar \u0219i la un efect tonic. Ananasul \u0219i papaya sunt un depozit de vitamine A, C, E, B \u0219i oligoelemente necesare stabiliz\u0103rii sistemului nervos, proceselor metabolice ale organismului, antioxidan\u021bilor \u0219i \u00eentre\u021binerii tractului digestiv.  <\/p>\n<p>Infuzie preparat\u0103 cu arom\u0103 \u0219i gust u\u0219or fructat.<\/p>\n<p>Se toarn\u0103 1 linguri\u021b\u0103 de frunze de ceai \u00een ceainic. Se toarn\u0103 250 ml de ap\u0103 cald\u0103 95cc, insist\u0103 timp de 3-5 minute pentru a ob\u021bine o b\u0103utur\u0103 cu un gust delicat. <\/p>\n","protected":false},"excerpt":{"rendered":"<p>Un amestec original de ceai negru \u0219i verde cu buc\u0103\u021bi de papaya, ananas, struguri, petale de trandafir, calendula \u0219i nalb\u0103.<\/p>\n","protected":false},"featured_media":14332,"comment_status":"open","ping_status":"closed","template":"","meta":[],"product_brand":[],"product_cat":[335],"product_tag":[],"class_list":{"0":"post-14436","1":"product","2":"type-product","3":"status-publish","4":"has-post-thumbnail","6":"product_cat-kupazh","8":"first","9":"instock","10":"shipping-taxable","11":"purchasable","12":"product-type-variable","13":"has-default-attributes"},"_links":{"self":[{"href":"https:\/\/tea-shop.md\/ro\/wp-json\/wp\/v2\/product\/14436","targetHints":{"allow":["GET"]}}],"collection":[{"href":"https:\/\/tea-shop.md\/ro\/wp-json\/wp\/v2\/product"}],"about":[{"href":"https:\/\/tea-shop.md\/ro\/wp-json\/wp\/v2\/types\/product"}],"replies":[{"embeddable":true,"href":"https:\/\/tea-shop.md\/ro\/wp-json\/wp\/v2\/comments?post=14436"}],"version-history":[{"count":1,"href":"https:\/\/tea-shop.md\/ro\/wp-json\/wp\/v2\/product\/14436\/revisions"}],"predecessor-version":[{"id":14952,"href":"https:\/\/tea-shop.md\/ro\/wp-json\/wp\/v2\/product\/14436\/revisions\/14952"}],"wp:featuredmedia":[{"embeddable":true,"href":"https:\/\/tea-shop.md\/ro\/wp-json\/wp\/v2\/media\/14332"}],"wp:attachment":[{"href":"https:\/\/tea-shop.md\/ro\/wp-json\/wp\/v2\/media?parent=14436"}],"wp:term":[{"taxonomy":"product_brand","embeddable":true,"href":"https:\/\/tea-shop.md\/ro\/wp-json\/wp\/v2\/product_brand?post=14436"},{"taxonomy":"product_cat","embeddable":true,"href":"https:\/\/tea-shop.md\/ro\/wp-json\/wp\/v2\/product_cat?post=14436"},{"taxonomy":"product_tag","embeddable":true,"href":"https:\/\/tea-shop.md\/ro\/wp-json\/wp\/v2\/product_tag?post=14436"}],"curies":[{"name":"wp","href":"https:\/\/api.w.org\/{rel}","templated":true}]}}