{"id":14440,"date":"2025-12-09T21:49:18","date_gmt":"2025-12-09T19:49:18","guid":{"rendered":"https:\/\/tea-shop.md\/product\/caleidoscopul\/"},"modified":"2026-03-31T19:12:23","modified_gmt":"2026-03-31T16:12:23","slug":"caleidoscopul","status":"publish","type":"product","link":"https:\/\/tea-shop.md\/ro\/produs\/caleidoscopul\/","title":{"rendered":"Caleidoscopul"},"content":{"rendered":"<p>Un amestec luminos de ceai negru \u0219i verde cu hibiscus, petale de floarea-soarelui, floarea-soarelui \u0219i trandafir, buc\u0103\u021bi de smochine, coji de portocale \u0219i fructe de afine. Infuzia preparat\u0103 impresioneaz\u0103 prin aroma fructat\u0103 \u0219i aroma de fructe de p\u0103dure. <\/p>\n<p>Se toarn\u0103 1 linguri\u021b\u0103 de frunze de ceai \u00een ceainic. Se toarn\u0103 250 ml de ap\u0103 cald\u0103 95cc, insist\u0103 timp de 3-5 minute pentru a ob\u021bine o b\u0103utur\u0103 cu un gust delicat. <\/p>\n","protected":false},"excerpt":{"rendered":"<p>Un amestec luminos de ceai negru \u0219i verde cu hibiscus, petale de floarea-soarelui, floarea-soarelui \u0219i trandafir, buc\u0103\u021bi de smochine, coji<\/p>\n","protected":false},"featured_media":11911,"comment_status":"open","ping_status":"closed","template":"","meta":[],"product_brand":[],"product_cat":[335],"product_tag":[],"class_list":{"0":"post-14440","1":"product","2":"type-product","3":"status-publish","4":"has-post-thumbnail","6":"product_cat-kupazh","8":"first","9":"instock","10":"shipping-taxable","11":"purchasable","12":"product-type-variable","13":"has-default-attributes"},"_links":{"self":[{"href":"https:\/\/tea-shop.md\/ro\/wp-json\/wp\/v2\/product\/14440","targetHints":{"allow":["GET"]}}],"collection":[{"href":"https:\/\/tea-shop.md\/ro\/wp-json\/wp\/v2\/product"}],"about":[{"href":"https:\/\/tea-shop.md\/ro\/wp-json\/wp\/v2\/types\/product"}],"replies":[{"embeddable":true,"href":"https:\/\/tea-shop.md\/ro\/wp-json\/wp\/v2\/comments?post=14440"}],"version-history":[{"count":1,"href":"https:\/\/tea-shop.md\/ro\/wp-json\/wp\/v2\/product\/14440\/revisions"}],"predecessor-version":[{"id":14852,"href":"https:\/\/tea-shop.md\/ro\/wp-json\/wp\/v2\/product\/14440\/revisions\/14852"}],"wp:featuredmedia":[{"embeddable":true,"href":"https:\/\/tea-shop.md\/ro\/wp-json\/wp\/v2\/media\/11911"}],"wp:attachment":[{"href":"https:\/\/tea-shop.md\/ro\/wp-json\/wp\/v2\/media?parent=14440"}],"wp:term":[{"taxonomy":"product_brand","embeddable":true,"href":"https:\/\/tea-shop.md\/ro\/wp-json\/wp\/v2\/product_brand?post=14440"},{"taxonomy":"product_cat","embeddable":true,"href":"https:\/\/tea-shop.md\/ro\/wp-json\/wp\/v2\/product_cat?post=14440"},{"taxonomy":"product_tag","embeddable":true,"href":"https:\/\/tea-shop.md\/ro\/wp-json\/wp\/v2\/product_tag?post=14440"}],"curies":[{"name":"wp","href":"https:\/\/api.w.org\/{rel}","templated":true}]}}