{"id":14444,"date":"2025-12-09T21:49:17","date_gmt":"2025-12-09T19:49:17","guid":{"rendered":"https:\/\/tea-shop.md\/product\/pepene-galben-suculent\/"},"modified":"2026-03-31T19:11:38","modified_gmt":"2026-03-31T16:11:38","slug":"pepene-galben-suculent","status":"publish","type":"product","link":"https:\/\/tea-shop.md\/ro\/produs\/pepene-galben-suculent\/","title":{"rendered":"Pepene galben suculent"},"content":{"rendered":"<p>Un amestec de ceai verde \u0219i negru cu petale de floarea soarelui, trandafir \u0219i calendula. Infuzia preparat\u0103 are o arom\u0103 bogat\u0103 de pepene galben \u0219i un gust delicat de fructe. <\/p>\n<p>Se toarn\u0103 1 linguri\u021b\u0103 de frunze de ceai \u00een ceainic. Se toarn\u0103 250 ml de ap\u0103 cald\u0103 95cc, insist\u0103 timp de 3-5 minute pentru a ob\u021bine o b\u0103utur\u0103 cu un gust delicat. <\/p>\n","protected":false},"excerpt":{"rendered":"<p>Un amestec de ceai verde \u0219i negru cu petale de floarea soarelui, trandafir \u0219i calendula. Infuzia preparat\u0103 are o arom\u0103<\/p>\n","protected":false},"featured_media":11910,"comment_status":"open","ping_status":"closed","template":"","meta":[],"product_brand":[],"product_cat":[335],"product_tag":[],"class_list":{"0":"post-14444","1":"product","2":"type-product","3":"status-publish","4":"has-post-thumbnail","6":"product_cat-kupazh","8":"first","9":"instock","10":"shipping-taxable","11":"purchasable","12":"product-type-variable","13":"has-default-attributes"},"_links":{"self":[{"href":"https:\/\/tea-shop.md\/ro\/wp-json\/wp\/v2\/product\/14444","targetHints":{"allow":["GET"]}}],"collection":[{"href":"https:\/\/tea-shop.md\/ro\/wp-json\/wp\/v2\/product"}],"about":[{"href":"https:\/\/tea-shop.md\/ro\/wp-json\/wp\/v2\/types\/product"}],"replies":[{"embeddable":true,"href":"https:\/\/tea-shop.md\/ro\/wp-json\/wp\/v2\/comments?post=14444"}],"version-history":[{"count":1,"href":"https:\/\/tea-shop.md\/ro\/wp-json\/wp\/v2\/product\/14444\/revisions"}],"predecessor-version":[{"id":14850,"href":"https:\/\/tea-shop.md\/ro\/wp-json\/wp\/v2\/product\/14444\/revisions\/14850"}],"wp:featuredmedia":[{"embeddable":true,"href":"https:\/\/tea-shop.md\/ro\/wp-json\/wp\/v2\/media\/11910"}],"wp:attachment":[{"href":"https:\/\/tea-shop.md\/ro\/wp-json\/wp\/v2\/media?parent=14444"}],"wp:term":[{"taxonomy":"product_brand","embeddable":true,"href":"https:\/\/tea-shop.md\/ro\/wp-json\/wp\/v2\/product_brand?post=14444"},{"taxonomy":"product_cat","embeddable":true,"href":"https:\/\/tea-shop.md\/ro\/wp-json\/wp\/v2\/product_cat?post=14444"},{"taxonomy":"product_tag","embeddable":true,"href":"https:\/\/tea-shop.md\/ro\/wp-json\/wp\/v2\/product_tag?post=14444"}],"curies":[{"name":"wp","href":"https:\/\/api.w.org\/{rel}","templated":true}]}}