{"id":14448,"date":"2025-12-10T22:03:37","date_gmt":"2025-12-10T20:03:37","guid":{"rendered":"https:\/\/tea-shop.md\/product\/rasina-shu-puer-cu-trandafir\/"},"modified":"2026-04-01T00:03:24","modified_gmt":"2026-03-31T21:03:24","slug":"rasina-shu-puer-cu-trandafir","status":"publish","type":"product","link":"https:\/\/tea-shop.md\/ro\/produs\/rasina-shu-puer-cu-trandafir\/","title":{"rendered":"R\u0103\u0219in\u0103 Shu puer cu trandafir"},"content":{"rendered":"<p>Combina\u021bia de concentrat Shu Puer (Cha Gao) \u0219i extract din ceaiul natural Rose Mei Gui s-a dovedit a fi un ceai parfumat \u0219i energic, cu un gust multifacetic, talent pentru a oferi claritate min\u021bii \u0219i un con\u021binut ridicat de substan\u021be utile.<\/p>\n<p>Puer Mei Gui Cha Gao este bogat \u00een compu\u0219i fenolici, aminoacizi, alcaloizi \u0219i polizaharide.<\/p>\n<p>R\u0103\u0219ina Shu puer cu trandafir de ceai Mei Gui ar trebui preparat\u0103 nu numai pentru petreceri delicioase cu ceai, ci \u0219i pentru \u00eent\u0103rirea sistemului imunitar, normalizarea sistemului nervos, cur\u0103\u021barea s\u00e2ngelui \u0219i a ficatului de toxine \u0219i combaterea oboselii cronice \u0219i ie\u0219irea din st\u0103rile depresive.<\/p>\n<p>Pune\u021bi 1 bucat\u0103 de r\u0103\u0219in\u0103 \u00eentr-o cea\u0219c\u0103 sau ceainic, turna\u021bi ap\u0103 \u00eenc\u0103lzit\u0103 la 90 de grade C \u0219i a\u0219tepta\u021bi dizolvarea complet\u0103 (de obicei dureaz\u0103 c\u00e2teva minute).<\/p>\n","protected":false},"excerpt":{"rendered":"<p>\u041f\u0443\u044d\u0440 \u041c\u044d\u0439 \u0413\u0443\u0439 \u0427\u0430 \u0413\u0430\u043e \u2013 \u0441\u043e\u0447\u0435\u0442\u0430\u043d\u0438\u0435 \u043a\u043e\u043d\u0446\u0435\u043d\u0442\u0440\u0430\u0442\u0430 \u0428\u0443 \u043f\u0443\u044d\u0440\u0430 (\u0427\u0430 \u0413\u0430\u043e) \u0438 \u044d\u043a\u0441\u0442\u0440\u0430\u043a\u0442\u0430 \u043d\u0430\u0442\u0443\u0440\u0430\u043b\u044c\u043d\u043e\u0439 \u0447\u0430\u0439\u043d\u043e\u0439 \u0440\u043e\u0437\u044b \u041c\u044d\u0439 \u0413\u0443\u0439. \u041f\u043e\u043b\u0443\u0447\u0438\u043b\u0441\u044f \u0430\u0440\u043e\u043c\u0430\u0442\u043d\u044b\u0439 \u0438 \u044d\u043d\u0435\u0440\u0433\u0438\u0447\u043d\u044b\u0439 \u0447\u0430\u0439 \u0441 \u043c\u043d\u043e\u0433\u043e\u0433\u0440\u0430\u043d\u043d\u044b\u043c \u0432\u043a\u0443\u0441\u043e\u043c, \u0442\u0430\u043b\u0430\u043d\u0442\u043e\u043c \u0434\u0430\u0440\u0438\u0442\u044c \u044f\u0441\u043d\u043e\u0441\u0442\u044c \u0443\u043c\u0430 \u0438 \u0432\u044b\u0441\u043e\u043a\u0438\u043c \u0441\u043e\u0434\u0435\u0440\u0436\u0430\u043d\u0438\u0435\u043c \u043f\u043e\u043b\u0435\u0437\u043d\u044b\u0445 \u0432\u0435\u0449\u0435\u0441\u0442\u0432. <\/p>\n<p>Puer Mei Gui Cha Gao este bogat \u00een compu\u0219i fenolici, aminoacizi, alcaloizi \u0219i polizaharide.<\/p>\n<p>R\u0103\u0219ina Shu puer cu trandafir de ceai Mei Gui ar trebui preparat\u0103 nu numai pentru petreceri delicioase cu ceai, ci \u0219i pentru \u00eent\u0103rirea sistemului imunitar, normalizarea sistemului nervos, cur\u0103\u021barea s\u00e2ngelui \u0219i a ficatului de toxine \u0219i combaterea oboselii cronice \u0219i ie\u0219irea din st\u0103rile depresive.<\/p>\n<p>\u0428\u0443 \u043f\u0443\u044d\u0440 \u2013 \u0447\u0430\u0439 \u0441\u0438\u043b\u044c\u043d\u043e\u0439 \u0444\u0435\u0440\u043c\u0435\u043d\u0442\u0430\u0446\u0438\u0438, \u043d\u0430\u0441\u044b\u0449\u0435\u043d\u043d\u044b\u0439 \u0438 \u0431\u043e\u0434\u0440\u044f\u0449\u0438\u0439. \u0415\u0433\u043e \u0432\u043a\u0443\u0441 \u0437\u0430\u0432\u0438\u0441\u0438\u0442 \u043e\u0442 \u0441\u044b\u0440\u044c\u044f, \u043e\u0431\u0440\u0430\u0431\u043e\u0442\u043a\u0438 \u0438 \u0445\u0440\u0430\u043d\u0435\u043d\u0438\u044f, \u043f\u043e\u044d\u0442\u043e\u043c\u0443 \u043a\u0443\u043f\u0430\u0436\u0438 \u0440\u0430\u0437\u043d\u044b\u0445 \u043f\u0440\u043e\u0438\u0437\u0432\u043e\u0434\u0438\u0442\u0435\u043b\u0435\u0439 \u043e\u0442\u043b\u0438\u0447\u0430\u044e\u0442\u0441\u044f \u043d\u044e\u0430\u043d\u0441\u0430\u043c\u0438 \u0445\u0430\u0440\u0430\u043a\u0442\u0435\u0440\u0430. \u0417\u0430\u0432\u0430\u0440\u0438\u0432\u0430\u0439\u0442\u0435 \u0441\u043c\u043e\u0433\u0443 \u0428\u0443 \u043f\u0443\u044d\u0440\u0430 \u0432 \u043f\u0440\u043e\u0433\u0440\u0435\u0442\u043e\u0439 \u043f\u043e\u0441\u0443\u0434\u0435. \u041d\u0430\u0441\u044b\u0449\u0435\u043d\u043d\u043e\u0441\u0442\u044c \u043d\u0430\u0441\u0442\u043e\u044f \u043c\u043e\u0436\u043d\u043e \u0438\u0437\u043c\u0435\u043d\u044f\u0442\u044c \u0441\u043e\u043e\u0442\u043d\u043e\u0448\u0435\u043d\u0438\u0435\u043c \u0432\u043e\u0434\u044b \u0438 \u0447\u0430\u044f, \u0430 \u0442\u0430\u043a\u0436\u0435 \u0432\u0440\u0435\u043c\u0435\u043d\u0435\u043c \u043d\u0430\u0441\u0442\u0430\u0438\u0432\u0430\u043d\u0438\u044f. \u041d\u0435 \u0431\u043e\u0439\u0442\u0435\u0441\u044c \u044d\u043a\u0441\u043f\u0435\u0440\u0438\u043c\u0435\u043d\u0442\u0438\u0440\u043e\u0432\u0430\u0442\u044c!    <\/p>\n<p>\u0423 \u0447\u0430\u044f \u043d\u0430\u0441\u044b\u0449\u0435\u043d\u043d\u044b\u0439 \u043d\u0430\u0441\u0442\u043e\u0439 \u043a\u0430\u0448\u0442\u0430\u043d\u043e\u0432\u043e\u0433\u043e \u043e\u0442\u0442\u0435\u043d\u043a\u0430 \u0438 \u043c\u043d\u043e\u0433\u043e\u0433\u0440\u0430\u043d\u043d\u044b\u0439 \u0432\u043a\u0443\u0441 \u0441 \u043f\u0440\u0438\u044f\u0442\u043d\u043e\u0439 \u043f\u0440\u044f\u043d\u043e\u0439 \u043d\u043e\u0442\u043a\u043e\u0439.<\/p>\n<p>\u0414\u043b\u044f \u0437\u0430\u0432\u0430\u0440\u0438\u0432\u0430\u043d\u0438\u044f \u043f\u043e\u0440\u0446\u0438\u043e\u043d\u043d\u0443\u044e \u0441\u043c\u043e\u043b\u0443 \u043f\u0443\u044d\u0440\u0430 \u0437\u0430\u043b\u0438\u0432\u0430\u044e\u0442 \u0432\u043e\u0434\u043e\u0439 \u0438 \u043d\u0430\u0441\u0442\u0430\u0438\u0432\u0430\u044e\u0442 \u0434\u043e \u0440\u0430\u0441\u0442\u0432\u043e\u0440\u0435\u043d\u0438\u044f.<\/p>\n","protected":false},"featured_media":12715,"comment_status":"open","ping_status":"closed","template":"","meta":[],"product_brand":[],"product_cat":[336,338],"product_tag":[],"class_list":{"0":"post-14448","1":"product","2":"type-product","3":"status-publish","4":"has-post-thumbnail","6":"product_cat-puer","7":"product_cat-smola-puera","9":"first","10":"instock","11":"shipping-taxable","12":"purchasable","13":"product-type-simple"},"_links":{"self":[{"href":"https:\/\/tea-shop.md\/ro\/wp-json\/wp\/v2\/product\/14448","targetHints":{"allow":["GET"]}}],"collection":[{"href":"https:\/\/tea-shop.md\/ro\/wp-json\/wp\/v2\/product"}],"about":[{"href":"https:\/\/tea-shop.md\/ro\/wp-json\/wp\/v2\/types\/product"}],"replies":[{"embeddable":true,"href":"https:\/\/tea-shop.md\/ro\/wp-json\/wp\/v2\/comments?post=14448"}],"version-history":[{"count":1,"href":"https:\/\/tea-shop.md\/ro\/wp-json\/wp\/v2\/product\/14448\/revisions"}],"predecessor-version":[{"id":14993,"href":"https:\/\/tea-shop.md\/ro\/wp-json\/wp\/v2\/product\/14448\/revisions\/14993"}],"wp:featuredmedia":[{"embeddable":true,"href":"https:\/\/tea-shop.md\/ro\/wp-json\/wp\/v2\/media\/12715"}],"wp:attachment":[{"href":"https:\/\/tea-shop.md\/ro\/wp-json\/wp\/v2\/media?parent=14448"}],"wp:term":[{"taxonomy":"product_brand","embeddable":true,"href":"https:\/\/tea-shop.md\/ro\/wp-json\/wp\/v2\/product_brand?post=14448"},{"taxonomy":"product_cat","embeddable":true,"href":"https:\/\/tea-shop.md\/ro\/wp-json\/wp\/v2\/product_cat?post=14448"},{"taxonomy":"product_tag","embeddable":true,"href":"https:\/\/tea-shop.md\/ro\/wp-json\/wp\/v2\/product_tag?post=14448"}],"curies":[{"name":"wp","href":"https:\/\/api.w.org\/{rel}","templated":true}]}}