{"id":14449,"date":"2025-12-09T22:16:52","date_gmt":"2025-12-09T20:16:52","guid":{"rendered":"https:\/\/tea-shop.md\/product\/shen-puer-in-cozi-da-xue-shan\/"},"modified":"2026-03-31T21:02:39","modified_gmt":"2026-03-31T18:02:39","slug":"shen-puer-in-cozi-da-xue-shan","status":"publish","type":"product","link":"https:\/\/tea-shop.md\/ro\/produs\/shen-puer-in-cozi-da-xue-shan\/","title":{"rendered":"Shen Puer \u00een cozi &#8221; Da Xue Shan&#8221;"},"content":{"rendered":"<p>Shen puer \u00eempletit \u00een pigtails. Foarte faimos, clasic Shen puer Da Xue Shan. <\/p>\n<p>Un tip special de puer crud, \u00een care frunzele de ceai sunt r\u0103sucite manual \u00een &#8222;\u00eempletituri&#8221; sau &#8222;\u00eempletituri&#8221;, ceea ce le permite s\u0103 se coac\u0103 \u00eencet \u0219i p\u0103streaz\u0103 o arom\u0103 \u0219i un gust unic, dezv\u0103luind note erbacee proaspete, nuan\u021be florale, fum \u0219i fructe cu un gust pl\u0103cut, r\u0103coritor, ideal pentru cunosc\u0103torii energiei naturale a puerului crud preparat \u00een scurgeri..<\/p>\n<p>Tradi\u021bia de a produce puer sub form\u0103 de pigtails a ap\u0103rut \u00een Evul Mediu. \u00cen timpul dinastiei Qing, b\u0103rba\u021bilor chinezi li s-a interzis s\u0103 poarte p\u0103rul lung, cu excep\u021bia unei cozi. Pedeapsa cu moartea a fost aplicat\u0103 pentru \u00eenc\u0103lcarea acestei reguli. Atunci a ap\u0103rut \u00een China zicala &#8222;Cine are cap nu are p\u0103r, cine are p\u0103r nu are cap&#8221;.   <\/p>\n<p>Foarte gustos \u0219i parfumat. Nu intr\u0103 \u00een am\u0103r\u0103ciune \u0219i tartness. <\/p>\n<p>Caracteristica special\u0103 a Shen Puer 2011 este maturitatea \u0219i profunzimea gustului. Acest ceai a suferit un proces lung de fermentare \u0219i \u00eemb\u0103tr\u00e2nire, care i-a conferit o arom\u0103 bogat\u0103 \u0219i un gust bogat, cu note de nuan\u021be lemnoase \u0219i nuan\u021be fructate. <\/p>\n<p>Se prepar\u0103 folosind metoda de turnare: pune\u021bi 5-7 grame de ceai \u00eentr-o cea\u0219c\u0103 sau ceainic, turna\u021bi ap\u0103 clocotit\u0103 peste el \u0219i l\u0103sa\u021bi-l s\u0103 stea timp de 10 p\u00e2n\u0103 la 40 de secunde. Apoi este necesar s\u0103 scurge\u021bi infuzia, turna\u021bi din nou ap\u0103 clocotit\u0103 peste ea. Procedura de preparare a berii poate fi efectuat\u0103 de p\u00e2n\u0103 la 7 ori. Pe str\u00e2mtoarea a 4-a, ceaiul \u00ee\u0219i dezv\u0103luie pe deplin aroma \u0219i propriet\u0103\u021bile aromatice. Dac\u0103 se prepar\u0103 necorespunz\u0103tor, poate ap\u0103rea am\u0103r\u0103ciune sau tartness (de obicei cu o b\u0103utur\u0103 lung\u0103 de o b\u0103utur\u0103).    <\/p>\n<p>&nbsp;<\/p>\n<p>&nbsp;<\/p>\n<p>&nbsp;<\/p>\n<p>&nbsp;<\/p>\n","protected":false},"excerpt":{"rendered":"<p>Shen puer \u00eempletit \u00een pigtails. Foarte faimos, clasic Shen puer Da Xue Shan. Un tip special de puer crud, \u00een<\/p>\n","protected":false},"featured_media":12743,"comment_status":"open","ping_status":"closed","template":"","meta":[],"product_brand":[],"product_cat":[336,339],"product_tag":[],"class_list":{"0":"post-14449","1":"product","2":"type-product","3":"status-publish","4":"has-post-thumbnail","6":"product_cat-puer","7":"product_cat-shen-puer","9":"first","10":"instock","11":"shipping-taxable","12":"purchasable","13":"product-type-variable","14":"has-default-attributes"},"_links":{"self":[{"href":"https:\/\/tea-shop.md\/ro\/wp-json\/wp\/v2\/product\/14449","targetHints":{"allow":["GET"]}}],"collection":[{"href":"https:\/\/tea-shop.md\/ro\/wp-json\/wp\/v2\/product"}],"about":[{"href":"https:\/\/tea-shop.md\/ro\/wp-json\/wp\/v2\/types\/product"}],"replies":[{"embeddable":true,"href":"https:\/\/tea-shop.md\/ro\/wp-json\/wp\/v2\/comments?post=14449"}],"version-history":[{"count":1,"href":"https:\/\/tea-shop.md\/ro\/wp-json\/wp\/v2\/product\/14449\/revisions"}],"predecessor-version":[{"id":14885,"href":"https:\/\/tea-shop.md\/ro\/wp-json\/wp\/v2\/product\/14449\/revisions\/14885"}],"wp:featuredmedia":[{"embeddable":true,"href":"https:\/\/tea-shop.md\/ro\/wp-json\/wp\/v2\/media\/12743"}],"wp:attachment":[{"href":"https:\/\/tea-shop.md\/ro\/wp-json\/wp\/v2\/media?parent=14449"}],"wp:term":[{"taxonomy":"product_brand","embeddable":true,"href":"https:\/\/tea-shop.md\/ro\/wp-json\/wp\/v2\/product_brand?post=14449"},{"taxonomy":"product_cat","embeddable":true,"href":"https:\/\/tea-shop.md\/ro\/wp-json\/wp\/v2\/product_cat?post=14449"},{"taxonomy":"product_tag","embeddable":true,"href":"https:\/\/tea-shop.md\/ro\/wp-json\/wp\/v2\/product_tag?post=14449"}],"curies":[{"name":"wp","href":"https:\/\/api.w.org\/{rel}","templated":true}]}}