{"id":14462,"date":"2025-12-09T22:58:57","date_gmt":"2025-12-09T20:58:57","guid":{"rendered":"https:\/\/tea-shop.md\/product\/ceai-inrudit-cu-crizantema\/"},"modified":"2026-03-31T21:11:45","modified_gmt":"2026-03-31T18:11:45","slug":"ceai-inrudit-cu-crizantema","status":"publish","type":"product","link":"https:\/\/tea-shop.md\/ro\/produs\/ceai-inrudit-cu-crizantema\/","title":{"rendered":"Ceai \u00eenrudit cu crizantem\u0103"},"content":{"rendered":"<p>Acest ceai este o compozi\u021bie de ceai f\u0103cut\u0103 din frunze delicate de ceai verde \u0219i flori de crizantem\u0103. Aceast\u0103 combina\u021bie confer\u0103 ceaiului un gust \u0219i o arom\u0103 deosebite \u0219i serve\u0219te adesea ca o \u00eenc\u00e2ntare pentru gurmanzii de ceai. <\/p>\n<p>C\u00e2nd inhala\u021bi aroma acestui ceai, pute\u021bi sim\u021bi parfumul moale al florilor de crizantem\u0103, completat de tonuri de prospe\u021bime. Gustul ceaiului este bogat \u0219i echilibrat. Combin\u0103 gustul profund \u0219i de lung\u0103 durat\u0103 al ceaiului verde cu nuan\u021bele delicate dulci ale crizantemei, conferind ceaiului un gust expresiv \u0219i foarte pl\u0103cut.  <\/p>\n<p>Pentru prepararea berii, lu\u0103m o floare pe 1 litru de ap\u0103 fierbinte 80-85 CP, insist\u0103m timp de 3-5 minute pentru a ob\u021bine o b\u0103utur\u0103 cu un gust delicat. Pentru pl\u0103cerea estetic\u0103, se recomand\u0103 utilizarea unui ceainic de sticl\u0103. Poate rezista la mai multe beri.  <\/p>\n","protected":false},"excerpt":{"rendered":"<p>Acest ceai este o compozi\u021bie de ceai f\u0103cut\u0103 din frunze delicate de ceai verde \u0219i flori de crizantem\u0103. Aceast\u0103 combina\u021bie<\/p>\n","protected":false},"featured_media":13213,"comment_status":"open","ping_status":"closed","template":"","meta":[],"product_brand":[],"product_cat":[341],"product_tag":[],"class_list":{"0":"post-14462","1":"product","2":"type-product","3":"status-publish","4":"has-post-thumbnail","6":"product_cat-svyazanyj-chaj","8":"first","9":"instock","10":"shipping-taxable","11":"purchasable","12":"product-type-simple"},"_links":{"self":[{"href":"https:\/\/tea-shop.md\/ro\/wp-json\/wp\/v2\/product\/14462","targetHints":{"allow":["GET"]}}],"collection":[{"href":"https:\/\/tea-shop.md\/ro\/wp-json\/wp\/v2\/product"}],"about":[{"href":"https:\/\/tea-shop.md\/ro\/wp-json\/wp\/v2\/types\/product"}],"replies":[{"embeddable":true,"href":"https:\/\/tea-shop.md\/ro\/wp-json\/wp\/v2\/comments?post=14462"}],"version-history":[{"count":1,"href":"https:\/\/tea-shop.md\/ro\/wp-json\/wp\/v2\/product\/14462\/revisions"}],"predecessor-version":[{"id":14895,"href":"https:\/\/tea-shop.md\/ro\/wp-json\/wp\/v2\/product\/14462\/revisions\/14895"}],"wp:featuredmedia":[{"embeddable":true,"href":"https:\/\/tea-shop.md\/ro\/wp-json\/wp\/v2\/media\/13213"}],"wp:attachment":[{"href":"https:\/\/tea-shop.md\/ro\/wp-json\/wp\/v2\/media?parent=14462"}],"wp:term":[{"taxonomy":"product_brand","embeddable":true,"href":"https:\/\/tea-shop.md\/ro\/wp-json\/wp\/v2\/product_brand?post=14462"},{"taxonomy":"product_cat","embeddable":true,"href":"https:\/\/tea-shop.md\/ro\/wp-json\/wp\/v2\/product_cat?post=14462"},{"taxonomy":"product_tag","embeddable":true,"href":"https:\/\/tea-shop.md\/ro\/wp-json\/wp\/v2\/product_tag?post=14462"}],"curies":[{"name":"wp","href":"https:\/\/api.w.org\/{rel}","templated":true}]}}