{"id":14464,"date":"2025-12-09T22:58:55","date_gmt":"2025-12-09T20:58:55","guid":{"rendered":"https:\/\/tea-shop.md\/product\/yun-xi\/"},"modified":"2026-03-31T21:10:04","modified_gmt":"2026-03-31T18:10:04","slug":"yun-xi","status":"publish","type":"product","link":"https:\/\/tea-shop.md\/ro\/produs\/yun-xi\/","title":{"rendered":"Yun Xi"},"content":{"rendered":"<p style=\"margin: 0cm; margin-bottom: .0001pt; text-align: justify; text-indent: 35.4pt;\">Ceai verde legat cu lavand\u0103 \u0219i crin, care \u00ee\u0219i prezint\u0103 bilele de la muguri tineri cu dou\u0103 frunze, r\u0103sucite manual. C\u00e2nd se prepar\u0103, frunzele de ceai se \u00eendreapt\u0103, umpl\u00e2nd fierb\u0103torul cu o culoare verde-auriu deschis. <\/p>\n<p style=\"margin: 0cm; margin-bottom: .0001pt; text-align: justify; text-indent: 35.4pt;\">Ceaiul Yun Xi are o arom\u0103 bogat\u0103 de citrice,care ofer\u0103 pl\u0103cere \u0219i pl\u0103cere procesului de consum. Gustul r\u0103coritor al ceaiului verde asociat cu flori de crin \u0219i lavand\u0103 este probabil s\u0103 adauge unicitate \u0219i u\u0219urin\u021b\u0103 b\u0103uturii. Ceaiul verde este cunoscut pentru propriet\u0103\u021bile sale antioxidante, care pot ajuta la combaterea radicalilor liberi \u0219i la \u00eent\u0103rirea sistemului imunitar.  <\/p>\n<p>Pentru prepararea berii, lu\u0103m o floare pe 1 litru de ap\u0103 fierbinte 80-85 CP, insist\u0103m timp de 3-5 minute pentru a ob\u021bine o b\u0103utur\u0103 cu un gust delicat. Pentru pl\u0103cerea estetic\u0103, se recomand\u0103 utilizarea unui ceainic de sticl\u0103. Poate rezista la mai multe beri.  <\/p>\n","protected":false},"excerpt":{"rendered":"<p style=\"margin: 0cm;margin-bottom: .0001pt;text-align: justify;text-indent: 35.4pt\">Ceai verde legat cu lavand\u0103 \u0219i crin, care \u00ee\u0219i prezint\u0103 bilele de la muguri tineri cu dou\u0103 frunze, r\u0103sucite manual. C\u00e2nd se prepar\u0103, frunzele de ceai se \u00eendreapt\u0103, umpl\u00e2nd fierb\u0103torul cu o culoare verde-auriu deschis. <\/p>\n<p style=\"margin: 0cm;margin-bottom: .0001pt;text-align: justify;text-indent: 35.4pt\">\u0427\u0430\u0439 &#8222;\u042e\u043d \u0421\u0438&#8221; \u043e\u0431\u043b\u0430\u0434\u0430\u0435\u0442 \u043d\u0430\u0441\u044b\u0449\u0435\u043d\u043d\u044b\u043c \u0446\u0438\u0442\u0440\u0443\u0441\u043e\u0432\u044b\u043c \u0430\u0440\u043e\u043c\u0430\u0442\u043e\u043c, \u043a\u043e\u0442\u043e\u0440\u044b\u0439 \u043f\u0440\u0438\u0434\u0430\u0435\u0442 \u043d\u0430\u0441\u043b\u0430\u0436\u0434\u0435\u043d\u0438\u0435 \u0438 \u0443\u0434\u043e\u0432\u043e\u043b\u044c\u0441\u0442\u0432\u0438\u0435 \u043e\u0442 \u043f\u0440\u043e\u0446\u0435\u0441\u0441\u0430 \u0435\u0433\u043e \u0443\u043f\u043e\u0442\u0440\u0435\u0431\u043b\u0435\u043d\u0438\u044f. \u041e\u0441\u0432\u0435\u0436\u0430\u044e\u0449\u0438\u0439 \u0432\u043a\u0443\u0441 \u0441\u0432\u044f\u0437\u0430\u043d\u043d\u043e\u0433\u043e \u0437\u0435\u043b\u0435\u043d\u043e\u0433\u043e \u0447\u0430\u044f \u0441 \u0446\u0432\u0435\u0442\u0430\u043c\u0438 \u043b\u0438\u043b\u0438\u0438 \u0438 \u043b\u0430\u0432\u0430\u043d\u0434\u044b, \u0432\u0435\u0440\u043e\u044f\u0442\u043d\u043e, \u043f\u0440\u0438\u0434\u0430\u0441\u0442 \u043d\u0430\u043f\u0438\u0442\u043a\u0443 \u043d\u0435\u043f\u043e\u0432\u0442\u043e\u0440\u0438\u043c\u043e\u0441\u0442\u044c \u0438 \u043b\u0435\u0433\u043a\u043e\u0441\u0442\u044c. \u0417\u0435\u043b\u0435\u043d\u044b\u0439 \u0447\u0430\u0439 \u0438\u0437\u0432\u0435\u0441\u0442\u0435\u043d \u0441\u0432\u043e\u0438\u043c\u0438 \u0430\u043d\u0442\u0438\u043e\u043a\u0441\u0438\u0434\u0430\u043d\u0442\u043d\u044b\u043c\u0438 \u0441\u0432\u043e\u0439\u0441\u0442\u0432\u0430\u043c\u0438, \u043a\u043e\u0442\u043e\u0440\u044b\u0435 \u043c\u043e\u0433\u0443\u0442 \u043f\u043e\u043c\u043e\u0433\u0430\u0442\u044c \u0431\u043e\u0440\u043e\u0442\u044c\u0441\u044f \u0441 \u0441\u0432\u043e\u0431\u043e\u0434\u043d\u044b\u043c\u0438 \u0440\u0430\u0434\u0438\u043a\u0430\u043b\u0430\u043c\u0438 \u0438 \u0443\u043a\u0440\u0435\u043f\u043b\u044f\u0442\u044c \u0438\u043c\u043c\u0443\u043d\u043d\u0443\u044e \u0441\u0438\u0441\u0442\u0435\u043c\u0443.  <\/p>\n","protected":false},"featured_media":13217,"comment_status":"open","ping_status":"closed","template":"","meta":[],"product_brand":[],"product_cat":[341],"product_tag":[],"class_list":{"0":"post-14464","1":"product","2":"type-product","3":"status-publish","4":"has-post-thumbnail","6":"product_cat-svyazanyj-chaj","8":"first","9":"instock","10":"shipping-taxable","11":"purchasable","12":"product-type-simple"},"_links":{"self":[{"href":"https:\/\/tea-shop.md\/ro\/wp-json\/wp\/v2\/product\/14464","targetHints":{"allow":["GET"]}}],"collection":[{"href":"https:\/\/tea-shop.md\/ro\/wp-json\/wp\/v2\/product"}],"about":[{"href":"https:\/\/tea-shop.md\/ro\/wp-json\/wp\/v2\/types\/product"}],"replies":[{"embeddable":true,"href":"https:\/\/tea-shop.md\/ro\/wp-json\/wp\/v2\/comments?post=14464"}],"version-history":[{"count":1,"href":"https:\/\/tea-shop.md\/ro\/wp-json\/wp\/v2\/product\/14464\/revisions"}],"predecessor-version":[{"id":14892,"href":"https:\/\/tea-shop.md\/ro\/wp-json\/wp\/v2\/product\/14464\/revisions\/14892"}],"wp:featuredmedia":[{"embeddable":true,"href":"https:\/\/tea-shop.md\/ro\/wp-json\/wp\/v2\/media\/13217"}],"wp:attachment":[{"href":"https:\/\/tea-shop.md\/ro\/wp-json\/wp\/v2\/media?parent=14464"}],"wp:term":[{"taxonomy":"product_brand","embeddable":true,"href":"https:\/\/tea-shop.md\/ro\/wp-json\/wp\/v2\/product_brand?post=14464"},{"taxonomy":"product_cat","embeddable":true,"href":"https:\/\/tea-shop.md\/ro\/wp-json\/wp\/v2\/product_cat?post=14464"},{"taxonomy":"product_tag","embeddable":true,"href":"https:\/\/tea-shop.md\/ro\/wp-json\/wp\/v2\/product_tag?post=14464"}],"curies":[{"name":"wp","href":"https:\/\/api.w.org\/{rel}","templated":true}]}}