{"id":14465,"date":"2025-12-10T21:50:36","date_gmt":"2025-12-10T19:50:36","guid":{"rendered":"https:\/\/tea-shop.md\/product\/ceaiul-carpatic-parfumat\/"},"modified":"2026-04-01T00:01:58","modified_gmt":"2026-03-31T21:01:58","slug":"ceaiul-carpatic-parfumat","status":"publish","type":"product","link":"https:\/\/tea-shop.md\/ro\/produs\/ceaiul-carpatic-parfumat\/","title":{"rendered":"Ceaiul carpatic &#8222;Parfumat&#8221;"},"content":{"rendered":"<p>Amestec Natural de plante din Carpa\u021bii ucraineni!<\/p>\n<p><span dir=\"auto\">\ud83c\udf3f<\/span><strong><span dir=\"auto\">Compozi\u021bia ceaiului:<\/span><\/strong><\/p>\n<ul>\n<li>Melissa-ofer\u0103 un efect calmant \u0219i \u00eembun\u0103t\u0103\u021be\u0219te starea de spirit, ajut\u0103 la stres \u0219i anxietate.<\/li>\n<li>Cimbru-intareste sistemul imunitar, imbunatateste digestia si are efect antibacterian.<\/li>\n<li>Blackberry-ofer\u0103 o arom\u0103 delicat\u0103 \u0219i are propriet\u0103\u021bi benefice pentru inim\u0103 \u0219i vasele de s\u00e2nge.<\/li>\n<li>Menta re\u00eemprosp\u0103teaz\u0103 \u0219i amelioreaz\u0103 crampele, promoveaz\u0103 o digestie mai bun\u0103 \u0219i \u00eembun\u0103t\u0103\u021be\u0219te bun\u0103starea.<\/li>\n<li>Culoarea p\u0103ducelului-\u00eent\u0103re\u0219te sistemul cardiovascular \u0219i ajut\u0103 la tulbur\u0103rile nervoase.<\/li>\n<li>Acacia &#8211; are propriet\u0103\u021bi calmante \u0219i antiinflamatorii, confer\u0103 ceaiului u\u0219urin\u021b\u0103 \u0219i arom\u0103 pl\u0103cut\u0103.<\/li>\n<\/ul>\n<p><span dir=\"auto\">\ud83c\udf3c<\/span><strong><span dir=\"auto\">Propriet\u0103\u021bi utile:<\/span><\/strong><\/p>\n<ul>\n<li><span dir=\"auto\">\u00cembun\u0103t\u0103\u021be\u0219te tonul general al corpului.<\/span><\/li>\n<li><span dir=\"auto\">Promoveaz\u0103 relaxarea \u0219i \u00eembun\u0103t\u0103\u021be\u0219te starea de spirit.<\/span><\/li>\n<li><span dir=\"auto\">Sprijin\u0103 s\u0103n\u0103tatea sistemului cardiovascular.<\/span><\/li>\n<li><span dir=\"auto\">Ajut\u0103 la stres \u0219i tulbur\u0103ri nervoase.<\/span><\/li>\n<li><span dir=\"auto\">Amelioreaz\u0103 perfect oboseala \u0219i d\u0103 o senza\u021bie de prospe\u021bime.<\/span><\/li>\n<\/ul>\n<p><span dir=\"auto\">\ud83c\udf31 Utilizare antic\u0103: str\u0103mo\u0219ii no\u0219tri din Carpa\u021bi foloseau aceste ierburi nu numai pentru vindecare, ci \u0219i pentru a crea infuzii magice care aduceau armonie \u0219i pace sufletului. Balsamul de l\u0103m\u00e2ie, cimbru, ment\u0103 \u0219i po\u021biunea de p\u0103ducel au fost un element important \u00een \u00eengrijirea tradi\u021bional\u0103 a s\u0103n\u0103t\u0103\u021bii, ajut\u00e2nd la men\u021binerea bun\u0103st\u0103rii fizice \u0219i emo\u021bionale. Aromele acestor ierburi sunt familiare multor oameni \u00eenc\u0103 din copil\u0103rie, deoarece umpleau aerul vara c\u00e2nd ne plimbam prin paji\u0219ti sau st\u0103team l\u00e2ng\u0103 \u0219emineu \u00een serile r\u0103coroase.<\/span><\/p>\n<p><span dir=\"auto\">\ud83d\udca7 <\/span><strong><span dir=\"auto\">Cum s\u0103 g\u0103te\u0219ti:<\/span><\/strong><\/p>\n<ul>\n<li><span dir=\"auto\">1 lingur\u0103 de ceai la 200 ml ap\u0103 clocotit\u0103.<\/span><\/li>\n<li><span dir=\"auto\">Infuza\u021bi timp de 10-15 minute pentru a dezv\u0103lui toate aromele.<\/span><\/li>\n<li><span dir=\"auto\">Be\u021bi ceai, bucur\u00e2ndu-v\u0103 de gustul \u0219i aroma delicioas\u0103, care v\u0103 duce \u00een inima Carpa\u021bilor.<\/span><\/li>\n<\/ul>\n<p>Pachet de artizanat de 80 de grame.<br \/>\nProdus: preparat 100% natural pe baz\u0103 de plante, f\u0103r\u0103 arome \u0219i impurit\u0103\u021bi.<br \/>\nOrigine: recoltat manual \u00eentr-o regiune curat\u0103 din punct de vedere ecologic a Carpa\u021bilor ucraineni.<\/p>\n","protected":false},"excerpt":{"rendered":"<p>Amestec Natural de plante din Carpa\u021bii ucraineni! \ud83c\udf3fCompozi\u021bia ceaiului: Melissa-ofer\u0103 un efect calmant \u0219i \u00eembun\u0103t\u0103\u021be\u0219te starea de spirit, ajut\u0103 la<\/p>\n","protected":false},"featured_media":15065,"comment_status":"open","ping_status":"closed","template":"","meta":[],"product_brand":[],"product_cat":[343],"product_tag":[],"class_list":{"0":"post-14465","1":"product","2":"type-product","3":"status-publish","4":"has-post-thumbnail","6":"product_cat-travyanoj-chaj","8":"first","9":"instock","10":"shipping-taxable","11":"purchasable","12":"product-type-simple"},"_links":{"self":[{"href":"https:\/\/tea-shop.md\/ro\/wp-json\/wp\/v2\/product\/14465","targetHints":{"allow":["GET"]}}],"collection":[{"href":"https:\/\/tea-shop.md\/ro\/wp-json\/wp\/v2\/product"}],"about":[{"href":"https:\/\/tea-shop.md\/ro\/wp-json\/wp\/v2\/types\/product"}],"replies":[{"embeddable":true,"href":"https:\/\/tea-shop.md\/ro\/wp-json\/wp\/v2\/comments?post=14465"}],"version-history":[{"count":1,"href":"https:\/\/tea-shop.md\/ro\/wp-json\/wp\/v2\/product\/14465\/revisions"}],"predecessor-version":[{"id":14992,"href":"https:\/\/tea-shop.md\/ro\/wp-json\/wp\/v2\/product\/14465\/revisions\/14992"}],"wp:featuredmedia":[{"embeddable":true,"href":"https:\/\/tea-shop.md\/ro\/wp-json\/wp\/v2\/media\/15065"}],"wp:attachment":[{"href":"https:\/\/tea-shop.md\/ro\/wp-json\/wp\/v2\/media?parent=14465"}],"wp:term":[{"taxonomy":"product_brand","embeddable":true,"href":"https:\/\/tea-shop.md\/ro\/wp-json\/wp\/v2\/product_brand?post=14465"},{"taxonomy":"product_cat","embeddable":true,"href":"https:\/\/tea-shop.md\/ro\/wp-json\/wp\/v2\/product_cat?post=14465"},{"taxonomy":"product_tag","embeddable":true,"href":"https:\/\/tea-shop.md\/ro\/wp-json\/wp\/v2\/product_tag?post=14465"}],"curies":[{"name":"wp","href":"https:\/\/api.w.org\/{rel}","templated":true}]}}