{"id":14466,"date":"2025-12-10T21:50:33","date_gmt":"2025-12-10T19:50:33","guid":{"rendered":"https:\/\/tea-shop.md\/product\/ceaiul-carpatic-hutsulsky\/"},"modified":"2026-04-01T00:01:18","modified_gmt":"2026-03-31T21:01:18","slug":"ceaiul-carpatic-hutsulsky","status":"publish","type":"product","link":"https:\/\/tea-shop.md\/ro\/produs\/ceaiul-carpatic-hutsulsky\/","title":{"rendered":"Ceaiul carpatic &#8222;Hutsulsky&#8221;"},"content":{"rendered":"<div class=\"UserContent__root--ZhQBm\">\n<p><span dir=\"auto\">O compozi\u021bie parfumat\u0103 de ierburi \u0219i fructe de p\u0103dure s\u0103lbatice din Carpa\u021bi, creat\u0103 dup\u0103 re\u021bete tradi\u021bionale. Colec\u021bia combin\u0103 prospe\u021bimea natural\u0103, gustul bl\u00e2nd \u0219i notele u\u0219oare de fructe de p\u0103dure. Este potrivit pentru utilizarea de zi cu zi ca b\u0103utur\u0103 cald\u0103.  <\/span><\/p>\n<p><strong><span dir=\"auto\">Compozi\u021bie:<\/span><\/strong><\/p>\n<ul>\n<li><span dir=\"auto\">Fireweed (Ceaiul Ivan)<\/span><\/li>\n<li><span dir=\"auto\">Yarrow<\/span><\/li>\n<li><span dir=\"auto\">Frunze De Mure<\/span><\/li>\n<li><span dir=\"auto\">Culoarea p\u0103ducelului<\/span><\/li>\n<li><span dir=\"auto\">Frunze De Ment\u0103<\/span><\/li>\n<li><span dir=\"auto\">Frunze de zmeur\u0103 din p\u0103dure<\/span><\/li>\n<li><span dir=\"auto\">Culoarea teiului<\/span><\/li>\n<\/ul>\n<p><span dir=\"auto\">Asamblat manual \u00een regiuni ecologice curate ale Carpa\u021bilor.<\/span><\/p>\n<p><strong><span dir=\"auto\">Metoda de g\u0103tit:<\/span><\/strong><br \/>\n<span dir=\"auto\">Se toarn\u0103 1-2 linguri\u021be din colec\u021bie \u00een 250 ml ap\u0103 clocotit\u0103. Se las\u0103 la infuzat 10-15 minute sub capac. Tulpina \u00eenainte de utilizare. Pute\u021bi ad\u0103uga miere sau l\u0103m\u00e2ie dup\u0103 gust.   <\/span><\/p>\n<p><strong><span dir=\"auto\">Demnit\u0103\u021bi:<\/span><\/strong><\/p>\n<ul>\n<li><span dir=\"auto\">F\u0103r\u0103 arome \u0219i aditivi<\/span><\/li>\n<li><span dir=\"auto\">Compozi\u021bie natural\u0103<\/span><\/li>\n<li><span dir=\"auto\">Combina\u021bia tradi\u021bional\u0103 de ierburi<\/span><\/li>\n<\/ul>\n<p>Pachet de artizanat de 80 de grame.<br \/>\nProdus: preparat 100% natural pe baz\u0103 de plante, f\u0103r\u0103 arome \u0219i impurit\u0103\u021bi.<br \/>\nOrigine: recoltat manual \u00eentr-o regiune curat\u0103 din punct de vedere ecologic a Carpa\u021bilor ucraineni.<\/p>\n<\/div>\n","protected":false},"excerpt":{"rendered":"<p>O compozi\u021bie parfumat\u0103 de ierburi \u0219i fructe de p\u0103dure s\u0103lbatice din Carpa\u021bi, creat\u0103 dup\u0103 re\u021bete tradi\u021bionale. Colec\u021bia combin\u0103 prospe\u021bimea natural\u0103,<\/p>\n","protected":false},"featured_media":15069,"comment_status":"open","ping_status":"closed","template":"","meta":[],"product_brand":[],"product_cat":[343],"product_tag":[],"class_list":{"0":"post-14466","1":"product","2":"type-product","3":"status-publish","4":"has-post-thumbnail","6":"product_cat-travyanoj-chaj","8":"first","9":"instock","10":"shipping-taxable","11":"purchasable","12":"product-type-simple"},"_links":{"self":[{"href":"https:\/\/tea-shop.md\/ro\/wp-json\/wp\/v2\/product\/14466","targetHints":{"allow":["GET"]}}],"collection":[{"href":"https:\/\/tea-shop.md\/ro\/wp-json\/wp\/v2\/product"}],"about":[{"href":"https:\/\/tea-shop.md\/ro\/wp-json\/wp\/v2\/types\/product"}],"replies":[{"embeddable":true,"href":"https:\/\/tea-shop.md\/ro\/wp-json\/wp\/v2\/comments?post=14466"}],"version-history":[{"count":1,"href":"https:\/\/tea-shop.md\/ro\/wp-json\/wp\/v2\/product\/14466\/revisions"}],"predecessor-version":[{"id":14991,"href":"https:\/\/tea-shop.md\/ro\/wp-json\/wp\/v2\/product\/14466\/revisions\/14991"}],"wp:featuredmedia":[{"embeddable":true,"href":"https:\/\/tea-shop.md\/ro\/wp-json\/wp\/v2\/media\/15069"}],"wp:attachment":[{"href":"https:\/\/tea-shop.md\/ro\/wp-json\/wp\/v2\/media?parent=14466"}],"wp:term":[{"taxonomy":"product_brand","embeddable":true,"href":"https:\/\/tea-shop.md\/ro\/wp-json\/wp\/v2\/product_brand?post=14466"},{"taxonomy":"product_cat","embeddable":true,"href":"https:\/\/tea-shop.md\/ro\/wp-json\/wp\/v2\/product_cat?post=14466"},{"taxonomy":"product_tag","embeddable":true,"href":"https:\/\/tea-shop.md\/ro\/wp-json\/wp\/v2\/product_tag?post=14466"}],"curies":[{"name":"wp","href":"https:\/\/api.w.org\/{rel}","templated":true}]}}