{"id":14467,"date":"2025-12-10T21:50:33","date_gmt":"2025-12-10T19:50:33","guid":{"rendered":"https:\/\/tea-shop.md\/product\/ceai-carpatic-ceai-de-vitamine\/"},"modified":"2026-04-01T00:00:47","modified_gmt":"2026-03-31T21:00:47","slug":"ceai-carpatic-ceai-de-vitamine","status":"publish","type":"product","link":"https:\/\/tea-shop.md\/ro\/produs\/ceai-carpatic-ceai-de-vitamine\/","title":{"rendered":"Ceai carpatic &#8222;Ceai de vitamine&#8221;"},"content":{"rendered":"<p><span dir=\"auto\">\ud83c\udf3f Ceaiul de vitamine din Mun\u021bii Carpa\u021bi este o surs\u0103 natural\u0103 de s\u0103n\u0103tate! \ud83c\udf75\u2728 <\/span><\/p>\n<p>Compozi\u021bie:<\/p>\n<p><span dir=\"auto\">Afinele sunt un puternic antioxidant care \u00eembun\u0103t\u0103\u021be\u0219te vederea \u0219i \u00eent\u0103re\u0219te vasele de s\u00e2nge.<\/span><\/p>\n<p><span dir=\"auto\">Lingonberries sunt un imunostimulant natural \u0219i ajut\u0103 la cur\u0103\u021barea corpului.<\/span><\/p>\n<p><span dir=\"auto\">M\u0103ce\u0219ul este o surs\u0103 de vitamina C, \u00eent\u0103re\u0219te sistemul imunitar \u0219i sus\u021bine sistemul cardiovascular.<\/span><\/p>\n<p><span dir=\"auto\">Rowan-ajut\u0103 la activitatea inimii, normalizeaz\u0103 tensiunea arterial\u0103 \u0219i d\u0103 putere.<\/span><\/p>\n<p><span dir=\"auto\">Zmeura este un antipiretic natural care sus\u021bine organismul \u00een sezonul rece.<\/span><\/p>\n<p><span dir=\"auto\">Mure-\u00eembun\u0103t\u0103\u021birea metabolismului \u0219i \u00eent\u0103rirea sistemului nervos.<\/span><\/p>\n<p><span dir=\"auto\">Cimbru-calmeaz\u0103, sus\u021bine sistemul respirator \u0219i confer\u0103 b\u0103uturii o arom\u0103 special\u0103.<\/span><\/p>\n<p><span dir=\"auto\">\u2705 Satureaz\u0103 organismul cu vitamine \u0219i oligoelemente.<\/span><\/p>\n<p><span dir=\"auto\">\u2705 Sus\u021bine sistemul imunitar \u0219i ajut\u0103 \u00een sezonul rece.<\/span><\/p>\n<p><span dir=\"auto\">\u2705 Are propriet\u0103\u021bi antioxidante.<\/span><\/p>\n<p><span dir=\"auto\">\u2705 \ud83c\udf3f\u26a1<\/span><\/p>\n<p><span dir=\"auto\">Cum s\u0103 g\u0103te\u0219ti? <\/span><\/p>\n<p><span dir=\"auto\">1\ufe0f\u20e3 Se toarn\u0103 1 lingur\u0103 de ceai \u00eentr-un pahar cu ap\u0103 clocotit\u0103. <\/span><\/p>\n<p><span dir=\"auto\">2\ufe0f\u20e3 L\u0103sa\u021bi-l s\u0103 stea 15-20 de minute.<\/span><\/p>\n<p><span dir=\"auto\">3\ufe0f\u20e3 Consuma\u021bi de 2-3 ori pe zi cu 20-30 de minute \u00eenainte de mese.<\/span><\/p>\n<p>Pachet de artizanat de 80 de grame.<br \/>\nProdus: preparat 100% natural pe baz\u0103 de plante, f\u0103r\u0103 arome \u0219i impurit\u0103\u021bi.<br \/>\nOrigine: recoltat manual \u00eentr-o regiune curat\u0103 din punct de vedere ecologic a Carpa\u021bilor ucraineni.<\/p>\n","protected":false},"excerpt":{"rendered":"<p>\ud83c\udf3f Ceaiul de vitamine din Mun\u021bii Carpa\u021bi este o surs\u0103 natural\u0103 de s\u0103n\u0103tate! \ud83c\udf75\u2728 Compozi\u021bie: Afinele sunt un puternic antioxidant<\/p>\n","protected":false},"featured_media":12861,"comment_status":"open","ping_status":"closed","template":"","meta":[],"product_brand":[],"product_cat":[343],"product_tag":[],"class_list":{"0":"post-14467","1":"product","2":"type-product","3":"status-publish","4":"has-post-thumbnail","6":"product_cat-travyanoj-chaj","8":"first","9":"instock","10":"shipping-taxable","11":"purchasable","12":"product-type-simple"},"_links":{"self":[{"href":"https:\/\/tea-shop.md\/ro\/wp-json\/wp\/v2\/product\/14467","targetHints":{"allow":["GET"]}}],"collection":[{"href":"https:\/\/tea-shop.md\/ro\/wp-json\/wp\/v2\/product"}],"about":[{"href":"https:\/\/tea-shop.md\/ro\/wp-json\/wp\/v2\/types\/product"}],"replies":[{"embeddable":true,"href":"https:\/\/tea-shop.md\/ro\/wp-json\/wp\/v2\/comments?post=14467"}],"version-history":[{"count":1,"href":"https:\/\/tea-shop.md\/ro\/wp-json\/wp\/v2\/product\/14467\/revisions"}],"predecessor-version":[{"id":14990,"href":"https:\/\/tea-shop.md\/ro\/wp-json\/wp\/v2\/product\/14467\/revisions\/14990"}],"wp:featuredmedia":[{"embeddable":true,"href":"https:\/\/tea-shop.md\/ro\/wp-json\/wp\/v2\/media\/12861"}],"wp:attachment":[{"href":"https:\/\/tea-shop.md\/ro\/wp-json\/wp\/v2\/media?parent=14467"}],"wp:term":[{"taxonomy":"product_brand","embeddable":true,"href":"https:\/\/tea-shop.md\/ro\/wp-json\/wp\/v2\/product_brand?post=14467"},{"taxonomy":"product_cat","embeddable":true,"href":"https:\/\/tea-shop.md\/ro\/wp-json\/wp\/v2\/product_cat?post=14467"},{"taxonomy":"product_tag","embeddable":true,"href":"https:\/\/tea-shop.md\/ro\/wp-json\/wp\/v2\/product_tag?post=14467"}],"curies":[{"name":"wp","href":"https:\/\/api.w.org\/{rel}","templated":true}]}}