{"id":14468,"date":"2025-12-10T21:50:32","date_gmt":"2025-12-10T19:50:32","guid":{"rendered":"https:\/\/tea-shop.md\/product\/ceaiul-carpatic-restaurativ\/"},"modified":"2026-04-01T00:00:19","modified_gmt":"2026-03-31T21:00:19","slug":"ceaiul-carpatic-restaurativ","status":"publish","type":"product","link":"https:\/\/tea-shop.md\/ro\/produs\/ceaiul-carpatic-restaurativ\/","title":{"rendered":"Ceaiul carpatic &#8222;Restaurativ&#8221;"},"content":{"rendered":"<p>Ceai din plante carpatice, care include zmeur\u0103, salc\u00e2m, m\u0103ce\u0219e, sun\u0103toare, mure, ceai de Salcie, afine. Are un efect tonic \u0219i ferm. \u00cen perioada rece, ceaiul va \u00eent\u0103ri corpul, va ajuta s\u0103 fac\u0103 fa\u021b\u0103 debutului bolii.  <\/p>\n<p><span dir=\"auto\">Fito-ceaiul cre\u0219te imunitatea \u00een aproape toate bolile \u2013 organele digestive, cardiovasculare, sistemul genito-urinar, bolile reumatice, endocrine, hemoroizii \u0219i tromboza, deteriorarea radia\u021biilor, patologia obstetric\u0103 \u0219i ginecologic\u0103, tulbur\u0103rile nevrotice, bolile alergice; ceai din plante pentru boli respiratorii.<\/span><\/p>\n<p><span dir=\"auto\">\ud83c\udf31 Utilizare antic\u0103: str\u0103mo\u0219ii no\u0219tri din Carpa\u021bi foloseau aceste ierburi nu numai pentru vindecare, ci \u0219i pentru a crea infuzii magice care aduceau armonie \u0219i pace sufletului. Balsamul de l\u0103m\u00e2ie, cimbru, ment\u0103 \u0219i po\u021biunea de p\u0103ducel au fost un element important \u00een \u00eengrijirea tradi\u021bional\u0103 a s\u0103n\u0103t\u0103\u021bii, ajut\u00e2nd la men\u021binerea bun\u0103st\u0103rii fizice \u0219i emo\u021bionale. Aromele acestor ierburi sunt familiare multor oameni \u00eenc\u0103 din copil\u0103rie, deoarece umpleau aerul vara c\u00e2nd ne plimbam prin paji\u0219ti sau st\u0103team l\u00e2ng\u0103 \u0219emineu \u00een serile r\u0103coroase.<\/span><\/p>\n<p><span dir=\"auto\">\ud83d\udca7 <\/span><strong><span dir=\"auto\">Cum s\u0103 g\u0103te\u0219ti:<\/span><\/strong><\/p>\n<ul>\n<li><span dir=\"auto\">1 lingur\u0103 de ceai la 200 ml ap\u0103 clocotit\u0103.<\/span><\/li>\n<li><span dir=\"auto\">Infuza\u021bi timp de 10-15 minute pentru a dezv\u0103lui toate aromele.<\/span><\/li>\n<li><span dir=\"auto\">Be\u021bi ceai, bucur\u00e2ndu-v\u0103 de gustul \u0219i aroma delicioas\u0103, care v\u0103 duce \u00een inima Carpa\u021bilor.<\/span><\/li>\n<\/ul>\n<p>Pachet de artizanat de 80 de grame.<br \/>\nProdus: preparat 100% natural pe baz\u0103 de plante, f\u0103r\u0103 arome \u0219i impurit\u0103\u021bi.<br \/>\nOrigine: recoltat manual \u00eentr-o regiune curat\u0103 din punct de vedere ecologic a Carpa\u021bilor ucraineni.<\/p>\n","protected":false},"excerpt":{"rendered":"<p>Ceai din plante carpatice, care include zmeur\u0103, salc\u00e2m, m\u0103ce\u0219e, sun\u0103toare, mure, ceai de Salcie, afine. Are un efect tonic \u0219i<\/p>\n","protected":false},"featured_media":15073,"comment_status":"open","ping_status":"closed","template":"","meta":[],"product_brand":[],"product_cat":[343],"product_tag":[],"class_list":{"0":"post-14468","1":"product","2":"type-product","3":"status-publish","4":"has-post-thumbnail","6":"product_cat-travyanoj-chaj","8":"first","9":"instock","10":"shipping-taxable","11":"purchasable","12":"product-type-simple"},"_links":{"self":[{"href":"https:\/\/tea-shop.md\/ro\/wp-json\/wp\/v2\/product\/14468","targetHints":{"allow":["GET"]}}],"collection":[{"href":"https:\/\/tea-shop.md\/ro\/wp-json\/wp\/v2\/product"}],"about":[{"href":"https:\/\/tea-shop.md\/ro\/wp-json\/wp\/v2\/types\/product"}],"replies":[{"embeddable":true,"href":"https:\/\/tea-shop.md\/ro\/wp-json\/wp\/v2\/comments?post=14468"}],"version-history":[{"count":1,"href":"https:\/\/tea-shop.md\/ro\/wp-json\/wp\/v2\/product\/14468\/revisions"}],"predecessor-version":[{"id":14989,"href":"https:\/\/tea-shop.md\/ro\/wp-json\/wp\/v2\/product\/14468\/revisions\/14989"}],"wp:featuredmedia":[{"embeddable":true,"href":"https:\/\/tea-shop.md\/ro\/wp-json\/wp\/v2\/media\/15073"}],"wp:attachment":[{"href":"https:\/\/tea-shop.md\/ro\/wp-json\/wp\/v2\/media?parent=14468"}],"wp:term":[{"taxonomy":"product_brand","embeddable":true,"href":"https:\/\/tea-shop.md\/ro\/wp-json\/wp\/v2\/product_brand?post=14468"},{"taxonomy":"product_cat","embeddable":true,"href":"https:\/\/tea-shop.md\/ro\/wp-json\/wp\/v2\/product_cat?post=14468"},{"taxonomy":"product_tag","embeddable":true,"href":"https:\/\/tea-shop.md\/ro\/wp-json\/wp\/v2\/product_tag?post=14468"}],"curies":[{"name":"wp","href":"https:\/\/api.w.org\/{rel}","templated":true}]}}