{"id":14469,"date":"2025-12-10T21:50:31","date_gmt":"2025-12-10T19:50:31","guid":{"rendered":"https:\/\/tea-shop.md\/product\/fireweed-ceaiul-ivan\/"},"modified":"2026-03-31T23:59:47","modified_gmt":"2026-03-31T20:59:47","slug":"fireweed-ceaiul-ivan","status":"publish","type":"product","link":"https:\/\/tea-shop.md\/ro\/produs\/fireweed-ceaiul-ivan\/","title":{"rendered":"Fireweed (Ceaiul Ivan)"},"content":{"rendered":"<p><span dir=\"auto\">Ceaiul Ivan (chiparos cu frunze \u00eenguste) este o b\u0103utur\u0103 natural\u0103 pe baz\u0103 de plante, cu o arom\u0103 u\u0219oar\u0103, pl\u0103cut\u0103 \u0219i un gust bogat. C\u00e2nd este uscat, seam\u0103n\u0103 cu ceaiul verde, iar dup\u0103 preparare are o not\u0103 floral\u0103 u\u0219oar\u0103 \u0219i o textur\u0103 moale. Produsul este adesea ales ca o alternativ\u0103 tradi\u021bional\u0103 la b\u0103uturile clasice de ceai.  <\/span><\/p>\n<p><strong><span dir=\"auto\">Caracteristici:<\/span><\/strong><\/p>\n<ul>\n<li><span dir=\"auto\">100% materii prime naturale<\/span><\/li>\n<li><span dir=\"auto\">Colectate \u0219i uscate f\u0103r\u0103 ad\u0103ugarea de arome \u0219i coloran\u021bi.<\/span><\/li>\n<li><span dir=\"auto\">Con\u021bine substan\u021be naturale inerente frunzelor plantelor s\u0103lbatice.<\/span><\/li>\n<li><span dir=\"auto\">Are un gust profund cu note de plante \u0219i miere.<\/span><\/li>\n<\/ul>\n<p><strong><span dir=\"auto\">Utilizare tradi\u021bional\u0103:<\/span><\/strong><\/p>\n<ul>\n<li><span dir=\"auto\">Pentru consumul zilnic de ceai.<\/span><\/li>\n<li><span dir=\"auto\">Ca o b\u0103utur\u0103 seara pentru a v\u0103 relaxa.<\/span><\/li>\n<li><span dir=\"auto\">\u00cen tincturi calde sau reci.<\/span><\/li>\n<li><span dir=\"auto\">Poate fi combinat cu miere, menta, lamaie sau fructe de padure.<\/span><\/li>\n<\/ul>\n<p><strong><span dir=\"auto\">Metoda de g\u0103tit:<\/span><\/strong><br \/>\n<span dir=\"auto\">Se toarn\u0103 3 linguri de amestec uscat \u00een 1 litru de ap\u0103 fierbinte (nu ap\u0103 clocotit\u0103), se las\u0103 15-20 de minute sub capac. \u00cel pute\u021bi bea at\u00e2t fierbinte, c\u00e2t \u0219i r\u0103cit. <\/span><\/p>\n<p>Un pachet de 100 de grame.<\/p>\n","protected":false},"excerpt":{"rendered":"<p>Ceaiul Ivan (chiparos cu frunze \u00eenguste) este o b\u0103utur\u0103 natural\u0103 pe baz\u0103 de plante, cu o arom\u0103 u\u0219oar\u0103, pl\u0103cut\u0103 \u0219i<\/p>\n","protected":false},"featured_media":12880,"comment_status":"open","ping_status":"closed","template":"","meta":[],"product_brand":[],"product_cat":[343],"product_tag":[],"class_list":{"0":"post-14469","1":"product","2":"type-product","3":"status-publish","4":"has-post-thumbnail","6":"product_cat-travyanoj-chaj","8":"first","9":"instock","10":"shipping-taxable","11":"purchasable","12":"product-type-simple"},"_links":{"self":[{"href":"https:\/\/tea-shop.md\/ro\/wp-json\/wp\/v2\/product\/14469","targetHints":{"allow":["GET"]}}],"collection":[{"href":"https:\/\/tea-shop.md\/ro\/wp-json\/wp\/v2\/product"}],"about":[{"href":"https:\/\/tea-shop.md\/ro\/wp-json\/wp\/v2\/types\/product"}],"replies":[{"embeddable":true,"href":"https:\/\/tea-shop.md\/ro\/wp-json\/wp\/v2\/comments?post=14469"}],"version-history":[{"count":1,"href":"https:\/\/tea-shop.md\/ro\/wp-json\/wp\/v2\/product\/14469\/revisions"}],"predecessor-version":[{"id":14988,"href":"https:\/\/tea-shop.md\/ro\/wp-json\/wp\/v2\/product\/14469\/revisions\/14988"}],"wp:featuredmedia":[{"embeddable":true,"href":"https:\/\/tea-shop.md\/ro\/wp-json\/wp\/v2\/media\/12880"}],"wp:attachment":[{"href":"https:\/\/tea-shop.md\/ro\/wp-json\/wp\/v2\/media?parent=14469"}],"wp:term":[{"taxonomy":"product_brand","embeddable":true,"href":"https:\/\/tea-shop.md\/ro\/wp-json\/wp\/v2\/product_brand?post=14469"},{"taxonomy":"product_cat","embeddable":true,"href":"https:\/\/tea-shop.md\/ro\/wp-json\/wp\/v2\/product_cat?post=14469"},{"taxonomy":"product_tag","embeddable":true,"href":"https:\/\/tea-shop.md\/ro\/wp-json\/wp\/v2\/product_tag?post=14469"}],"curies":[{"name":"wp","href":"https:\/\/api.w.org\/{rel}","templated":true}]}}