{"id":14471,"date":"2025-12-10T21:50:30","date_gmt":"2025-12-10T19:50:30","guid":{"rendered":"https:\/\/tea-shop.md\/product\/ceaiul-carpatic-linistitor\/"},"modified":"2026-04-07T11:26:14","modified_gmt":"2026-04-07T08:26:14","slug":"ceaiul-carpatic-linistitor","status":"publish","type":"product","link":"https:\/\/tea-shop.md\/ro\/produs\/ceaiul-carpatic-linistitor\/","title":{"rendered":"Ceaiul carpatic &#8222;Lini\u0219titor&#8221;"},"content":{"rendered":"<p><span dir=\"auto\">Aceast\u0103 colec\u021bie parfumat\u0103 de ierburi naturale este conceput\u0103 pentru calmarea \u0219i confortul serii. Ingredientele atent selectate te ajut\u0103 s\u0103 te preg\u0103te\u0219ti pentru o dispozi\u021bie calm\u0103, s\u0103 devii parte din rutina ta de noapte \u0219i s\u0103-\u021bi ofere o senza\u021bie de confort dup\u0103 o zi obositoare. <\/span><\/p>\n<p><strong><span dir=\"auto\">Compozi\u021bie:<\/span><\/strong><\/p>\n<ul>\n<li><span dir=\"auto\">Melisa<\/span><\/li>\n<li><span dir=\"auto\">Oregano<\/span><\/li>\n<li><span dir=\"auto\">Ment\u0103<\/span><\/li>\n<li><span dir=\"auto\">Conuri de hamei<\/span><\/li>\n<li><span dir=\"auto\">Frunze De Mure<\/span><\/li>\n<li><span dir=\"auto\">Culoarea p\u0103ducelului<\/span><\/li>\n<li><span dir=\"auto\">Salvie<\/span><\/li>\n<\/ul>\n<p><strong><span dir=\"auto\">Ce este at\u00e2t de special:<\/span><\/strong><br \/>\n<span dir=\"auto\">\u2013 O combina\u021bie reu\u0219it\u0103 de ierburi care sunt utilizate \u00een mod tradi\u021bional \u00een infuziile de sear\u0103.<\/span><br \/>\n<span dir=\"auto\">\u2013 Ment\u0103 pl\u0103cut\u0103-parfum floral.<\/span><br \/>\n<span dir=\"auto\">\u2013 Func\u021bioneaz\u0103 bine ca un ceai cald \u00eenainte de culcare.<\/span><br \/>\n<span dir=\"auto\">\u2013 Poate deveni parte a unei rutine relaxate pentru adul\u021bi \u0219i copii.<\/span><\/p>\n<p><strong><span dir=\"auto\">Metoda de g\u0103tit:<\/span><\/strong><br \/>\n<span dir=\"auto\">1 lingur\u0103 de colec\u021bie la 200 ml ap\u0103 clocotit\u0103<\/span><br \/>\n<span dir=\"auto\">Insista\u021bi 15-20 de minute, strecura\u021bi<\/span><br \/>\n<span dir=\"auto\">Bea cald cu 20-30 de minute \u00eenainte de culcare<\/span><\/p>\n<p>Pachet de artizanat de 80 de grame.<br \/>\nProdus: preparat 100% natural pe baz\u0103 de plante, f\u0103r\u0103 arome \u0219i impurit\u0103\u021bi.<br \/>\nOrigine: recoltat manual \u00eentr-o regiune curat\u0103 din punct de vedere ecologic a Carpa\u021bilor ucraineni.<\/p>\n","protected":false},"excerpt":{"rendered":"<p>Aceast\u0103 colec\u021bie parfumat\u0103 de ierburi naturale este conceput\u0103 pentru calmarea \u0219i confortul serii. Ingredientele atent selectate te ajut\u0103 s\u0103 te<\/p>\n","protected":false},"featured_media":15077,"comment_status":"open","ping_status":"closed","template":"","meta":[],"product_brand":[],"product_cat":[343],"product_tag":[],"class_list":{"0":"post-14471","1":"product","2":"type-product","3":"status-publish","4":"has-post-thumbnail","6":"product_cat-travyanoj-chaj","8":"first","9":"instock","10":"shipping-taxable","11":"purchasable","12":"product-type-simple"},"_links":{"self":[{"href":"https:\/\/tea-shop.md\/ro\/wp-json\/wp\/v2\/product\/14471","targetHints":{"allow":["GET"]}}],"collection":[{"href":"https:\/\/tea-shop.md\/ro\/wp-json\/wp\/v2\/product"}],"about":[{"href":"https:\/\/tea-shop.md\/ro\/wp-json\/wp\/v2\/types\/product"}],"replies":[{"embeddable":true,"href":"https:\/\/tea-shop.md\/ro\/wp-json\/wp\/v2\/comments?post=14471"}],"version-history":[{"count":2,"href":"https:\/\/tea-shop.md\/ro\/wp-json\/wp\/v2\/product\/14471\/revisions"}],"predecessor-version":[{"id":15036,"href":"https:\/\/tea-shop.md\/ro\/wp-json\/wp\/v2\/product\/14471\/revisions\/15036"}],"wp:featuredmedia":[{"embeddable":true,"href":"https:\/\/tea-shop.md\/ro\/wp-json\/wp\/v2\/media\/15077"}],"wp:attachment":[{"href":"https:\/\/tea-shop.md\/ro\/wp-json\/wp\/v2\/media?parent=14471"}],"wp:term":[{"taxonomy":"product_brand","embeddable":true,"href":"https:\/\/tea-shop.md\/ro\/wp-json\/wp\/v2\/product_brand?post=14471"},{"taxonomy":"product_cat","embeddable":true,"href":"https:\/\/tea-shop.md\/ro\/wp-json\/wp\/v2\/product_cat?post=14471"},{"taxonomy":"product_tag","embeddable":true,"href":"https:\/\/tea-shop.md\/ro\/wp-json\/wp\/v2\/product_tag?post=14471"}],"curies":[{"name":"wp","href":"https:\/\/api.w.org\/{rel}","templated":true}]}}