{"id":14476,"date":"2025-12-09T23:11:06","date_gmt":"2025-12-09T21:11:06","guid":{"rendered":"https:\/\/tea-shop.md\/product\/lunca-alpina\/"},"modified":"2026-04-07T11:35:49","modified_gmt":"2026-04-07T08:35:49","slug":"lunca-alpina","status":"publish","type":"product","link":"https:\/\/tea-shop.md\/ro\/produs\/lunca-alpina\/","title":{"rendered":"Lunca alpin\u0103"},"content":{"rendered":"<p>Colec\u021bia de plante Alpine Meadow const\u0103 din multe ingrediente naturale, culese manual \u0219i prelucrate cu aten\u021bie. Produc\u0103torul a inclus \u00een ceai cruste de mu\u0219e\u021bel, m\u0103ce\u0219e \u0219i citrice, flori de portocal, lemongrass, ment\u0103 \u0219i hibiscus. <\/p>\n<p>Un astfel de set ofer\u0103 u\u0219urin\u021b\u0103 \u0219i calm, are un efect benefic asupra unei persoane. Acesta va satura organismul cu vitamine, va da putere \u0219i va \u00eent\u0103ri sistemul imunitar, va promova normalizarea metabolismului \u0219i va \u00eembun\u0103t\u0103\u021bi digestia. B\u0103utura pe baz\u0103 de plante Alpine Meadow v\u0103 va \u00eembun\u0103t\u0103\u021bi, de asemenea, bun\u0103starea, v\u0103 va ajuta s\u0103 v\u0103 relaxa\u021bi dup\u0103 o zi obositoare la serviciu \u0219i s\u0103 pune\u021bi grijile din timpul zilei pe arz\u0103torul din spate, iar \u00een timpul zilei va ajuta la ameliorarea nervozit\u0103\u021bii \u0219i irita\u021biei.  <\/p>\n<p>Gustul infuziei este dulce, corpolent, cu aciditate r\u0103coritoare \u0219i o nuan\u021b\u0103 expresiv\u0103 pe baz\u0103 de plante a unei paji\u0219ti de var\u0103.<\/p>\n<p>Se toarn\u0103 1 linguri\u021b\u0103 de frunze de ceai \u00een ceainic. Se toarn\u0103 250 ml de ap\u0103 cald\u0103 95cc, insist\u0103 timp de 3-5 minute pentru a ob\u021bine o b\u0103utur\u0103 cu un gust delicat. <\/p>\n","protected":false},"excerpt":{"rendered":"<p>\u0410\u043b\u044c\u043f\u0438\u0439\u0441\u043a\u0438\u0439 \u043b\u0443\u0433 \u044d\u0442\u043e \u043a\u0443\u043f\u0430\u0436 \u0442\u0440\u0430\u0432, \u0441\u043e\u0431\u0440\u0430\u043d\u043d\u044b\u0445 \u0432 \u043e\u0434\u043d\u043e\u043c \u0438\u0437 \u0447\u0438\u0441\u0442\u0435\u0439\u0448\u0438\u0445 \u043c\u0435\u0441\u0442 \u0415\u0432\u0440\u043e\u043f\u044b \u2013 \u043f\u0440\u0435\u0434\u0433\u043e\u0440\u044c\u044f\u0445 \u0410\u043b\u044c\u043f, \u043e\u0431\u043b\u0430\u0434\u0430\u044e\u0449\u0438\u0439 \u043d\u0435\u0437\u0430\u0431\u044b\u0432\u0430\u0435\u043c\u044b\u043c \u0432\u043a\u0443\u0441\u043e\u043c \u0438 \u043f\u0440\u0438\u044f\u0442\u043d\u044b\u043c \u0430\u0440\u043e\u043c\u0430\u0442\u043e\u043c. \u0410 \u0432\u0438\u0442\u0430\u043c\u0438\u043d\u043d\u044b\u0439 \u0431\u0443\u043a\u0435\u0442 \u043d\u0430\u0441\u0442\u043e\u043b\u044c\u043a\u043e \u0431\u043e\u0433\u0430\u0442, \u0447\u0442\u043e \u0435\u043c\u0443 \u043c\u043e\u0433\u0443\u0442 \u043f\u043e\u0437\u0430\u0432\u0438\u0434\u043e\u0432\u0430\u0442\u044c \u043c\u043d\u043e\u0433\u0438\u0435 \u0430\u043f\u0442\u0435\u0447\u043d\u044b\u0435 \u0432\u0438\u0442\u0430\u043c\u0438\u043d\u044b. \u0412 \u0442\u0440\u0430\u0432\u044f\u043d\u043e\u0439 \u0441\u0431\u043e\u0440 \u0434\u043e\u0431\u0430\u0432\u043b\u0435\u043d\u044b \u043b\u0435\u043f\u0435\u0441\u0442\u043a\u0438 \u0433\u043e\u0440\u043d\u044b\u0445 \u0446\u0432\u0435\u0442\u043e\u0432, \u043d\u0430\u0442\u0443\u0440\u0430\u043b\u044c\u043d\u0443\u044e \u0446\u0435\u0434\u0440\u0443 \u0430\u043f\u0435\u043b\u044c\u0441\u0438\u043d\u043e\u0432 \u0438 \u043f\u043b\u043e\u0434\u044b \u0448\u0438\u043f\u043e\u0432\u043d\u0438\u043a\u0430.  <\/p>\n<p>Un astfel de set ofer\u0103 u\u0219urin\u021b\u0103 \u0219i calm, are un efect benefic asupra unei persoane. Acesta va satura organismul cu vitamine, va da putere \u0219i va \u00eent\u0103ri sistemul imunitar, va promova normalizarea metabolismului \u0219i va \u00eembun\u0103t\u0103\u021bi digestia. B\u0103utura pe baz\u0103 de plante Alpine Meadow v\u0103 va \u00eembun\u0103t\u0103\u021bi, de asemenea, bun\u0103starea, v\u0103 va ajuta s\u0103 v\u0103 relaxa\u021bi dup\u0103 o zi obositoare la serviciu \u0219i s\u0103 pune\u021bi grijile din timpul zilei pe arz\u0103torul din spate, iar \u00een timpul zilei va ajuta la ameliorarea nervozit\u0103\u021bii \u0219i irita\u021biei.  <\/p>\n<p>\u0422\u0440\u0430\u0432\u044f\u043d\u043e\u0439 \u0441\u0431\u043e\u0440 \u0410\u043b\u044c\u043f\u0438\u0439\u0441\u043a\u0438\u0439 \u043b\u0443\u0433 \u0441\u043e\u0441\u0442\u043e\u0438\u0442 \u0438\u0437 \u043c\u043d\u043e\u0433\u0438\u0445 \u043d\u0430\u0442\u0443\u0440\u0430\u043b\u044c\u043d\u044b\u0445 \u0438\u043d\u0433\u0440\u0435\u0434\u0438\u0435\u043d\u0442\u043e\u0432, \u0441\u043e\u0431\u0440\u0430\u043d\u043d\u044b\u0445 \u0432\u0440\u0443\u0447\u043d\u0443\u044e \u0438 \u0431\u0435\u0440\u0435\u0436\u043d\u043e \u043e\u0431\u0440\u0430\u0431\u043e\u0442\u0430\u043d\u043d\u044b\u0445. \u0418\u0437\u0433\u043e\u0442\u043e\u0432\u0438\u0442\u0435\u043b\u044c \u0432\u043a\u043b\u044e\u0447\u0438\u043b \u0432 \u0441\u043e\u0441\u0442\u0430\u0432 \u0447\u0430\u044f \u0440\u043e\u043c\u0430\u0448\u043a\u0443, \u043a\u0430\u043b\u0435\u043d\u0434\u0443\u043b\u0443, \u0446\u0435\u0434\u0440\u0443 \u0430\u043f\u0435\u043b\u044c\u0441\u0438\u043d\u0430, \u043b\u0435\u043c\u043e\u043d\u0433\u0440\u0430\u0441\u0441, \u0433\u0438\u0431\u0438\u0441\u043a\u0443\u0441, \u043c\u044f\u0442\u0443, \u043d\u0435\u043c\u043d\u043e\u0433\u043e \u043f\u043b\u043e\u0434\u043e\u0432 \u0448\u0438\u043f\u043e\u0432\u043d\u0438\u043a\u0430, \u043b\u0438\u0441\u0442\u044c\u0435\u0432 \u0435\u0436\u0435\u0432\u0438\u043a\u0438, \u043b\u0435\u043f\u0435\u0441\u0442\u043a\u043e\u0432 \u043f\u0438\u043e\u043d\u0430 \u0438 \u043f\u043e\u0434\u0441\u043e\u043b\u043d\u0443\u0445\u0430. <\/p>\n<p>\u0418\u043c\u0435\u043d\u043d\u043e \u0431\u043b\u0430\u0433\u043e\u0434\u0430\u0440\u044f \u0442\u0430\u043a\u043e\u043c\u0443 \u043d\u0430\u0441\u044b\u0449\u0435\u043d\u043d\u043e\u043c\u0443 \u0441\u043e\u0441\u0442\u0430\u0432\u0443 \u0410\u043b\u044c\u043f\u0438\u0439\u0441\u043a\u0438\u0439 \u043b\u0443\u0433 \u0441\u0447\u0438\u0442\u0430\u044e\u0442 \u043d\u0430\u0438\u0431\u043e\u043b\u0435\u0435 \u043f\u043e\u043b\u0435\u0437\u043d\u044b\u043c \u0438\u0437 \u043c\u043d\u043e\u0433\u043e\u043e\u0431\u0440\u0430\u0437\u0438\u044f \u0442\u0440\u0430\u0432\u044f\u043d\u044b\u0445 \u0447\u0430\u0435\u0432, \u043f\u0440\u0435\u0434\u0441\u0442\u0430\u0432\u043b\u0435\u043d\u043d\u044b\u0445 \u043d\u0430 \u043d\u0430\u0448\u0435\u043c \u0440\u044b\u043d\u043a\u0435, \u0435\u0433\u043e \u0440\u0435\u043a\u043e\u043c\u0435\u043d\u0434\u0443\u044e\u0442 \u0434\u043b\u044f \u0443\u043f\u043e\u0442\u0440\u0435\u0431\u043b\u0435\u043d\u0438\u044f \u043a\u0430\u0436\u0434\u044b\u0439 \u0434\u0435\u043d\u044c.<\/p>\n<p>\u0412\u0435\u043b\u0438\u043a\u043e\u043b\u0435\u043f\u043d\u0430\u044f \u043d\u0430\u0442\u0443\u0440\u0430\u043b\u044c\u043d\u0430\u044f \u0442\u0440\u0430\u0432\u044f\u043d\u0430\u044f \u0441\u043c\u0435\u0441\u044c, \u0441\u043e\u0441\u0442\u043e\u044f\u0449\u0430\u044f \u0438\u0437 \u043a\u043e\u0440\u043e\u0447\u0435\u043a \u0448\u0438\u043f\u043e\u0432\u043d\u0438\u043a\u0430 \u0438 \u0446\u0438\u0442\u0440\u0443\u0441\u043e\u0432\u044b\u0445, \u0441\u043e\u0446\u0432\u0435\u0442\u0438\u0439 \u0440\u043e\u043c\u0430\u0448\u043a\u0438, \u0430\u043f\u0435\u043b\u044c\u0441\u0438\u043d\u043e\u0432\u043e\u0433\u043e \u0434\u0435\u0440\u0435\u0432\u0430, \u043b\u0438\u043c\u043e\u043d\u043d\u043e\u0439 \u0442\u0440\u0430\u0432\u044b, \u043c\u044f\u0442\u044b \u0438 \u0433\u0438\u0431\u0438\u0441\u043a\u0443\u0441\u0430.<\/p>\n<p>\u0412\u043e \u0432\u043a\u0443\u0441\u0435 \u0441\u043b\u0430\u0434\u043a\u043e\u0432\u0430\u0442\u044b\u0439, \u043d\u0430\u0441\u044b\u0449\u0435\u043d\u043d\u044b\u0439, \u0441 \u043e\u0441\u0432\u0435\u0436\u0430\u044e\u0449\u0435\u0439 \u043a\u0438\u0441\u043b\u0438\u043d\u043a\u043e\u0439 \u0438 \u0432\u044b\u0440\u0430\u0437\u0438\u0442\u0435\u043b\u044c\u043d\u044b\u043c \u0442\u0440\u0430\u0432\u044f\u043d\u044b\u043c \u043e\u0442\u0442\u0435\u043d\u043a\u043e\u043c \u043b\u0435\u0442\u043d\u0435\u0433\u043e \u043b\u0443\u0433\u0430.<\/p>\n<p>Se toarn\u0103 1 linguri\u021b\u0103 de frunze de ceai \u00een ceainic. Se toarn\u0103 250 ml de ap\u0103 cald\u0103 95cc, insist\u0103 timp de 3-5 minute pentru a ob\u021bine o b\u0103utur\u0103 cu un gust delicat. <\/p>\n<p>&nbsp;<\/p>\n","protected":false},"featured_media":14475,"comment_status":"open","ping_status":"closed","template":"","meta":[],"product_brand":[],"product_cat":[343],"product_tag":[],"class_list":{"0":"post-14476","1":"product","2":"type-product","3":"status-publish","4":"has-post-thumbnail","6":"product_cat-travyanoj-chaj","8":"first","9":"instock","10":"shipping-taxable","11":"purchasable","12":"product-type-variable","13":"has-default-attributes"},"_links":{"self":[{"href":"https:\/\/tea-shop.md\/ro\/wp-json\/wp\/v2\/product\/14476","targetHints":{"allow":["GET"]}}],"collection":[{"href":"https:\/\/tea-shop.md\/ro\/wp-json\/wp\/v2\/product"}],"about":[{"href":"https:\/\/tea-shop.md\/ro\/wp-json\/wp\/v2\/types\/product"}],"replies":[{"embeddable":true,"href":"https:\/\/tea-shop.md\/ro\/wp-json\/wp\/v2\/comments?post=14476"}],"version-history":[{"count":2,"href":"https:\/\/tea-shop.md\/ro\/wp-json\/wp\/v2\/product\/14476\/revisions"}],"predecessor-version":[{"id":15040,"href":"https:\/\/tea-shop.md\/ro\/wp-json\/wp\/v2\/product\/14476\/revisions\/15040"}],"wp:featuredmedia":[{"embeddable":true,"href":"https:\/\/tea-shop.md\/ro\/wp-json\/wp\/v2\/media\/14475"}],"wp:attachment":[{"href":"https:\/\/tea-shop.md\/ro\/wp-json\/wp\/v2\/media?parent=14476"}],"wp:term":[{"taxonomy":"product_brand","embeddable":true,"href":"https:\/\/tea-shop.md\/ro\/wp-json\/wp\/v2\/product_brand?post=14476"},{"taxonomy":"product_cat","embeddable":true,"href":"https:\/\/tea-shop.md\/ro\/wp-json\/wp\/v2\/product_cat?post=14476"},{"taxonomy":"product_tag","embeddable":true,"href":"https:\/\/tea-shop.md\/ro\/wp-json\/wp\/v2\/product_tag?post=14476"}],"curies":[{"name":"wp","href":"https:\/\/api.w.org\/{rel}","templated":true}]}}