{"id":14481,"date":"2025-12-09T22:58:57","date_gmt":"2025-12-09T20:58:57","guid":{"rendered":"https:\/\/tea-shop.md\/product\/ceai-inrudit-cu-trandafir\/"},"modified":"2026-03-31T21:11:16","modified_gmt":"2026-03-31T18:11:16","slug":"ceai-inrudit-cu-trandafir","status":"publish","type":"product","link":"https:\/\/tea-shop.md\/ro\/produs\/ceai-inrudit-cu-trandafir\/","title":{"rendered":"Ceai \u00eenrudit cu trandafir"},"content":{"rendered":"<p>Frumos ceai verde de pelin preparat manual cu un trandafir \u00eentr-o minge uimitoare.<\/p>\n<p>La preparare, mingea se deschide lin, form\u00e2nd un mugur elegant. Infuzia este galben deschis, limpede ca cristalul. Parfumul este luminos, cu o arom\u0103 de trandafir.  <\/p>\n<p>Pentru preparare, se folose\u0219te o floare la 1 litru de ap\u0103 fierbinte (80-85 \u00b0C); se las\u0103 la infuzat timp de 3-5 minute, pentru a ob\u021bine o b\u0103utur\u0103 cu un gust delicat. Pentru un aspect estetic pl\u0103cut, se recomand\u0103 utilizarea unui ceainic din sticl\u0103.  Poate rezista la mai multe beri.<\/p>\n","protected":false},"excerpt":{"rendered":"<p>Frumos ceai verde de pelin preparat manual cu un trandafir \u00eentr-o minge uimitoare. La preparare, mingea se deschide lin, form\u00e2nd<\/p>\n","protected":false},"featured_media":13209,"comment_status":"open","ping_status":"closed","template":"","meta":[],"product_brand":[],"product_cat":[341],"product_tag":[],"class_list":{"0":"post-14481","1":"product","2":"type-product","3":"status-publish","4":"has-post-thumbnail","6":"product_cat-svyazanyj-chaj","8":"first","9":"instock","10":"shipping-taxable","11":"purchasable","12":"product-type-simple"},"_links":{"self":[{"href":"https:\/\/tea-shop.md\/ro\/wp-json\/wp\/v2\/product\/14481","targetHints":{"allow":["GET"]}}],"collection":[{"href":"https:\/\/tea-shop.md\/ro\/wp-json\/wp\/v2\/product"}],"about":[{"href":"https:\/\/tea-shop.md\/ro\/wp-json\/wp\/v2\/types\/product"}],"replies":[{"embeddable":true,"href":"https:\/\/tea-shop.md\/ro\/wp-json\/wp\/v2\/comments?post=14481"}],"version-history":[{"count":1,"href":"https:\/\/tea-shop.md\/ro\/wp-json\/wp\/v2\/product\/14481\/revisions"}],"predecessor-version":[{"id":14894,"href":"https:\/\/tea-shop.md\/ro\/wp-json\/wp\/v2\/product\/14481\/revisions\/14894"}],"wp:featuredmedia":[{"embeddable":true,"href":"https:\/\/tea-shop.md\/ro\/wp-json\/wp\/v2\/media\/13209"}],"wp:attachment":[{"href":"https:\/\/tea-shop.md\/ro\/wp-json\/wp\/v2\/media?parent=14481"}],"wp:term":[{"taxonomy":"product_brand","embeddable":true,"href":"https:\/\/tea-shop.md\/ro\/wp-json\/wp\/v2\/product_brand?post=14481"},{"taxonomy":"product_cat","embeddable":true,"href":"https:\/\/tea-shop.md\/ro\/wp-json\/wp\/v2\/product_cat?post=14481"},{"taxonomy":"product_tag","embeddable":true,"href":"https:\/\/tea-shop.md\/ro\/wp-json\/wp\/v2\/product_tag?post=14481"}],"curies":[{"name":"wp","href":"https:\/\/api.w.org\/{rel}","templated":true}]}}