{"id":14483,"date":"2025-12-09T23:11:03","date_gmt":"2025-12-09T21:11:03","guid":{"rendered":"https:\/\/tea-shop.md\/product\/secretele-femeilor\/"},"modified":"2026-03-31T21:20:42","modified_gmt":"2026-03-31T18:20:42","slug":"secretele-femeilor","status":"publish","type":"product","link":"https:\/\/tea-shop.md\/ro\/produs\/secretele-femeilor\/","title":{"rendered":"Secretele femeilor"},"content":{"rendered":"<p>Herbal tea Women &#8216; s secrets a fost creat special pentru cei c\u0103rora le plac notele picante \u0219i picante din ceaiuri.<\/p>\n<p>Exist\u0103 multe ingrediente \u00een acest amestec, dar sa dovedit a fi surprinz\u0103tor de echilibrat, pl\u0103cut cu o varietate de arome.<\/p>\n<p>Rooibos, fenicul, cui\u0219oare, scor\u021bi\u0219oar\u0103, ghimbir, cardamom, piper negru \u0219i ienup\u0103r sunt responsabile pentru partea picant\u0103 oriental\u0103, \u00een timp ce sun\u0103toarea, mu\u0219e\u021belul, frunzele de coac\u0103z negru, coaja de portocal\u0103 \u0219i merele confer\u0103 amestecului o not\u0103 fructat\u0103 pl\u0103cut\u0103.<\/p>\n<p>Datorit\u0103 compozi\u021biei sale, acest ceai ajut\u0103 la eliminarea toxinelor din organism, la \u00eent\u0103rirea sistemului cardiovascular \u0219i la saturarea mu\u0219chilor cu energie. Scor\u021bi\u0219oara, m\u0103rul \u0219i coaja de portocal\u0103 v\u0103 vor oferi un gust uimitor combinat cu beneficiile vitaminei C. <\/p>\n<p>Se toarn\u0103 1 linguri\u021b\u0103 de frunze de ceai \u00een ceainic. Se toarn\u0103 250 ml de ap\u0103 cald\u0103 95cc, insist\u0103 timp de 3-5 minute pentru a ob\u021bine o b\u0103utur\u0103 cu un gust delicat. <\/p>\n","protected":false},"excerpt":{"rendered":"<p>Herbal tea Women &#8216; s secrets a fost creat special pentru cei c\u0103rora le plac notele picante \u0219i picante din<\/p>\n","protected":false},"featured_media":11836,"comment_status":"open","ping_status":"closed","template":"","meta":[],"product_brand":[],"product_cat":[343],"product_tag":[],"class_list":{"0":"post-14483","1":"product","2":"type-product","3":"status-publish","4":"has-post-thumbnail","6":"product_cat-travyanoj-chaj","8":"first","9":"instock","10":"shipping-taxable","11":"purchasable","12":"product-type-variable","13":"has-default-attributes"},"_links":{"self":[{"href":"https:\/\/tea-shop.md\/ro\/wp-json\/wp\/v2\/product\/14483","targetHints":{"allow":["GET"]}}],"collection":[{"href":"https:\/\/tea-shop.md\/ro\/wp-json\/wp\/v2\/product"}],"about":[{"href":"https:\/\/tea-shop.md\/ro\/wp-json\/wp\/v2\/types\/product"}],"replies":[{"embeddable":true,"href":"https:\/\/tea-shop.md\/ro\/wp-json\/wp\/v2\/comments?post=14483"}],"version-history":[{"count":1,"href":"https:\/\/tea-shop.md\/ro\/wp-json\/wp\/v2\/product\/14483\/revisions"}],"predecessor-version":[{"id":14911,"href":"https:\/\/tea-shop.md\/ro\/wp-json\/wp\/v2\/product\/14483\/revisions\/14911"}],"wp:featuredmedia":[{"embeddable":true,"href":"https:\/\/tea-shop.md\/ro\/wp-json\/wp\/v2\/media\/11836"}],"wp:attachment":[{"href":"https:\/\/tea-shop.md\/ro\/wp-json\/wp\/v2\/media?parent=14483"}],"wp:term":[{"taxonomy":"product_brand","embeddable":true,"href":"https:\/\/tea-shop.md\/ro\/wp-json\/wp\/v2\/product_brand?post=14483"},{"taxonomy":"product_cat","embeddable":true,"href":"https:\/\/tea-shop.md\/ro\/wp-json\/wp\/v2\/product_cat?post=14483"},{"taxonomy":"product_tag","embeddable":true,"href":"https:\/\/tea-shop.md\/ro\/wp-json\/wp\/v2\/product_tag?post=14483"}],"curies":[{"name":"wp","href":"https:\/\/api.w.org\/{rel}","templated":true}]}}