{"id":14489,"date":"2025-12-09T23:11:02","date_gmt":"2025-12-09T21:11:02","guid":{"rendered":"https:\/\/tea-shop.md\/product\/karkade-sudanez-trandafir-regal\/"},"modified":"2026-03-31T21:18:38","modified_gmt":"2026-03-31T18:18:38","slug":"karkade-sudanez-trandafir-regal","status":"publish","type":"product","link":"https:\/\/tea-shop.md\/ro\/produs\/karkade-sudanez-trandafir-regal\/","title":{"rendered":"Karkade (Sudanez \/ trandafir Regal)"},"content":{"rendered":"<p>Aceast\u0103 b\u0103utur\u0103 de ceai este f\u0103cut\u0103 din petalele \u0219i sepalele unui trandafir sudanez sau Hibiscus. Produc\u021bia de ceai este destul de dezvoltat\u0103 \u00een Egipt \u0219i Sudan, unde hibiscusul este cultivat pe planta\u021bii mari. Pentru europeni, ceaiul ro\u0219u este cunoscut ca b\u0103utura divin\u0103 a faraonilor, \u00eent\u0103rind corpul, spiritul \u0219i minunat \u00een calit\u0103\u021bile sale de gust!  <\/p>\n<p>Con\u021bine 7,5 p\u00e2n\u0103 la 9,5% proteine \u0219i 13 aminoacizi esen\u021biali, f\u0103r\u0103 de care corpul uman nu poate exista, polizaharide, inclusiv 12% pectin\u0103, care ajut\u0103 la eliminarea toxinelor, radionucleidelor \u0219i s\u0103rurilor de metale grele din organism. \u00cen plus, b\u0103utura fierbinte con\u021bine acizi de fructe, macro \u0219i microelemente, vitamine \u0219i bioflavanoide. \u00cen medicina popular\u0103 a \u021b\u0103rilor arabe, ceaiul de Karkade este utilizat ca agent hipotensiv, antispasmodic \u0219i antiinflamator.  <\/p>\n<p>B\u0103utura \u00eent\u0103re\u0219te stivele vaselor de s\u00e2nge, normalizeaz\u0103 tensiunea arterial\u0103, reduce colesterolul din s\u00e2nge, are efect antibacterian, regleaz\u0103 tractul gastro-intestinal, ficatul, ajut\u0103 bine la alergii de diferite tipuri, intoxica\u021bii toxice \u0219i alcoolice datorit\u0103 capacit\u0103\u021bii sale de a elimina rapid toxinele din organism.<\/p>\n<p>Infuzia are un gust acru delicat, cu o arom\u0103 floral\u0103 subtil\u0103.<\/p>\n<p>Se toarn\u0103 1 linguri\u021b\u0103 de frunze de ceai \u00een ceainic. Se toarn\u0103 250 ml de ap\u0103 cald\u0103 85cc, insist\u0103 timp de 3-5 minute pentru a ob\u021bine o b\u0103utur\u0103 cu un gust delicat. <\/p>\n","protected":false},"excerpt":{"rendered":"<p>Aceast\u0103 b\u0103utur\u0103 de ceai este f\u0103cut\u0103 din petalele \u0219i sepalele unui trandafir sudanez sau Hibiscus. Produc\u021bia de ceai este destul<\/p>\n","protected":false},"featured_media":11835,"comment_status":"open","ping_status":"closed","template":"","meta":[],"product_brand":[],"product_cat":[343],"product_tag":[],"class_list":{"0":"post-14489","1":"product","2":"type-product","3":"status-publish","4":"has-post-thumbnail","6":"product_cat-travyanoj-chaj","8":"first","9":"instock","10":"shipping-taxable","11":"purchasable","12":"product-type-variable","13":"has-default-attributes"},"_links":{"self":[{"href":"https:\/\/tea-shop.md\/ro\/wp-json\/wp\/v2\/product\/14489","targetHints":{"allow":["GET"]}}],"collection":[{"href":"https:\/\/tea-shop.md\/ro\/wp-json\/wp\/v2\/product"}],"about":[{"href":"https:\/\/tea-shop.md\/ro\/wp-json\/wp\/v2\/types\/product"}],"replies":[{"embeddable":true,"href":"https:\/\/tea-shop.md\/ro\/wp-json\/wp\/v2\/comments?post=14489"}],"version-history":[{"count":1,"href":"https:\/\/tea-shop.md\/ro\/wp-json\/wp\/v2\/product\/14489\/revisions"}],"predecessor-version":[{"id":14905,"href":"https:\/\/tea-shop.md\/ro\/wp-json\/wp\/v2\/product\/14489\/revisions\/14905"}],"wp:featuredmedia":[{"embeddable":true,"href":"https:\/\/tea-shop.md\/ro\/wp-json\/wp\/v2\/media\/11835"}],"wp:attachment":[{"href":"https:\/\/tea-shop.md\/ro\/wp-json\/wp\/v2\/media?parent=14489"}],"wp:term":[{"taxonomy":"product_brand","embeddable":true,"href":"https:\/\/tea-shop.md\/ro\/wp-json\/wp\/v2\/product_brand?post=14489"},{"taxonomy":"product_cat","embeddable":true,"href":"https:\/\/tea-shop.md\/ro\/wp-json\/wp\/v2\/product_cat?post=14489"},{"taxonomy":"product_tag","embeddable":true,"href":"https:\/\/tea-shop.md\/ro\/wp-json\/wp\/v2\/product_tag?post=14489"}],"curies":[{"name":"wp","href":"https:\/\/api.w.org\/{rel}","templated":true}]}}