{"id":14495,"date":"2025-12-09T23:11:01","date_gmt":"2025-12-09T21:11:01","guid":{"rendered":"https:\/\/tea-shop.md\/product\/las-ananas\/"},"modified":"2026-03-31T21:18:11","modified_gmt":"2026-03-31T18:18:11","slug":"las-ananas","status":"publish","type":"product","link":"https:\/\/tea-shop.md\/ro\/produs\/las-ananas\/","title":{"rendered":"Las ananas"},"content":{"rendered":"<p>Amestec Natural de plante cu felii de ananas, mango \u0219i mere, ment\u0103, fructe de p\u0103dure goji, lemongrass \u0219i petale de floarea-soarelui.<\/p>\n<p>Infuzia preparat\u0103 are un gust delicat \u0219i o arom\u0103 de fructe exotice.<\/p>\n<p>Se toarn\u0103 1 linguri\u021b\u0103 de frunze de ceai \u00een ceainic. Se toarn\u0103 250 ml de ap\u0103 cald\u0103 95cc, insist\u0103 timp de 3-5 minute pentru a ob\u021bine o b\u0103utur\u0103 cu un gust delicat. <\/p>\n","protected":false},"excerpt":{"rendered":"<p>Amestec Natural de plante cu felii de ananas, mango \u0219i mere, ment\u0103, fructe de p\u0103dure goji, lemongrass \u0219i petale de<\/p>\n","protected":false},"featured_media":11837,"comment_status":"open","ping_status":"closed","template":"","meta":[],"product_brand":[],"product_cat":[343],"product_tag":[],"class_list":{"0":"post-14495","1":"product","2":"type-product","3":"status-publish","4":"has-post-thumbnail","6":"product_cat-travyanoj-chaj","8":"first","9":"instock","10":"shipping-taxable","11":"purchasable","12":"product-type-variable","13":"has-default-attributes"},"_links":{"self":[{"href":"https:\/\/tea-shop.md\/ro\/wp-json\/wp\/v2\/product\/14495","targetHints":{"allow":["GET"]}}],"collection":[{"href":"https:\/\/tea-shop.md\/ro\/wp-json\/wp\/v2\/product"}],"about":[{"href":"https:\/\/tea-shop.md\/ro\/wp-json\/wp\/v2\/types\/product"}],"replies":[{"embeddable":true,"href":"https:\/\/tea-shop.md\/ro\/wp-json\/wp\/v2\/comments?post=14495"}],"version-history":[{"count":1,"href":"https:\/\/tea-shop.md\/ro\/wp-json\/wp\/v2\/product\/14495\/revisions"}],"predecessor-version":[{"id":14904,"href":"https:\/\/tea-shop.md\/ro\/wp-json\/wp\/v2\/product\/14495\/revisions\/14904"}],"wp:featuredmedia":[{"embeddable":true,"href":"https:\/\/tea-shop.md\/ro\/wp-json\/wp\/v2\/media\/11837"}],"wp:attachment":[{"href":"https:\/\/tea-shop.md\/ro\/wp-json\/wp\/v2\/media?parent=14495"}],"wp:term":[{"taxonomy":"product_brand","embeddable":true,"href":"https:\/\/tea-shop.md\/ro\/wp-json\/wp\/v2\/product_brand?post=14495"},{"taxonomy":"product_cat","embeddable":true,"href":"https:\/\/tea-shop.md\/ro\/wp-json\/wp\/v2\/product_cat?post=14495"},{"taxonomy":"product_tag","embeddable":true,"href":"https:\/\/tea-shop.md\/ro\/wp-json\/wp\/v2\/product_tag?post=14495"}],"curies":[{"name":"wp","href":"https:\/\/api.w.org\/{rel}","templated":true}]}}