{"id":14501,"date":"2025-12-09T23:11:00","date_gmt":"2025-12-09T21:11:00","guid":{"rendered":"https:\/\/tea-shop.md\/product\/silueta-afroditei\/"},"modified":"2026-03-31T21:17:36","modified_gmt":"2026-03-31T18:17:36","slug":"silueta-afroditei","status":"publish","type":"product","link":"https:\/\/tea-shop.md\/ro\/produs\/silueta-afroditei\/","title":{"rendered":"Silueta Afroditei"},"content":{"rendered":"<p>Amestec Natural de plante din ceai verde sencha, coji de m\u0103ce\u0219e, scor\u021bi\u0219oar\u0103, fructe de p\u0103ducel, flori de mu\u0219e\u021bel, ienup\u0103r, r\u0103d\u0103cin\u0103 de lemn dulce, frunze de urzic\u0103 \u0219i buc\u0103\u021bi de c\u0103p\u0219uni.<\/p>\n<p>Ceaiul verde este un puternic antioxidant, elimin\u0103 toxinele \u0219i \u00eembun\u0103t\u0103\u021be\u0219te starea pielii. M\u0103ce\u0219ul stimuleaz\u0103 produc\u021bia de colagen, activeaz\u0103 procesele hematopoietice \u0219i \u00eent\u0103re\u0219te sistemul imunitar. Licorice este utilizat pentru diabet zaharat, pentru boli ale tractului respirator superior, precum \u0219i pentru dermatit\u0103 alergic\u0103. Ienup\u0103rul este indispensabil pentru bolile renale cronice. Frunzele de urzic\u0103 ajut\u0103 la prevenirea r\u0103celilor. C\u0103p\u0219unile \u00eembun\u0103t\u0103\u021besc digestia \u0219i au propriet\u0103\u021bi anti-sclerotice.     <\/p>\n<p>Infuzia preparat\u0103 are un gust dulce delicat \u0219i o arom\u0103 seduc\u0103toare.<\/p>\n<p>Se toarn\u0103 1 linguri\u021b\u0103 de frunze de ceai \u00een ceainic. Se toarn\u0103 250 ml de ap\u0103 cald\u0103 95cc, insist\u0103 timp de 3-5 minute pentru a ob\u021bine o b\u0103utur\u0103 cu un gust delicat. <\/p>\n","protected":false},"excerpt":{"rendered":"<p>Amestec Natural de plante din ceai verde sencha, coji de m\u0103ce\u0219e, scor\u021bi\u0219oar\u0103, fructe de p\u0103ducel, flori de mu\u0219e\u021bel, ienup\u0103r, r\u0103d\u0103cin\u0103<\/p>\n","protected":false},"featured_media":11872,"comment_status":"open","ping_status":"closed","template":"","meta":[],"product_brand":[],"product_cat":[343],"product_tag":[],"class_list":{"0":"post-14501","1":"product","2":"type-product","3":"status-publish","4":"has-post-thumbnail","6":"product_cat-travyanoj-chaj","8":"first","9":"instock","10":"shipping-taxable","11":"purchasable","12":"product-type-variable","13":"has-default-attributes"},"_links":{"self":[{"href":"https:\/\/tea-shop.md\/ro\/wp-json\/wp\/v2\/product\/14501","targetHints":{"allow":["GET"]}}],"collection":[{"href":"https:\/\/tea-shop.md\/ro\/wp-json\/wp\/v2\/product"}],"about":[{"href":"https:\/\/tea-shop.md\/ro\/wp-json\/wp\/v2\/types\/product"}],"replies":[{"embeddable":true,"href":"https:\/\/tea-shop.md\/ro\/wp-json\/wp\/v2\/comments?post=14501"}],"version-history":[{"count":1,"href":"https:\/\/tea-shop.md\/ro\/wp-json\/wp\/v2\/product\/14501\/revisions"}],"predecessor-version":[{"id":14903,"href":"https:\/\/tea-shop.md\/ro\/wp-json\/wp\/v2\/product\/14501\/revisions\/14903"}],"wp:featuredmedia":[{"embeddable":true,"href":"https:\/\/tea-shop.md\/ro\/wp-json\/wp\/v2\/media\/11872"}],"wp:attachment":[{"href":"https:\/\/tea-shop.md\/ro\/wp-json\/wp\/v2\/media?parent=14501"}],"wp:term":[{"taxonomy":"product_brand","embeddable":true,"href":"https:\/\/tea-shop.md\/ro\/wp-json\/wp\/v2\/product_brand?post=14501"},{"taxonomy":"product_cat","embeddable":true,"href":"https:\/\/tea-shop.md\/ro\/wp-json\/wp\/v2\/product_cat?post=14501"},{"taxonomy":"product_tag","embeddable":true,"href":"https:\/\/tea-shop.md\/ro\/wp-json\/wp\/v2\/product_tag?post=14501"}],"curies":[{"name":"wp","href":"https:\/\/api.w.org\/{rel}","templated":true}]}}