{"id":14508,"date":"2025-12-09T23:10:59","date_gmt":"2025-12-09T21:10:59","guid":{"rendered":"https:\/\/tea-shop.md\/product\/noapte-buna\/"},"modified":"2026-03-31T21:16:15","modified_gmt":"2026-03-31T18:16:15","slug":"noapte-buna","status":"publish","type":"product","link":"https:\/\/tea-shop.md\/ro\/produs\/noapte-buna\/","title":{"rendered":"Noapte bun\u0103"},"content":{"rendered":"<p>Ceaiul din plante &#8222;Noapte bun\u0103&#8221; este o b\u0103utur\u0103 parfumat\u0103 care are un efect benefic asupra sistemului nervos \u0219i ofer\u0103 un somn profund \u0219i lini\u0219tit. Ceaiul con\u021bine ingrediente naturale din plante cu o compozi\u021bie bogat\u0103 de vitamine. Este un amestec de mu\u0219e\u021bel, ment\u0103, frunze de c\u0103p\u0219uni, lavand\u0103, floarea de porumb \u0219i tei.  <\/p>\n<p>Ceaiul din plante &#8222;Noapte bun\u0103&#8221; v\u0103 va calma sistemul nervos, v\u0103 va relaxa corpul \u0219i v\u0103 va u\u0219ura tensiunea. Aceast\u0103 colec\u021bie ajut\u0103 la men\u021binerea unei forme bune, are un efect sedativ moderat, promoveaz\u0103 adormirea u\u0219oar\u0103, amelioreaz\u0103 insomnia. Colec\u021bia de plante va elimina durerile de cap, va \u00eenc\u0103lzi \u00eentregul corp \u00eentr-o sear\u0103 rece de iarn\u0103 \u0219i v\u0103 va oferi un somn s\u0103n\u0103tos.  <\/p>\n<p>Infuzia preparat\u0103 are o arom\u0103 pl\u0103cut\u0103 \u0219i un gust delicat, cu note u\u0219oare de lavand\u0103 \u0219i ment\u0103.. Perfect pentru o petrecere de ceai de sear\u0103.<\/p>\n<p>Se toarn\u0103 1 linguri\u021b\u0103 de frunze de ceai \u00een ceainic. Se toarn\u0103 250 ml de ap\u0103 cald\u0103 95cc, insist\u0103 timp de 3-5 minute pentru a ob\u021bine o b\u0103utur\u0103 cu un gust delicat. <\/p>\n","protected":false},"excerpt":{"rendered":"<p>\u0422\u0440\u0430\u0432\u044f\u043d\u043e\u0439 \u0447\u0430\u0439 &#8222;\u0421\u043f\u043e\u043a\u043e\u0439\u043d\u043e\u0439 \u041d\u043e\u0447\u0438&#8221; &#8211; \u0430\u0440\u043e\u043c\u0430\u0442\u043d\u044b\u0439 \u043d\u0430\u043f\u0438\u0442\u043e\u043a, \u0431\u043b\u0430\u0433\u043e\u0442\u0432\u043e\u0440\u043d\u043e \u0432\u043e\u0437\u0434\u0435\u0439\u0441\u0442\u0432\u0443\u044e\u0449\u0438\u0439 \u043d\u0430 \u043d\u0435\u0440\u0432\u043d\u0443\u044e \u0441\u0438\u0441\u0442\u0435\u043c\u0443 \u0438 \u0434\u0430\u0440\u0443\u044e\u0449\u0438\u0439 \u0433\u043b\u0443\u0431\u043e\u043a\u0438\u0439 \u0438 \u0443\u043c\u0438\u0440\u043e\u0442\u0432\u043e\u0440\u0435\u043d\u043d\u044b\u0439 \u0441\u043e\u043d. \u0412 \u0441\u043e\u0441\u0442\u0430\u0432 \u0447\u0430\u044f \u0432\u0445\u043e\u0434\u044f\u0442 \u043d\u0430\u0442\u0443\u0440\u0430\u043b\u044c\u043d\u044b\u0435 \u0440\u0430\u0441\u0442\u0438\u0442\u0435\u043b\u044c\u043d\u044b\u0435 \u043a\u043e\u043c\u043f\u043e\u043d\u0435\u043d\u0442\u044b \u0441 \u0431\u043e\u0433\u0430\u0442\u044b\u043c \u0432\u0438\u0442\u0430\u043c\u0438\u043d\u043d\u044b\u043c \u0441\u043e\u0441\u0442\u0430\u0432\u043e\u043c. \u0422\u0440\u0430\u0432\u044f\u043d\u043e\u0439 \u0447\u0430\u0439 \u0421\u043f\u043e\u043a\u043e\u0439\u043d\u043e\u0439 \u043d\u043e\u0447\u0438 \u2013 \u044d\u0442\u043e \u0441\u043c\u0435\u0441\u044c, \u0432 \u0441\u043e\u0441\u0442\u0430\u0432 \u043a\u043e\u0442\u043e\u0440\u043e\u0439 \u0432\u0445\u043e\u0434\u044f\u0442: \u043c\u0435\u043b\u0438\u0441\u0441\u0430, \u0437\u0432\u0435\u0440\u043e\u0431\u043e\u0439, \u043b\u0435\u043c\u043e\u043d\u0433\u0440\u0430\u0441\u0441, \u043b\u0438\u0441\u0442\u044c\u044f \u0435\u0436\u0435\u0432\u0438\u043a\u0438, \u043b\u0438\u0441\u0442\u044c\u044f \u043c\u044f\u0442\u044b, \u0446\u0432\u0435\u0442\u044b \u0440\u043e\u043c\u0430\u0448\u043a\u0438, \u043b\u0435\u043f\u0435\u0441\u0442\u043a\u0438 \u0432\u0430\u0441\u0438\u043b\u044c\u043a\u0430.  <\/p>\n<p>\u0427\u0430\u0439 \u0442\u0440\u0430\u0432\u044f\u043d\u043e\u0439 &#8222;\u0421\u043f\u043e\u043a\u043e\u0439\u043d\u043e\u0439 \u043d\u043e\u0447\u0438&#8221; \u0443\u0441\u043f\u043e\u043a\u043e\u0438\u0442 \u0412\u0430\u0448\u0443 \u043d\u0435\u0440\u0432\u043d\u0443\u044e \u0441\u0438\u0441\u0442\u0435\u043c\u0443, \u0440\u0430\u0441\u0441\u043b\u0430\u0431\u0438\u0442 \u0442\u0435\u043b\u043e \u0438 \u0441\u043d\u0438\u043c\u0435\u0442 \u043d\u0430\u043f\u0440\u044f\u0436\u0435\u043d\u0438\u0435. \u0424\u0438\u0442\u043e\u0441\u0431\u043e\u0440 \u043f\u043e\u043c\u043e\u0433\u0430\u0435\u0442 \u043f\u043e\u0434\u0434\u0435\u0440\u0436\u0430\u0442\u044c \u0445\u043e\u0440\u043e\u0448\u0443\u044e \u0444\u043e\u0440\u043c\u0443, \u043e\u043a\u0430\u0437\u044b\u0432\u0430\u0435\u0442 \u0443\u043c\u0435\u0440\u0435\u043d\u043d\u044b\u0439 \u0441\u0435\u0434\u0430\u0442\u0438\u0432\u043d\u044b\u0439 \u044d\u0444\u0444\u0435\u043a\u0442, \u0441\u043f\u043e\u0441\u043e\u0431\u0441\u0442\u0432\u0443\u0435\u0442 \u043b\u0435\u0433\u043a\u043e\u043c\u0443 \u0437\u0430\u0441\u044b\u043f\u0430\u043d\u0438\u044e, \u0438\u0437\u0431\u0430\u0432\u043b\u044f\u0435\u0442 \u043e\u0442 \u0431\u0435\u0441\u0441\u043e\u043d\u043d\u0438\u0446\u044b. \u0422\u0440\u0430\u0432\u044f\u043d\u043e\u0439 \u0441\u0431\u043e\u0440 \u0443\u0441\u0442\u0440\u0430\u043d\u0438\u0442 \u0433\u043e\u043b\u043e\u0432\u043d\u0443\u044e \u0431\u043e\u043b\u044c, \u0441\u043e\u0433\u0440\u0435\u0435\u0442 \u0432\u0435\u0441\u044c \u043e\u0440\u0433\u0430\u043d\u0438\u0437\u043c \u0437\u0438\u043c\u043d\u0438\u043c \u0445\u043e\u043b\u043e\u0434\u043d\u044b\u043c \u0432\u0435\u0447\u0435\u0440\u043e\u043c \u0438 \u043f\u043e\u0434\u0430\u0440\u0438\u0442 \u043a\u0440\u0435\u043f\u043a\u0438\u0439 \u0437\u0434\u043e\u0440\u043e\u0432\u044b\u0439 \u0441\u043e\u043d.  <\/p>\n<p>\u0417\u0432\u0435\u0440\u043e\u0431\u043e\u0439, \u043b\u0435\u043c\u043e\u043d\u0433\u0440\u0430\u0441\u0441, \u043c\u0435\u043b\u0438\u0441\u0441\u0430, \u043b\u0438\u0441\u0442\u044c\u044f \u0435\u0436\u0435\u0432\u0438\u043a\u0438 \u0438 \u043c\u044f\u0442\u044b, \u0446\u0432\u0435\u0442\u044b \u0440\u043e\u043c\u0430\u0448\u043a\u0438 \u0438 \u0432\u0430\u0441\u0438\u043b\u044c\u043a\u0430, \u043b\u0438\u043f\u044b.<\/p>\n<p>\u0412\u043a\u0443\u0441 \u044d\u0442\u043e\u0433\u043e \u0447\u0430\u044f \u043d\u0435\u0436\u043d\u044b\u0439 \u0438 \u0443\u043c\u0438\u0440\u043e\u0442\u0432\u043e\u0440\u044f\u044e\u0449\u0438\u0439, \u0441 \u043b\u0435\u0433\u043a\u0438\u043c\u0438 \u043d\u043e\u0442\u043a\u0430\u043c\u0438 \u043b\u0430\u0432\u0430\u043d\u0434\u044b \u0438 \u043c\u044f\u0442\u044b.<\/p>\n<p>Se toarn\u0103 1 linguri\u021b\u0103 de frunze de ceai \u00een ceainic. Se toarn\u0103 250 ml de ap\u0103 cald\u0103 95cc, insist\u0103 timp de 3-5 minute pentru a ob\u021bine o b\u0103utur\u0103 cu un gust delicat. <\/p>\n","protected":false},"featured_media":11840,"comment_status":"open","ping_status":"closed","template":"","meta":[],"product_brand":[],"product_cat":[343],"product_tag":[],"class_list":{"0":"post-14508","1":"product","2":"type-product","3":"status-publish","4":"has-post-thumbnail","6":"product_cat-travyanoj-chaj","8":"first","9":"instock","10":"shipping-taxable","11":"purchasable","12":"product-type-variable","13":"has-default-attributes"},"_links":{"self":[{"href":"https:\/\/tea-shop.md\/ro\/wp-json\/wp\/v2\/product\/14508","targetHints":{"allow":["GET"]}}],"collection":[{"href":"https:\/\/tea-shop.md\/ro\/wp-json\/wp\/v2\/product"}],"about":[{"href":"https:\/\/tea-shop.md\/ro\/wp-json\/wp\/v2\/types\/product"}],"replies":[{"embeddable":true,"href":"https:\/\/tea-shop.md\/ro\/wp-json\/wp\/v2\/comments?post=14508"}],"version-history":[{"count":1,"href":"https:\/\/tea-shop.md\/ro\/wp-json\/wp\/v2\/product\/14508\/revisions"}],"predecessor-version":[{"id":14902,"href":"https:\/\/tea-shop.md\/ro\/wp-json\/wp\/v2\/product\/14508\/revisions\/14902"}],"wp:featuredmedia":[{"embeddable":true,"href":"https:\/\/tea-shop.md\/ro\/wp-json\/wp\/v2\/media\/11840"}],"wp:attachment":[{"href":"https:\/\/tea-shop.md\/ro\/wp-json\/wp\/v2\/media?parent=14508"}],"wp:term":[{"taxonomy":"product_brand","embeddable":true,"href":"https:\/\/tea-shop.md\/ro\/wp-json\/wp\/v2\/product_brand?post=14508"},{"taxonomy":"product_cat","embeddable":true,"href":"https:\/\/tea-shop.md\/ro\/wp-json\/wp\/v2\/product_cat?post=14508"},{"taxonomy":"product_tag","embeddable":true,"href":"https:\/\/tea-shop.md\/ro\/wp-json\/wp\/v2\/product_tag?post=14508"}],"curies":[{"name":"wp","href":"https:\/\/api.w.org\/{rel}","templated":true}]}}