{"id":14514,"date":"2025-12-09T23:10:59","date_gmt":"2025-12-09T21:10:59","guid":{"rendered":"https:\/\/tea-shop.md\/product\/ceai-albastru-anchang\/"},"modified":"2026-03-31T21:15:27","modified_gmt":"2026-03-31T18:15:27","slug":"ceai-albastru-anchang","status":"publish","type":"product","link":"https:\/\/tea-shop.md\/ro\/produs\/ceai-albastru-anchang\/","title":{"rendered":"Ceai albastru (anchang)"},"content":{"rendered":"<p>Ceaiul albastru din Thailanda este o plant\u0103 medicinal\u0103 \u0219i este utilizat \u00een medicina ayurvedic\u0103 ca agent sedativ, antidepresiv \u0219i antistres pentru a \u00eembun\u0103t\u0103\u021bi memoria.  <\/p>\n<p>\u00cen Thailanda, se crede c\u0103 ceaiul f\u0103cut din flori de clitoris cre\u0219te imunitatea, \u00eembun\u0103t\u0103\u021be\u0219te vederea \u0219i are un efect benefic asupra pielii \u0219i p\u0103rului. Ceaiul albastru Thailandez preparat (anchan) ofer\u0103 o infuzie frumoas\u0103 de culoare albastru str\u0103lucitor. Aroma b\u0103uturii este destul de specific\u0103, are note de porumb \u0219i maz\u0103re verde, cu gust dulce. Merge bine cu l\u0103m\u00e2ie, miere, lavand\u0103 sau trandafir, precum \u0219i ment\u0103 sau cimbru.   <\/p>\n<p>Ad\u0103uga\u021bi 1-2 grame de flori \u00een ceainic. Se toarn\u0103 250 ml de ap\u0103 fierbinte 90cc \u0219i se las\u0103 timp de 3 minute pentru a ob\u021bine o b\u0103utur\u0103 cu un gust delicat. Apoi ad\u0103uga\u021bi sucul de 1\/4 l\u0103m\u00e2ie sau var.  <\/p>\n","protected":false},"excerpt":{"rendered":"<p>Ceaiul albastru din Thailanda este o plant\u0103 medicinal\u0103 \u0219i este utilizat \u00een medicina ayurvedic\u0103 ca agent sedativ, antidepresiv \u0219i antistres<\/p>\n","protected":false},"featured_media":11834,"comment_status":"open","ping_status":"closed","template":"","meta":[],"product_brand":[],"product_cat":[343],"product_tag":[],"class_list":{"0":"post-14514","1":"product","2":"type-product","3":"status-publish","4":"has-post-thumbnail","6":"product_cat-travyanoj-chaj","8":"first","9":"instock","10":"shipping-taxable","11":"purchasable","12":"product-type-variable","13":"has-default-attributes"},"_links":{"self":[{"href":"https:\/\/tea-shop.md\/ro\/wp-json\/wp\/v2\/product\/14514","targetHints":{"allow":["GET"]}}],"collection":[{"href":"https:\/\/tea-shop.md\/ro\/wp-json\/wp\/v2\/product"}],"about":[{"href":"https:\/\/tea-shop.md\/ro\/wp-json\/wp\/v2\/types\/product"}],"replies":[{"embeddable":true,"href":"https:\/\/tea-shop.md\/ro\/wp-json\/wp\/v2\/comments?post=14514"}],"version-history":[{"count":1,"href":"https:\/\/tea-shop.md\/ro\/wp-json\/wp\/v2\/product\/14514\/revisions"}],"predecessor-version":[{"id":14901,"href":"https:\/\/tea-shop.md\/ro\/wp-json\/wp\/v2\/product\/14514\/revisions\/14901"}],"wp:featuredmedia":[{"embeddable":true,"href":"https:\/\/tea-shop.md\/ro\/wp-json\/wp\/v2\/media\/11834"}],"wp:attachment":[{"href":"https:\/\/tea-shop.md\/ro\/wp-json\/wp\/v2\/media?parent=14514"}],"wp:term":[{"taxonomy":"product_brand","embeddable":true,"href":"https:\/\/tea-shop.md\/ro\/wp-json\/wp\/v2\/product_brand?post=14514"},{"taxonomy":"product_cat","embeddable":true,"href":"https:\/\/tea-shop.md\/ro\/wp-json\/wp\/v2\/product_cat?post=14514"},{"taxonomy":"product_tag","embeddable":true,"href":"https:\/\/tea-shop.md\/ro\/wp-json\/wp\/v2\/product_tag?post=14514"}],"curies":[{"name":"wp","href":"https:\/\/api.w.org\/{rel}","templated":true}]}}