{"id":14519,"date":"2025-12-09T23:10:58","date_gmt":"2025-12-09T21:10:58","guid":{"rendered":"https:\/\/tea-shop.md\/product\/energia-vietii\/"},"modified":"2026-03-31T21:14:57","modified_gmt":"2026-03-31T18:14:57","slug":"energia-vietii","status":"publish","type":"product","link":"https:\/\/tea-shop.md\/ro\/produs\/energia-vietii\/","title":{"rendered":"Energia vie\u021bii"},"content":{"rendered":"<p>Un amestec natural de plante format din felii de mere, fructe de m\u0103ce\u0219e, p\u0103ducel, soc \u0219i coac\u0103z negru, frunze de p\u0103ducel, petale de eric\u0103 \u0219i floarea soarelui.<\/p>\n<p>Aceasta este o colec\u021bie unic\u0103 de plante care v\u0103 ajut\u0103 s\u0103 sim\u021bi\u021bi un val de energie \u0219i vigoare pe tot parcursul zilei. Con\u021bine ingrediente naturale atent selectate, care sunt combinate special pentru a asigura preocuparea organismului \u0219i pentru a men\u021bine echilibrul intern. Principalele componente ale acestui ceai includ o varietate de ierburi \u0219i plante cunoscute pentru propriet\u0103\u021bile lor revigorante \u0219i tonice.  <\/p>\n<p>Ceaiul se poate bea at\u00e2t cald, c\u00e2t \u0219i rece. Este perfect pentru cei care caut\u0103 s\u0103 men\u021bin\u0103 un stil de via\u021b\u0103 activ, se confrunt\u0103 cu oboseal\u0103 crescut\u0103 sau pur \u0219i simplu doresc s\u0103 se bucure de aroma \u0219i gustul ierburilor naturale. <\/p>\n<p>Infuzia are un gust pl\u0103cut, proasp\u0103t, u\u0219or mentolat.<\/p>\n<p>Se toarn\u0103 1 linguri\u021b\u0103 de frunze de ceai \u00eentr-un ceainic. Se toarn\u0103 250 ml de 90 de grade C ap\u0103 fierbinte \u0219i se las\u0103 timp de 3-5 minute pentru a ob\u021bine o b\u0103utur\u0103 cu un gust delicat.<\/p>\n","protected":false},"excerpt":{"rendered":"<p>\u042d\u0442\u043e \u0443\u043d\u0438\u043a\u0430\u043b\u044c\u043d\u044b\u0439 \u0442\u0440\u0430\u0432\u044f\u043d\u043e\u0439 \u0441\u0431\u043e\u0440, \u043a\u043e\u0442\u043e\u0440\u044b\u0439 \u043f\u043e\u043c\u043e\u0433\u0430\u0435\u0442 \u043e\u0449\u0443\u0442\u0438\u0442\u044c \u043f\u0440\u0438\u043b\u0438\u0432 \u044d\u043d\u0435\u0440\u0433\u0438\u0438 \u0438 \u0431\u043e\u0434\u0440\u043e\u0441\u0442\u0438 \u043d\u0430 \u043f\u0440\u043e\u0442\u044f\u0436\u0435\u043d\u0438\u0438 \u0434\u043d\u044f.<\/p>\n<p>\u0412 \u0435\u0433\u043e \u0441\u043e\u0441\u0442\u0430\u0432 \u0432\u0445\u043e\u0434\u044f\u0442 \u0442\u0449\u0430\u0442\u0435\u043b\u044c\u043d\u043e \u043f\u043e\u0434\u043e\u0431\u0440\u0430\u043d\u043d\u044b\u0435 \u043d\u0430\u0442\u0443\u0440\u0430\u043b\u044c\u043d\u044b\u0435 \u0438\u043d\u0433\u0440\u0435\u0434\u0438\u0435\u043d\u0442\u044b, \u0441\u043f\u0435\u0446\u0438\u0430\u043b\u044c\u043d\u043e \u0441\u043e\u0447\u0435\u0442\u0430\u044e\u0449\u0438\u0435\u0441\u044f \u0434\u043b\u044f \u043e\u0431\u0435\u0441\u043f\u0435\u0447\u0435\u043d\u0438\u044f \u043e\u0437\u0430\u0431\u043e\u0447\u0435\u043d\u043d\u043e\u0441\u0442\u0438 \u043e\u0440\u0433\u0430\u043d\u0438\u0437\u043c\u0430 \u0438 \u043f\u043e\u0434\u0434\u0435\u0440\u0436\u0430\u043d\u0438\u044f \u0432\u043d\u0443\u0442\u0440\u0435\u043d\u043d\u0435\u0433\u043e \u0431\u0430\u043b\u0430\u043d\u0441\u0430. \u041e\u0441\u043d\u043e\u0432\u043d\u044b\u0435 \u043a\u043e\u043c\u043f\u043e\u043d\u0435\u043d\u0442\u044b \u044d\u0442\u043e\u0433\u043e \u0447\u0430\u044f \u0432\u043a\u043b\u044e\u0447\u0430\u044e\u0442 \u0440\u0430\u0437\u043d\u043e\u043e\u0431\u0440\u0430\u0437\u043d\u044b\u0435 \u0442\u0440\u0430\u0432\u044b \u0438 \u0440\u0430\u0441\u0442\u0435\u043d\u0438\u044f, \u0438\u0437\u0432\u0435\u0441\u0442\u043d\u044b\u0435 \u0441\u0432\u043e\u0438\u043c\u0438 \u0431\u043e\u0434\u0440\u044f\u0449\u0438\u043c\u0438 \u0438 \u0442\u043e\u043d\u0438\u0437\u0438\u0440\u0443\u044e\u0449\u0438\u043c\u0438 \u0441\u0432\u043e\u0439\u0441\u0442\u0432\u0430\u043c\u0438. \u0439 &#8222;\u042d\u043d\u0435\u0440\u0433\u0438\u044f \u0436\u0438\u0437\u043d\u0438&#8221; \u043c\u043e\u0436\u043d\u043e \u043f\u0438\u0442\u044c \u043a\u0430\u043a \u0433\u043e\u0440\u044f\u0447\u0438\u043c, \u0442\u0430\u043a \u0438 \u0445\u043e\u043b\u043e\u0434\u043d\u044b\u043c. \u041e\u043d \u043e\u0442\u043b\u0438\u0447\u043d\u043e \u043f\u043e\u0434\u043e\u0439\u0434\u0435\u0442 \u0434\u043b\u044f \u0442\u0435\u0445, \u043a\u0442\u043e \u0441\u0442\u0440\u0435\u043c\u0438\u0442\u0441\u044f \u043f\u043e\u0434\u0434\u0435\u0440\u0436\u0438\u0432\u0430\u0442\u044c \u0430\u043a\u0442\u0438\u0432\u043d\u044b\u0439 \u043e\u0431\u0440\u0430\u0437 \u0436\u0438\u0437\u043d\u0438, \u0441\u0442\u0430\u043b\u043a\u0438\u0432\u0430\u0435\u0442\u0441\u044f \u0441 \u043f\u043e\u0432\u044b\u0448\u0435\u043d\u043d\u043e\u0439 \u0443\u0442\u043e\u043c\u043b\u044f\u0435\u043c\u043e\u0441\u0442\u044c\u044e \u0438\u043b\u0438 \u043f\u0440\u043e\u0441\u0442\u043e \u0445\u043e\u0447\u0435\u0442 \u043d\u0430\u0441\u043b\u0430\u0434\u0438\u0442\u044c\u0441\u044f \u0430\u0440\u043e\u043c\u0430\u0442\u043e\u043c \u0438 \u0432\u043a\u0443\u0441\u043e\u043c \u043d\u0430\u0442\u0443\u0440\u0430\u043b\u044c\u043d\u044b\u0445 \u0442\u0440\u0430\u0432.   <\/p>\n<p>Un amestec natural de plante format din felii de mere, fructe de m\u0103ce\u0219e, p\u0103ducel, soc \u0219i coac\u0103z negru, frunze de p\u0103ducel, petale de eric\u0103 \u0219i floarea soarelui.<\/p>\n<p>\u041f\u0440\u0438\u044f\u0442\u043d\u044b\u0439 \u0438 \u0441\u0432\u0435\u0436\u0438\u0439 \u0432\u043a\u0443\u0441.<\/p>\n<p>Se toarn\u0103 1 linguri\u021b\u0103 de frunze de ceai \u00een ceainic. Se toarn\u0103 250 ml de ap\u0103 cald\u0103 95cc, insist\u0103 timp de 3-5 minute pentru a ob\u021bine o b\u0103utur\u0103 cu un gust delicat. <\/p>\n","protected":false},"featured_media":11838,"comment_status":"open","ping_status":"closed","template":"","meta":[],"product_brand":[],"product_cat":[343],"product_tag":[],"class_list":{"0":"post-14519","1":"product","2":"type-product","3":"status-publish","4":"has-post-thumbnail","6":"product_cat-travyanoj-chaj","8":"first","9":"instock","10":"shipping-taxable","11":"purchasable","12":"product-type-variable","13":"has-default-attributes"},"_links":{"self":[{"href":"https:\/\/tea-shop.md\/ro\/wp-json\/wp\/v2\/product\/14519","targetHints":{"allow":["GET"]}}],"collection":[{"href":"https:\/\/tea-shop.md\/ro\/wp-json\/wp\/v2\/product"}],"about":[{"href":"https:\/\/tea-shop.md\/ro\/wp-json\/wp\/v2\/types\/product"}],"replies":[{"embeddable":true,"href":"https:\/\/tea-shop.md\/ro\/wp-json\/wp\/v2\/comments?post=14519"}],"version-history":[{"count":2,"href":"https:\/\/tea-shop.md\/ro\/wp-json\/wp\/v2\/product\/14519\/revisions"}],"predecessor-version":[{"id":14900,"href":"https:\/\/tea-shop.md\/ro\/wp-json\/wp\/v2\/product\/14519\/revisions\/14900"}],"wp:featuredmedia":[{"embeddable":true,"href":"https:\/\/tea-shop.md\/ro\/wp-json\/wp\/v2\/media\/11838"}],"wp:attachment":[{"href":"https:\/\/tea-shop.md\/ro\/wp-json\/wp\/v2\/media?parent=14519"}],"wp:term":[{"taxonomy":"product_brand","embeddable":true,"href":"https:\/\/tea-shop.md\/ro\/wp-json\/wp\/v2\/product_brand?post=14519"},{"taxonomy":"product_cat","embeddable":true,"href":"https:\/\/tea-shop.md\/ro\/wp-json\/wp\/v2\/product_cat?post=14519"},{"taxonomy":"product_tag","embeddable":true,"href":"https:\/\/tea-shop.md\/ro\/wp-json\/wp\/v2\/product_tag?post=14519"}],"curies":[{"name":"wp","href":"https:\/\/api.w.org\/{rel}","templated":true}]}}