{"id":14527,"date":"2025-12-09T23:37:42","date_gmt":"2025-12-09T21:37:42","guid":{"rendered":"https:\/\/tea-shop.md\/product\/lapte-oolong\/"},"modified":"2026-03-31T21:34:02","modified_gmt":"2026-03-31T18:34:02","slug":"lapte-oolong","status":"publish","type":"product","link":"https:\/\/tea-shop.md\/ro\/produs\/lapte-oolong\/","title":{"rendered":"Lapte Oolong"},"content":{"rendered":"<p>Ceai Semi-fermentat de \u00eenalt\u0103 calitate realizat folosind o tehnologie special\u0103. Se recolteaz\u0103 prim\u0103vara \u0219i toamna \u00een provinciile chineze Fujian, Taiwan \u0219i Guangdong. C\u00e2nd se prepar\u0103, ob\u021binem o infuzie bogat\u0103, cu o arom\u0103 l\u0103ptoas\u0103 str\u0103lucitoare \u0219i gust de ceai cu lapte.  <\/p>\n<p id=\"a2e2\" class=\"pw-post-body-paragraph lu lv lw lx b ly lz ma mb mc md me mf mg mh mi mj mk ml mm mn mo mp mq mr ms lf bl\" data-selectable-paragraph=\"\"><span dir=\"auto\">Lapte oolong este una dintre cele mai populare soiuri de ceai din lume \u0219i \u00een magazinul nostru de ceai. Aproape tuturor le place de la prima \u00eenghi\u021bitur\u0103, datorit\u0103 aromei sale u\u0219oare \u0219i str\u0103lucitoare \u0219i gustului cremos. <\/span><\/p>\n<p id=\"2284\" class=\"pw-post-body-paragraph lu lv lw lx b ly lz ma mb mc md me mf mg mh mi mj mk ml mm mn mo mp mq mr ms lf bl\" data-selectable-paragraph=\"\"><span dir=\"auto\">\u00cen aroma de lapte a ceaiului oolong se pot distinge u\u0219oare note de lapte cald a9&gt; \u0219i note de caramel. Cel mai interesant este c\u0103 nici caramelul, nici laptele nu au fost folosite \u00een procesul de preparare a acestui ceai. <\/span><span dir=\"auto\">Acest parfum este ob\u021binut \u00een timpul procesului de aromatizare \u00een tehnologia de produc\u021bie a laptelui Oolong.<\/span><\/p>\n<p>Se toarn\u0103 5 grame de frunze de ceai \u00een ceainic. Se toarn\u0103 200 ml de ap\u0103 fierbinte de 85-90 CP \u0219i se las\u0103 timp de 20 de secunde pentru a ob\u021bine o b\u0103utur\u0103 cu un gust delicat. Se prepar\u0103 ceai \u00een scurgeri. Acest ceai oolong poate rezista p\u00e2n\u0103 la 6 scurgeri.   <\/p>\n","protected":false},"excerpt":{"rendered":"<p>Ceai Semi-fermentat de \u00eenalt\u0103 calitate realizat folosind o tehnologie special\u0103. Se recolteaz\u0103 prim\u0103vara \u0219i toamna \u00een provinciile chineze Fujian, Taiwan<\/p>\n","protected":false},"featured_media":2014,"comment_status":"open","ping_status":"closed","template":"","meta":[],"product_brand":[],"product_cat":[344],"product_tag":[],"class_list":{"0":"post-14527","1":"product","2":"type-product","3":"status-publish","4":"has-post-thumbnail","6":"product_cat-uluny","8":"first","9":"instock","10":"shipping-taxable","11":"purchasable","12":"product-type-variable"},"_links":{"self":[{"href":"https:\/\/tea-shop.md\/ro\/wp-json\/wp\/v2\/product\/14527","targetHints":{"allow":["GET"]}}],"collection":[{"href":"https:\/\/tea-shop.md\/ro\/wp-json\/wp\/v2\/product"}],"about":[{"href":"https:\/\/tea-shop.md\/ro\/wp-json\/wp\/v2\/types\/product"}],"replies":[{"embeddable":true,"href":"https:\/\/tea-shop.md\/ro\/wp-json\/wp\/v2\/comments?post=14527"}],"version-history":[{"count":1,"href":"https:\/\/tea-shop.md\/ro\/wp-json\/wp\/v2\/product\/14527\/revisions"}],"predecessor-version":[{"id":14925,"href":"https:\/\/tea-shop.md\/ro\/wp-json\/wp\/v2\/product\/14527\/revisions\/14925"}],"wp:featuredmedia":[{"embeddable":true,"href":"https:\/\/tea-shop.md\/ro\/wp-json\/wp\/v2\/media\/2014"}],"wp:attachment":[{"href":"https:\/\/tea-shop.md\/ro\/wp-json\/wp\/v2\/media?parent=14527"}],"wp:term":[{"taxonomy":"product_brand","embeddable":true,"href":"https:\/\/tea-shop.md\/ro\/wp-json\/wp\/v2\/product_brand?post=14527"},{"taxonomy":"product_cat","embeddable":true,"href":"https:\/\/tea-shop.md\/ro\/wp-json\/wp\/v2\/product_cat?post=14527"},{"taxonomy":"product_tag","embeddable":true,"href":"https:\/\/tea-shop.md\/ro\/wp-json\/wp\/v2\/product_tag?post=14527"}],"curies":[{"name":"wp","href":"https:\/\/api.w.org\/{rel}","templated":true}]}}