{"id":14533,"date":"2025-12-09T23:37:41","date_gmt":"2025-12-09T21:37:41","guid":{"rendered":"https:\/\/tea-shop.md\/product\/te-guan-yin-zeita-de-fier-a-milostivirii\/"},"modified":"2026-03-31T21:29:16","modified_gmt":"2026-03-31T18:29:16","slug":"te-guan-yin-zeita-de-fier-a-milostivirii","status":"publish","type":"product","link":"https:\/\/tea-shop.md\/ro\/produs\/te-guan-yin-zeita-de-fier-a-milostivirii\/","title":{"rendered":"Te Guan Yin &#8222;Zei\u021ba de fier a Milostivirii&#8221;"},"content":{"rendered":"<p>Ceai oolong chinezesc clasic semi-fermentat cu frunze mari, recoltat \u00een provincia Fujian.<\/p>\n<p>Te Guan Yin (&#8222;Zeita de fier a Milostivirii&#8221;) este una dintre cele mai faimoase oolong-uri chineze, originar\u0103 din jude\u021bul Anxi, provincia Fujian. Ceaiul &#8222;te Guan Yin&#8221; nu este doar o varietate, este un stil de prelucrare, tradi\u021bii \u0219i cultur\u0103 a consumului de ceai. Combin\u0103 note aromatice \u0219i complexe \u0219i este considerat un reper printre oolongs.  <\/p>\n<p>Acesta este un ceai cu frunze mari, iar o frunz\u0103 mai matur\u0103 este recoltat\u0103 pentru produc\u021bia sa dec\u00e2t pentru ceaiul verde. Fermentarea slab\u0103 p\u0103streaz\u0103 vitaminele \u0219i taninul, activeaz\u0103 cofeina \u0219i creeaz\u0103 condi\u021bii pentru formarea de noi uleiuri esen\u021biale \u0219i compu\u0219i care confer\u0103 ceaiului un gust \u0219i o arom\u0103 distinctive. <\/p>\n<p>Infuzia te Guan Yin este galben auriu. Parfumul este bogat \u0219i multistrat: de la note florale (orhidee, iasomie) la fructe \u0219i dulci. B\u0103utura se simte catifelat\u0103 \u00een gur\u0103, cu o v\u00e2scozitate moale \u0219i un postgust lung.  <\/p>\n<p>Este recomandat ca aperitiv \u0219i ca b\u0103utur\u0103 independent\u0103 \u00eentre mese.<\/p>\n<p>Se toarn\u0103 5 grame de frunze de ceai \u00een ceainic. Se toarn\u0103 200 ml de ap\u0103 fierbinte de 85-90 CP \u0219i se las\u0103 timp de 20 de secunde pentru a ob\u021bine o b\u0103utur\u0103 cu un gust delicat. Se prepar\u0103 ceai \u00een scurgeri. Acest ceai oolong poate rezista p\u00e2n\u0103 la 6 scurgeri.   <\/p>\n<p>&nbsp;<\/p>\n","protected":false},"excerpt":{"rendered":"<p>Ceai oolong chinezesc clasic semi-fermentat cu frunze mari, recoltat \u00een provincia Fujian. Te Guan Yin (&#8222;Zeita de fier a Milostivirii&#8221;)<\/p>\n","protected":false},"featured_media":14532,"comment_status":"open","ping_status":"closed","template":"","meta":[],"product_brand":[],"product_cat":[344],"product_tag":[],"class_list":{"0":"post-14533","1":"product","2":"type-product","3":"status-publish","4":"has-post-thumbnail","6":"product_cat-uluny","8":"first","9":"instock","10":"shipping-taxable","11":"purchasable","12":"product-type-variable","13":"has-default-attributes"},"_links":{"self":[{"href":"https:\/\/tea-shop.md\/ro\/wp-json\/wp\/v2\/product\/14533","targetHints":{"allow":["GET"]}}],"collection":[{"href":"https:\/\/tea-shop.md\/ro\/wp-json\/wp\/v2\/product"}],"about":[{"href":"https:\/\/tea-shop.md\/ro\/wp-json\/wp\/v2\/types\/product"}],"replies":[{"embeddable":true,"href":"https:\/\/tea-shop.md\/ro\/wp-json\/wp\/v2\/comments?post=14533"}],"version-history":[{"count":1,"href":"https:\/\/tea-shop.md\/ro\/wp-json\/wp\/v2\/product\/14533\/revisions"}],"predecessor-version":[{"id":14923,"href":"https:\/\/tea-shop.md\/ro\/wp-json\/wp\/v2\/product\/14533\/revisions\/14923"}],"wp:featuredmedia":[{"embeddable":true,"href":"https:\/\/tea-shop.md\/ro\/wp-json\/wp\/v2\/media\/14532"}],"wp:attachment":[{"href":"https:\/\/tea-shop.md\/ro\/wp-json\/wp\/v2\/media?parent=14533"}],"wp:term":[{"taxonomy":"product_brand","embeddable":true,"href":"https:\/\/tea-shop.md\/ro\/wp-json\/wp\/v2\/product_brand?post=14533"},{"taxonomy":"product_cat","embeddable":true,"href":"https:\/\/tea-shop.md\/ro\/wp-json\/wp\/v2\/product_cat?post=14533"},{"taxonomy":"product_tag","embeddable":true,"href":"https:\/\/tea-shop.md\/ro\/wp-json\/wp\/v2\/product_tag?post=14533"}],"curies":[{"name":"wp","href":"https:\/\/api.w.org\/{rel}","templated":true}]}}