{"id":14538,"date":"2025-12-09T23:37:40","date_gmt":"2025-12-09T21:37:40","guid":{"rendered":"https:\/\/tea-shop.md\/product\/oolong-portocaliu-menta-migdale\/"},"modified":"2026-03-31T21:27:22","modified_gmt":"2026-03-31T18:27:22","slug":"oolong-portocaliu-menta-migdale","status":"publish","type":"product","link":"https:\/\/tea-shop.md\/ro\/produs\/oolong-portocaliu-menta-migdale\/","title":{"rendered":"Oolong portocaliu-ment\u0103-migdale"},"content":{"rendered":"<p>Ceai oolong Semi-fermentat cu felii de migdale, g\u0103lbenele \u0219i \u0219ofr\u0103nel.<\/p>\n<p>Infuzia preparat\u0103 are o arom\u0103 bogat\u0103 str\u0103lucitoare de migdale cu arom\u0103 de portocale \u0219i ment\u0103.<\/p>\n<p>Se toarn\u0103 4 grame de frunze de ceai \u00een ceainic. Se toarn\u0103 250 ml de 90 de grade C ap\u0103 fierbinte \u0219i se las\u0103 timp de 3-5 minute pentru a ob\u021bine o b\u0103utur\u0103 cu un gust delicat.  Aceea\u0219i b\u0103utur\u0103 poate fi turnat\u0103 de p\u00e2n\u0103 la 4 ori la r\u00e2nd, de fiecare dat\u0103 prelungind timpul de perfuzie cu aproximativ 1 minut. P\u0103stra\u021bi-l timp de maximum 5 minute, nu pute\u021bi insista mult timp, b\u0103utura va deveni tart\u0103. <\/p>\n<p>&nbsp;<\/p>\n","protected":false},"excerpt":{"rendered":"<p>Ceai oolong Semi-fermentat cu felii de migdale, g\u0103lbenele \u0219i \u0219ofr\u0103nel. Infuzia preparat\u0103 are o arom\u0103 bogat\u0103 str\u0103lucitoare de migdale cu<\/p>\n","protected":false},"featured_media":2018,"comment_status":"open","ping_status":"closed","template":"","meta":[],"product_brand":[],"product_cat":[344],"product_tag":[],"class_list":{"0":"post-14538","1":"product","2":"type-product","3":"status-publish","4":"has-post-thumbnail","6":"product_cat-uluny","8":"first","9":"instock","10":"shipping-taxable","11":"purchasable","12":"product-type-variable","13":"has-default-attributes"},"_links":{"self":[{"href":"https:\/\/tea-shop.md\/ro\/wp-json\/wp\/v2\/product\/14538","targetHints":{"allow":["GET"]}}],"collection":[{"href":"https:\/\/tea-shop.md\/ro\/wp-json\/wp\/v2\/product"}],"about":[{"href":"https:\/\/tea-shop.md\/ro\/wp-json\/wp\/v2\/types\/product"}],"replies":[{"embeddable":true,"href":"https:\/\/tea-shop.md\/ro\/wp-json\/wp\/v2\/comments?post=14538"}],"version-history":[{"count":1,"href":"https:\/\/tea-shop.md\/ro\/wp-json\/wp\/v2\/product\/14538\/revisions"}],"predecessor-version":[{"id":14922,"href":"https:\/\/tea-shop.md\/ro\/wp-json\/wp\/v2\/product\/14538\/revisions\/14922"}],"wp:featuredmedia":[{"embeddable":true,"href":"https:\/\/tea-shop.md\/ro\/wp-json\/wp\/v2\/media\/2018"}],"wp:attachment":[{"href":"https:\/\/tea-shop.md\/ro\/wp-json\/wp\/v2\/media?parent=14538"}],"wp:term":[{"taxonomy":"product_brand","embeddable":true,"href":"https:\/\/tea-shop.md\/ro\/wp-json\/wp\/v2\/product_brand?post=14538"},{"taxonomy":"product_cat","embeddable":true,"href":"https:\/\/tea-shop.md\/ro\/wp-json\/wp\/v2\/product_cat?post=14538"},{"taxonomy":"product_tag","embeddable":true,"href":"https:\/\/tea-shop.md\/ro\/wp-json\/wp\/v2\/product_tag?post=14538"}],"curies":[{"name":"wp","href":"https:\/\/api.w.org\/{rel}","templated":true}]}}