{"id":14542,"date":"2025-12-09T23:37:39","date_gmt":"2025-12-09T21:37:39","guid":{"rendered":"https:\/\/tea-shop.md\/product\/ceai-oolong-cu-fructe-de-padure-goji\/"},"modified":"2026-03-31T21:24:48","modified_gmt":"2026-03-31T18:24:48","slug":"ceai-oolong-cu-fructe-de-padure-goji","status":"publish","type":"product","link":"https:\/\/tea-shop.md\/ro\/produs\/ceai-oolong-cu-fructe-de-padure-goji\/","title":{"rendered":"Ceai oolong cu fructe de padure goji"},"content":{"rendered":"<p>Ceai oolong chinezesc cu frunze mari de cea mai \u00eenalt\u0103 calitate, cu adaos de fructe de padure goji. O infuzie str\u0103lucitoare, bogat\u0103, cu un gust pl\u0103cut \u0219i o arom\u0103 uimitoare de fructe de padure goji. <\/p>\n<p>Gustul b\u0103uturii este cald, moale, pl\u0103cut, cu un postgust lung de fructe.<\/p>\n<p>Se toarn\u0103 4 grame de frunze de ceai \u00een ceainic. Se toarn\u0103 250 ml de 90 de grade C ap\u0103 fierbinte \u0219i se las\u0103 timp de 3-5 minute pentru a ob\u021bine o b\u0103utur\u0103 cu un gust delicat. <\/p>\n","protected":false},"excerpt":{"rendered":"<p>Ceai oolong chinezesc cu frunze mari de cea mai \u00eenalt\u0103 calitate, cu adaos de fructe de padure goji. O infuzie<\/p>\n","protected":false},"featured_media":13405,"comment_status":"open","ping_status":"closed","template":"","meta":[],"product_brand":[],"product_cat":[344],"product_tag":[],"class_list":{"0":"post-14542","1":"product","2":"type-product","3":"status-publish","4":"has-post-thumbnail","6":"product_cat-uluny","8":"first","9":"instock","10":"shipping-taxable","11":"purchasable","12":"product-type-variable","13":"has-default-attributes"},"_links":{"self":[{"href":"https:\/\/tea-shop.md\/ro\/wp-json\/wp\/v2\/product\/14542","targetHints":{"allow":["GET"]}}],"collection":[{"href":"https:\/\/tea-shop.md\/ro\/wp-json\/wp\/v2\/product"}],"about":[{"href":"https:\/\/tea-shop.md\/ro\/wp-json\/wp\/v2\/types\/product"}],"replies":[{"embeddable":true,"href":"https:\/\/tea-shop.md\/ro\/wp-json\/wp\/v2\/comments?post=14542"}],"version-history":[{"count":1,"href":"https:\/\/tea-shop.md\/ro\/wp-json\/wp\/v2\/product\/14542\/revisions"}],"predecessor-version":[{"id":14920,"href":"https:\/\/tea-shop.md\/ro\/wp-json\/wp\/v2\/product\/14542\/revisions\/14920"}],"wp:featuredmedia":[{"embeddable":true,"href":"https:\/\/tea-shop.md\/ro\/wp-json\/wp\/v2\/media\/13405"}],"wp:attachment":[{"href":"https:\/\/tea-shop.md\/ro\/wp-json\/wp\/v2\/media?parent=14542"}],"wp:term":[{"taxonomy":"product_brand","embeddable":true,"href":"https:\/\/tea-shop.md\/ro\/wp-json\/wp\/v2\/product_brand?post=14542"},{"taxonomy":"product_cat","embeddable":true,"href":"https:\/\/tea-shop.md\/ro\/wp-json\/wp\/v2\/product_cat?post=14542"},{"taxonomy":"product_tag","embeddable":true,"href":"https:\/\/tea-shop.md\/ro\/wp-json\/wp\/v2\/product_tag?post=14542"}],"curies":[{"name":"wp","href":"https:\/\/api.w.org\/{rel}","templated":true}]}}