{"id":14554,"date":"2025-12-09T23:37:43","date_gmt":"2025-12-09T21:37:43","guid":{"rendered":"https:\/\/tea-shop.md\/product\/oolong-ginseng\/"},"modified":"2026-03-31T21:36:07","modified_gmt":"2026-03-31T18:36:07","slug":"oolong-ginseng","status":"publish","type":"product","link":"https:\/\/tea-shop.md\/ro\/produs\/oolong-ginseng\/","title":{"rendered":"Oolong Ginseng"},"content":{"rendered":"<p>Ginsengul oolong Semi\u2013fermentat este cel mai neobi\u0219nuit reprezentant independent al oolongilor. Se compune din r\u0103d\u0103cin\u0103 de ginseng, care este m\u0103cinat\u0103 \u00een pulbere \u0219i amestecat\u0103 cu frunze de ceai. Ceaiul este presat \u00een frunze dense de ceai rotunjite sub form\u0103 de pietricele. Datorit\u0103 consisten\u021bei sale naturale bogate, ceaiul de Ginseng oolong are un efect tonic puternic \u0219i \u00eembun\u0103t\u0103\u021be\u0219te func\u021bionarea \u00eentregului corp. Este un adev\u0103rat generator de lumin\u0103 solar\u0103 \u0219i bun\u0103 dispozi\u021bie. \u00cen plus, soiul are un gust unic, unic, plin de dulcea\u021b\u0103 \u0219i r\u0103ceal\u0103 pl\u0103cut\u0103.     <\/p>\n<p>La preparare, ob\u021binem o infuzie de culoare galben-verzuie, cu un gust dulce persistent. Gust dulce, u\u0219or astringent, cu un postgust lung. B\u0103utura r\u0103m\u00e2ne pe buze, continu\u00e2nd s\u0103 miroas\u0103 \u0219i s\u0103 evoce o varietate de asocia\u021bii.  <\/p>\n<p>Se toarn\u0103 4 grame de frunze de ceai \u00een ceainic. Se toarn\u0103 250 ml de 90 de grade C ap\u0103 fierbinte \u0219i se las\u0103 timp de 3-5 minute pentru a ob\u021bine o b\u0103utur\u0103 cu un gust delicat. <\/p>\n<p>Aceea\u0219i b\u0103utur\u0103 poate fi turnat\u0103 de p\u00e2n\u0103 la 4 ori la r\u00e2nd, de fiecare dat\u0103 prelungind timpul de perfuzie cu aproximativ 1 minut. P\u0103stra\u021bi-l timp de maximum 5 minute, nu pute\u021bi insista mult timp, b\u0103utura va deveni tart\u0103. <\/p>\n<p>&nbsp;<\/p>\n","protected":false},"excerpt":{"rendered":"<p>Ginsengul oolong Semi\u2013fermentat este cel mai neobi\u0219nuit reprezentant independent al oolongilor. Se compune din r\u0103d\u0103cin\u0103 de ginseng, care este m\u0103cinat\u0103<\/p>\n","protected":false},"featured_media":2017,"comment_status":"open","ping_status":"closed","template":"","meta":[],"product_brand":[],"product_cat":[344],"product_tag":[],"class_list":{"0":"post-14554","1":"product","2":"type-product","3":"status-publish","4":"has-post-thumbnail","6":"product_cat-uluny","8":"first","9":"instock","10":"shipping-taxable","11":"purchasable","12":"product-type-variable","13":"has-default-attributes"},"_links":{"self":[{"href":"https:\/\/tea-shop.md\/ro\/wp-json\/wp\/v2\/product\/14554","targetHints":{"allow":["GET"]}}],"collection":[{"href":"https:\/\/tea-shop.md\/ro\/wp-json\/wp\/v2\/product"}],"about":[{"href":"https:\/\/tea-shop.md\/ro\/wp-json\/wp\/v2\/types\/product"}],"replies":[{"embeddable":true,"href":"https:\/\/tea-shop.md\/ro\/wp-json\/wp\/v2\/comments?post=14554"}],"version-history":[{"count":1,"href":"https:\/\/tea-shop.md\/ro\/wp-json\/wp\/v2\/product\/14554\/revisions"}],"predecessor-version":[{"id":14927,"href":"https:\/\/tea-shop.md\/ro\/wp-json\/wp\/v2\/product\/14554\/revisions\/14927"}],"wp:featuredmedia":[{"embeddable":true,"href":"https:\/\/tea-shop.md\/ro\/wp-json\/wp\/v2\/media\/2017"}],"wp:attachment":[{"href":"https:\/\/tea-shop.md\/ro\/wp-json\/wp\/v2\/media?parent=14554"}],"wp:term":[{"taxonomy":"product_brand","embeddable":true,"href":"https:\/\/tea-shop.md\/ro\/wp-json\/wp\/v2\/product_brand?post=14554"},{"taxonomy":"product_cat","embeddable":true,"href":"https:\/\/tea-shop.md\/ro\/wp-json\/wp\/v2\/product_cat?post=14554"},{"taxonomy":"product_tag","embeddable":true,"href":"https:\/\/tea-shop.md\/ro\/wp-json\/wp\/v2\/product_tag?post=14554"}],"curies":[{"name":"wp","href":"https:\/\/api.w.org\/{rel}","templated":true}]}}