{"id":14558,"date":"2025-12-09T23:37:41","date_gmt":"2025-12-09T21:37:41","guid":{"rendered":"https:\/\/tea-shop.md\/product\/oolong-gaba-alishan\/"},"modified":"2026-03-31T21:30:40","modified_gmt":"2026-03-31T18:30:40","slug":"oolong-gaba-alishan","status":"publish","type":"product","link":"https:\/\/tea-shop.md\/ro\/produs\/oolong-gaba-alishan\/","title":{"rendered":"Oolong GABA Alishan"},"content":{"rendered":"<p>Gaba este un ceai f\u0103cut folosind o tehnologie unic\u0103 de vid, rezult\u00e2nd formarea acidului Gamma amino butiric \u00een frunze, care poate tonifica u\u0219or sistemul nervos obosit.<\/p>\n<p>Oolong &#8222;GABA Alishan&#8221; este aurul printre ceaiuri. C\u00e2nd sunt uscate, frunzele cap\u0103t\u0103 fie o nuan\u021b\u0103 aurie, fie negru-ardezie, conferind b\u0103uturii o culoare elegant\u0103 \u0219i se r\u0103sucesc \u00een spirale elegante, transform\u00e2ndu-se \u00eentr-o \u00eempr\u0103\u0219tiere de &#8222;a\u0219chii aurii&#8221;. Gustul este restr\u00e2ns \u0219i prim, ca un englez, acru \u0219i dens, ca satinul \u0219i, \u00eentr-o oarecare m\u0103sur\u0103, preten\u021bios dulce \u0219i acru.  <\/p>\n<p>Acest ceai este recomandat persoanelor predispuse la stres. B\u0103utura atenueaz\u0103 senza\u021bia de anxietate \u0219i reduce tensiunea nervoas\u0103. \u00cen plus, ceaiul Gaba are un efect calmant, are un efect de restaurare \u0219i previne moartea celulelor nervoase. Stimuleaz\u0103 alimentarea cu s\u00e2nge a creierului, normalizeaz\u0103 metabolismul \u0219i activeaz\u0103 activitatea creierului.   <\/p>\n<p>Gustul ceaiului este bogat, uniform, perfect echilibrat, f\u0103r\u0103 note dure intruzive.<\/p>\n<p>Se toarn\u0103 4 grame de frunze de ceai \u00een ceainic. Se toarn\u0103 250 ml de ap\u0103 cald\u0103 85cc, insist\u0103 timp de 3-5 minute pentru a ob\u021bine o b\u0103utur\u0103 cu un gust delicat. <\/p>\n<p>&nbsp;<\/p>\n","protected":false},"excerpt":{"rendered":"<p>Gaba este un ceai f\u0103cut folosind o tehnologie unic\u0103 de vid, rezult\u00e2nd formarea acidului Gamma amino butiric \u00een frunze, care<\/p>\n","protected":false},"featured_media":2043,"comment_status":"open","ping_status":"closed","template":"","meta":[],"product_brand":[],"product_cat":[344],"product_tag":[],"class_list":{"0":"post-14558","1":"product","2":"type-product","3":"status-publish","4":"has-post-thumbnail","6":"product_cat-uluny","8":"first","9":"instock","10":"shipping-taxable","11":"purchasable","12":"product-type-variable","13":"has-default-attributes"},"_links":{"self":[{"href":"https:\/\/tea-shop.md\/ro\/wp-json\/wp\/v2\/product\/14558","targetHints":{"allow":["GET"]}}],"collection":[{"href":"https:\/\/tea-shop.md\/ro\/wp-json\/wp\/v2\/product"}],"about":[{"href":"https:\/\/tea-shop.md\/ro\/wp-json\/wp\/v2\/types\/product"}],"replies":[{"embeddable":true,"href":"https:\/\/tea-shop.md\/ro\/wp-json\/wp\/v2\/comments?post=14558"}],"version-history":[{"count":1,"href":"https:\/\/tea-shop.md\/ro\/wp-json\/wp\/v2\/product\/14558\/revisions"}],"predecessor-version":[{"id":14924,"href":"https:\/\/tea-shop.md\/ro\/wp-json\/wp\/v2\/product\/14558\/revisions\/14924"}],"wp:featuredmedia":[{"embeddable":true,"href":"https:\/\/tea-shop.md\/ro\/wp-json\/wp\/v2\/media\/2043"}],"wp:attachment":[{"href":"https:\/\/tea-shop.md\/ro\/wp-json\/wp\/v2\/media?parent=14558"}],"wp:term":[{"taxonomy":"product_brand","embeddable":true,"href":"https:\/\/tea-shop.md\/ro\/wp-json\/wp\/v2\/product_brand?post=14558"},{"taxonomy":"product_cat","embeddable":true,"href":"https:\/\/tea-shop.md\/ro\/wp-json\/wp\/v2\/product_cat?post=14558"},{"taxonomy":"product_tag","embeddable":true,"href":"https:\/\/tea-shop.md\/ro\/wp-json\/wp\/v2\/product_tag?post=14558"}],"curies":[{"name":"wp","href":"https:\/\/api.w.org\/{rel}","templated":true}]}}