{"id":14562,"date":"2025-12-09T23:37:39","date_gmt":"2025-12-09T21:37:39","guid":{"rendered":"https:\/\/tea-shop.md\/product\/ceai-oolong-cu-fructe-orientale\/"},"modified":"2026-03-31T21:25:47","modified_gmt":"2026-03-31T18:25:47","slug":"ceai-oolong-cu-fructe-orientale","status":"publish","type":"product","link":"https:\/\/tea-shop.md\/ro\/produs\/ceai-oolong-cu-fructe-orientale\/","title":{"rendered":"Ceai oolong cu fructe orientale"},"content":{"rendered":"<p>Ceai chinezesc semi-fermentat oolong cu adaos de karkade, mere \u0219i fructe confiate. Infuzia preparat\u0103 combin\u0103 gustul delicat de oolong \u0219i fructe cu o arom\u0103 bogat\u0103. <\/p>\n<p>Ceai Oolong, fructe uscate, karkade.<\/p>\n<p>Delicatetea ceaiului oolong, dulcea\u021ba, aciditatea \u0219i aroma pl\u0103cut\u0103 de fructe sunt perfect combinate.<\/p>\n<p>Se toarn\u0103 4 grame de frunze de ceai \u00een ceainic. Se toarn\u0103 250 ml de ap\u0103 cald\u0103 85cc, insist\u0103 timp de 3-5 minute pentru a ob\u021bine o b\u0103utur\u0103 cu un gust delicat. <\/p>\n<p>&nbsp;<\/p>\n","protected":false},"excerpt":{"rendered":"<p>Ceai chinezesc semi-fermentat oolong cu adaos de karkade, mere \u0219i fructe confiate. Infuzia preparat\u0103 combin\u0103 gustul delicat de oolong \u0219i<\/p>\n","protected":false},"featured_media":13407,"comment_status":"open","ping_status":"closed","template":"","meta":[],"product_brand":[],"product_cat":[344],"product_tag":[],"class_list":{"0":"post-14562","1":"product","2":"type-product","3":"status-publish","4":"has-post-thumbnail","6":"product_cat-uluny","8":"first","9":"instock","10":"shipping-taxable","11":"purchasable","12":"product-type-variable","13":"has-default-attributes"},"_links":{"self":[{"href":"https:\/\/tea-shop.md\/ro\/wp-json\/wp\/v2\/product\/14562","targetHints":{"allow":["GET"]}}],"collection":[{"href":"https:\/\/tea-shop.md\/ro\/wp-json\/wp\/v2\/product"}],"about":[{"href":"https:\/\/tea-shop.md\/ro\/wp-json\/wp\/v2\/types\/product"}],"replies":[{"embeddable":true,"href":"https:\/\/tea-shop.md\/ro\/wp-json\/wp\/v2\/comments?post=14562"}],"version-history":[{"count":1,"href":"https:\/\/tea-shop.md\/ro\/wp-json\/wp\/v2\/product\/14562\/revisions"}],"predecessor-version":[{"id":14921,"href":"https:\/\/tea-shop.md\/ro\/wp-json\/wp\/v2\/product\/14562\/revisions\/14921"}],"wp:featuredmedia":[{"embeddable":true,"href":"https:\/\/tea-shop.md\/ro\/wp-json\/wp\/v2\/media\/13407"}],"wp:attachment":[{"href":"https:\/\/tea-shop.md\/ro\/wp-json\/wp\/v2\/media?parent=14562"}],"wp:term":[{"taxonomy":"product_brand","embeddable":true,"href":"https:\/\/tea-shop.md\/ro\/wp-json\/wp\/v2\/product_brand?post=14562"},{"taxonomy":"product_cat","embeddable":true,"href":"https:\/\/tea-shop.md\/ro\/wp-json\/wp\/v2\/product_cat?post=14562"},{"taxonomy":"product_tag","embeddable":true,"href":"https:\/\/tea-shop.md\/ro\/wp-json\/wp\/v2\/product_tag?post=14562"}],"curies":[{"name":"wp","href":"https:\/\/api.w.org\/{rel}","templated":true}]}}