{"id":14568,"date":"2025-12-09T23:37:38","date_gmt":"2025-12-09T21:37:38","guid":{"rendered":"https:\/\/tea-shop.md\/product\/mango-thailandez-oolong\/"},"modified":"2026-03-31T21:23:59","modified_gmt":"2026-03-31T18:23:59","slug":"mango-thailandez-oolong","status":"publish","type":"product","link":"https:\/\/tea-shop.md\/ro\/produs\/mango-thailandez-oolong\/","title":{"rendered":"Mango Thailandez Oolong"},"content":{"rendered":"<p>Ceai oolong chinezesc cu frunze mari de cea mai \u00eenalt\u0103 calitate, cu adaos de felii suculente de mango, petale \u0219i flori de g\u0103lbenele \u0219i \u0219ofr\u0103nel.<\/p>\n<p>Ceaiul cu adaos de mango Thailandez normalizeaz\u0103 func\u021bia hepatic\u0103, regleaz\u0103 metabolismul, afecteaz\u0103 pozitiv activitatea \u0219i aciditatea stomacului, regleaz\u0103 nivelul zah\u0103rului din s\u00e2nge. Ajut\u0103 perfect la recuperarea de boli, stimuleaz\u0103 sistemul imunitar. <\/p>\n<p>Oolong are un efect tonic, \u00eent\u0103re\u0219te pere\u021bii vaselor de s\u00e2nge, accelereaz\u0103 procesele metabolice, \u00eent\u0103re\u0219te sistemul imunitar, \u00eentinere\u0219te corpul \u0219i pielea.<\/p>\n<p>\u041d\u0430\u0441\u0442\u043e\u0439 \u043e\u0431\u043b\u0430\u0434\u0430\u0435\u0442 \u043d\u0435\u0436\u043d\u044b\u043c \u0432\u043a\u0443\u0441\u043e\u043c \u0438 \u043d\u0430\u0441\u044b\u0449\u0435\u043d\u043d\u044b\u043c \u0430\u0440\u043e\u043c\u0430\u0442\u043e\u043c \u043c\u0430\u043d\u0433\u043e. \u0412\u043a\u0443\u0441 \u043c\u044f\u0433\u043a\u0438\u0439 \u0441 \u0446\u0432\u0435\u0442\u043e\u0447\u043d\u043e-\u0444\u0440\u0443\u043a\u0442\u043e\u0432\u044b\u043c\u0438 \u043d\u043e\u0442\u0430\u043c\u0438. <\/p>\n<p>Se toarn\u0103 4 grame de frunze de ceai \u00een ceainic. Se toarn\u0103 250 ml de 90 de grade C ap\u0103 fierbinte \u0219i se las\u0103 timp de 3-5 minute pentru a ob\u021bine o b\u0103utur\u0103 cu un gust delicat. <\/p>\n","protected":false},"excerpt":{"rendered":"<p>\u042d\u0442\u043e \u043f\u0440\u0435\u0432\u043e\u0441\u0445\u043e\u0434\u043d\u044b\u0439 \u0437\u0435\u043b\u0435\u043d\u044b\u0439 \u0447\u0430\u0439 \u0441 \u043f\u0440\u044f\u043d\u044b\u043c \u0430\u0440\u043e\u043c\u0430\u0442\u043e\u043c \u0441\u043f\u0435\u043b\u043e\u0433\u043e \u0442\u0430\u0439\u0441\u043a\u043e\u0433\u043e \u043c\u0430\u043d\u0433\u043e, \u0441\u043e\u0434\u0435\u0440\u0436\u0430\u0449\u0438\u0439 \u043a\u0443\u0441\u043e\u0447\u043a\u0438 \u0444\u0440\u0443\u043a\u0442\u0430. \u0427\u0430\u0439 \u0441 \u0434\u043e\u0431\u0430\u0432\u043b\u0435\u043d\u0438\u0435\u043c \u0442\u0430\u0439\u0441\u043a\u043e\u0433\u043e \u043c\u0430\u043d\u0433\u043e \u043d\u043e\u0440\u043c\u0430\u043b\u0438\u0437\u0443\u0435\u0442 \u0440\u0430\u0431\u043e\u0442\u0443 \u043f\u0435\u0447\u0435\u043d\u0438, \u0440\u0435\u0433\u0443\u043b\u0438\u0440\u0443\u0435\u0442 \u043e\u0431\u043c\u0435\u043d \u0432\u0435\u0449\u0435\u0441\u0442\u0432, \u043f\u043e\u0437\u0438\u0442\u0438\u0432\u043d\u043e \u0441\u043a\u0430\u0437\u044b\u0432\u0430\u0435\u0442\u0441\u044f \u043d\u0430 \u0440\u0430\u0431\u043e\u0442\u0435 \u0438 \u043a\u0438\u0441\u043b\u043e\u0442\u043d\u043e\u0441\u0442\u0438 \u0436\u0435\u043b\u0443\u0434\u043a\u0430, \u0440\u0435\u0433\u0443\u043b\u0438\u0440\u0443\u0435\u0442 \u0443\u0440\u043e\u0432\u0435\u043d\u044c \u0441\u0430\u0445\u0430\u0440\u0430 \u0432 \u043a\u0440\u043e\u0432\u0438. \u041e\u0442\u043b\u0438\u0447\u043d\u043e \u043f\u043e\u043c\u043e\u0433\u0430\u0435\u0442 \u0432\u043e\u0441\u0441\u0442\u0430\u043d\u043e\u0432\u0438\u0442\u044c\u0441\u044f \u043f\u043e\u0441\u043b\u0435 \u043f\u0435\u0440\u0435\u043d\u0435\u0441\u0435\u043d\u043d\u044b\u0445 \u0437\u0430\u0431\u043e\u043b\u0435\u0432\u0430\u043d\u0438\u0439, \u0441\u0442\u0438\u043c\u0443\u043b\u0438\u0440\u0443\u0435\u0442 \u0438\u043c\u043c\u0443\u043d\u0438\u0442\u0435\u0442. \u043f\u043e\u043b\u0443\u0444\u0435\u0440\u043c\u0435\u043d\u0442\u0438\u0440\u043e\u0432\u0430\u043d\u043d\u044b\u0439 \u0447\u0430\u0439, \u043e\u0434\u0438\u043d \u0438\u0437 \u0441\u0430\u043c\u044b\u0445 \u043d\u0435\u043e\u0431\u044b\u0447\u043d\u044b\u0445 \u0441\u043e\u0440\u0442\u043e\u0432 \u0447\u0430\u044f, \u043a\u043e\u0442\u043e\u0440\u044b\u0439 \u043e\u0431\u043b\u0430\u0434\u0430\u0435\u0442 \u0430\u0440\u043e\u043c\u0430\u0442\u043e\u043c \u0437\u0435\u043b\u0435\u043d\u043e\u0433\u043e \u0447\u0430\u044f \u0438 \u043e\u0440\u0438\u0433\u0438\u043d\u0430\u043b\u044c\u043d\u044b\u043c \u0432\u043a\u0443\u0441\u043e\u043c, \u0445\u0430\u0440\u0430\u043a\u0442\u0435\u0440\u043d\u044b\u043c \u0434\u043b\u044f \u043a\u0440\u0430\u0441\u043d\u043e\u0433\u043e \u0447\u0430\u044f.   <\/p>\n<p>\u0427\u0430\u0439 \u0423\u043b\u0443\u043d \u0441\u043e\u0434\u0435\u0440\u0436\u0438\u0442 \u0432\u0438\u0442\u0430\u043c\u0438\u043d\u044b B, C, D \u0438 \u0415, \u0430\u043d\u0442\u0438\u043e\u043a\u0441\u0438\u0434\u0430\u043d\u0442\u044b, \u044d\u0444\u0438\u0440\u043d\u044b\u0435 \u043c\u0430\u0441\u043b\u0430, \u043a\u043e\u0444\u0435\u0438\u043d, \u0430 \u0442\u0430\u043a\u0436\u0435 \u043c\u0438\u043d\u0435\u0440\u0430\u043b\u044c\u043d\u044b\u0435 \u0432\u0435\u0449\u0435\u0441\u0442\u0432\u0430, \u0442\u0430\u043a\u0438\u0435 \u043a\u0430\u043a \u0436\u0435\u043b\u0435\u0437\u043e, \u043c\u0430\u0440\u0433\u0430\u043d\u0435\u0446, \u043a\u0430\u043b\u0438\u0439, \u043a\u0430\u043b\u044c\u0446\u0438\u0439, \u0444\u043e\u0441\u0444\u043e\u0440, \u0439\u043e\u0434, \u043d\u0430\u0442\u0440\u0438\u0439 \u0438 \u0441\u0435\u043b\u0435\u043d.<\/p>\n<p>Oolong are un efect tonic, \u00eent\u0103re\u0219te pere\u021bii vaselor de s\u00e2nge, accelereaz\u0103 procesele metabolice, \u00eent\u0103re\u0219te sistemul imunitar, \u00eentinere\u0219te corpul \u0219i pielea.<\/p>\n<p>\u0414\u0430\u043d\u043d\u044b\u0439 \u0447\u0430\u0439 \u0441\u043e\u0447\u0435\u0442\u0430\u0435\u0442 \u0432 \u0441\u0435\u0431\u0435 \u043f\u043e\u043b\u0435\u0437\u043d\u044b\u0435 \u0441\u0432\u043e\u0439\u0441\u0442\u0432\u0430 \u0423\u043b\u0443\u043d\u0430 \u0438 \u043d\u0435\u0432\u0435\u0440\u043e\u044f\u0442\u043d\u0443\u044e \u043f\u043e\u043b\u044c\u0437\u0443 \u043c\u0430\u043d\u0433\u043e.<\/p>\n<p>\u0437\u0435\u043b\u0451\u043d\u044b\u0439 \u0443\u043b\u0443\u043d, \u043c\u0430\u043d\u0433\u043e.<\/p>\n<p>\u042f\u0440\u043a\u0438\u0439 \u0438 \u043d\u0430\u0441\u044b\u0449\u0435\u043d\u043d\u044b\u0439 \u0430\u0440\u043e\u043c\u0430\u0442 \u043a\u043b\u0430\u0441\u0441\u0438\u0447\u0435\u0441\u043a\u043e\u0433\u043e \u0443\u043b\u0443\u043d\u0430 \u0432 \u0441\u043e\u0447\u0435\u0442\u0430\u043d\u0438\u0438 \u0441 \u043b\u0451\u0433\u043a\u0438\u043c \u0430\u0440\u043e\u043c\u0430\u0442\u043e\u043c \u043c\u0430\u043d\u0433\u043e. \u0412\u043a\u0443\u0441 \u043c\u044f\u0433\u043a\u0438\u0439 \u0441 \u0446\u0432\u0435\u0442\u043e\u0447\u043d\u043e-\u0444\u0440\u0443\u043a\u0442\u043e\u0432\u044b\u043c\u0438 \u043d\u043e\u0442\u0430\u043c\u0438. <\/p>\n<p>\u0412 \u0437\u0430\u0432\u0430\u0440\u043d\u0438\u043a \u0432\u0441\u044b\u043f\u0430\u0442\u044c 4 \u0433\u0440 \u0447\u0430\u0439\u043d\u044b\u0445 \u043b\u0438\u0441\u0442\u044c\u0435\u0432. \u0417\u0430\u043b\u0438\u0442\u044c \u0433\u043e\u0440\u044f\u0447\u0435\u0439 \u0432\u043e\u0434\u043e\u0439 250 \u043c\u043b 90 \u00b0C, \u043d\u0430\u0441\u0442\u043e\u044f\u0442\u044c \u0432 \u0442\u0435\u0447\u0435\u043d\u0438\u0435 3-5 \u043c\u0438\u043d, \u0447\u0442\u043e\u0431\u044b \u043f\u043e\u043b\u0443\u0447\u0438\u0442\u044c \u043d\u0430\u043f\u0438\u0442\u043e\u043a \u0441 \u0434\u0435\u043b\u0438\u043a\u0430\u0442\u043d\u044b\u043c \u0432\u043a\u0443\u0441\u043e\u043c. Aceea\u0219i b\u0103utur\u0103 poate fi turnat\u0103 de p\u00e2n\u0103 la 4 ori la r\u00e2nd, de fiecare dat\u0103 prelungind timpul de perfuzie cu aproximativ 1 minut. P\u0103stra\u021bi-l timp de maximum 5 minute, nu pute\u021bi insista mult timp, b\u0103utura va deveni tart\u0103. <\/p>\n","protected":false},"featured_media":13409,"comment_status":"open","ping_status":"closed","template":"","meta":[],"product_brand":[],"product_cat":[344],"product_tag":[],"class_list":{"0":"post-14568","1":"product","2":"type-product","3":"status-publish","4":"has-post-thumbnail","6":"product_cat-uluny","8":"first","9":"instock","10":"shipping-taxable","11":"purchasable","12":"product-type-variable","13":"has-default-attributes"},"_links":{"self":[{"href":"https:\/\/tea-shop.md\/ro\/wp-json\/wp\/v2\/product\/14568","targetHints":{"allow":["GET"]}}],"collection":[{"href":"https:\/\/tea-shop.md\/ro\/wp-json\/wp\/v2\/product"}],"about":[{"href":"https:\/\/tea-shop.md\/ro\/wp-json\/wp\/v2\/types\/product"}],"replies":[{"embeddable":true,"href":"https:\/\/tea-shop.md\/ro\/wp-json\/wp\/v2\/comments?post=14568"}],"version-history":[{"count":1,"href":"https:\/\/tea-shop.md\/ro\/wp-json\/wp\/v2\/product\/14568\/revisions"}],"predecessor-version":[{"id":14919,"href":"https:\/\/tea-shop.md\/ro\/wp-json\/wp\/v2\/product\/14568\/revisions\/14919"}],"wp:featuredmedia":[{"embeddable":true,"href":"https:\/\/tea-shop.md\/ro\/wp-json\/wp\/v2\/media\/13409"}],"wp:attachment":[{"href":"https:\/\/tea-shop.md\/ro\/wp-json\/wp\/v2\/media?parent=14568"}],"wp:term":[{"taxonomy":"product_brand","embeddable":true,"href":"https:\/\/tea-shop.md\/ro\/wp-json\/wp\/v2\/product_brand?post=14568"},{"taxonomy":"product_cat","embeddable":true,"href":"https:\/\/tea-shop.md\/ro\/wp-json\/wp\/v2\/product_cat?post=14568"},{"taxonomy":"product_tag","embeddable":true,"href":"https:\/\/tea-shop.md\/ro\/wp-json\/wp\/v2\/product_tag?post=14568"}],"curies":[{"name":"wp","href":"https:\/\/api.w.org\/{rel}","templated":true}]}}