{"id":14575,"date":"2026-03-03T01:36:15","date_gmt":"2026-03-02T23:36:15","guid":{"rendered":"https:\/\/tea-shop.md\/product\/mate-yerba-preparata-pajarito-1-kg\/"},"modified":"2026-03-24T22:40:13","modified_gmt":"2026-03-24T20:40:13","slug":"mate-yerba-preparata-pajarito-1-kg","status":"publish","type":"product","link":"https:\/\/tea-shop.md\/ro\/produs\/mate-yerba-preparata-pajarito-1-kg\/","title":{"rendered":"Mate Yerba Preparat\u0103 Pajarito 1 kg"},"content":{"rendered":"<p>Yerba Mate Pajarita Elaborada este un clasic cu majuscul\u0103. Brandul exist\u0103 de mul\u021bi ani, iar popularitatea sa nu scade. Yerba pur\u0103, f\u0103r\u0103 adaosuri, direct din Paraguay, cu o arom\u0103 afumat\u0103 \u0219i un randament bun.  <\/p>\n<p>Brandul Pajarito \u2013 foarte cunoscut \u0219i produsul s\u0103u este apreciat \u00een \u00eentreaga lume.<\/p>\n<ul class=\"FuturisMarkdown-UnorderedList\">\n<li class=\"FuturisMarkdown-ListItem\" data-value=\"\" data-shift=\"0\">Con\u021bine buc\u0103\u021bi groase de lemn \u2014 crengu\u021be \u0219i frunze alese.<\/li>\n<li class=\"FuturisMarkdown-ListItem\" data-value=\"\" data-shift=\"0\">Este cultivat \u00een partea de Est a \u021b\u0103rii, unde calitatea solului pentru culturi este cea mai ridicat\u0103.<\/li>\n<li class=\"FuturisMarkdown-ListItem\" data-value=\"\" data-shift=\"0\">Se trateaz\u0103 cu foc timp de 6 ore, f\u0103r\u0103 a intra \u00een contact cu fumul, \u0219i se las\u0103 la maturat \u00een condi\u021bii naturale timp de 24 de luni.<\/li>\n<li class=\"FuturisMarkdown-ListItem\" data-value=\"\" data-shift=\"0\">Datorit\u0103 m\u0103cin\u0103rii fine a boabelor b\u0103utura dezv\u0103luie nuan\u021bele gustative \u0219i aromatice ale sale at\u00e2t la rece, c\u00e2t \u0219i cald form\u0103.<\/li>\n<li class=\"FuturisMarkdown-ListItem\" data-value=\"\" data-shift=\"0\">Buchetul caracteristic al matei se dezv\u0103luie prin note de nuc verde, coaj\u0103 de l\u0103m\u00e2ie verde, nuan\u021be ierboase \u0219i un parfum afumat.<\/li>\n<\/ul>\n<div class=\"elementor-element elementor-element-231f9a48 e-con-full e-flex e-con e-parent e-lazyloaded\" data-id=\"231f9a48\" data-element_type=\"container\" data-e-type=\"container\">\n<div class=\"elementor-element elementor-element-39d3f32d wd-single-tabs wd-width-100 elementor-widget elementor-widget-wd_single_product_tabs\" data-id=\"39d3f32d\" data-element_type=\"widget\" data-e-type=\"widget\" data-widget_type=\"wd_single_product_tabs.default\">\n<div class=\"elementor-widget-container\">\n<div class=\"woocommerce-tabs wc-tabs-wrapper\" data-state=\"first\" data-layout=\"tabs\">\n<div id=\"tab-description\" class=\"woocommerce-Tabs-panel panel entry-content wc-tab woocommerce-Tabs-panel--description\" role=\"tabpanel\" aria-labelledby=\"tab-title-description\" data-accordion-index=\"description\">\n<p>Pune\u021bi 10-15 g de frunze de ceai \u00eentr-un ceainic. Turna\u021bi 300 ml de ap\u0103 fierbinte la 80-90 \u00b0C \u0219i l\u0103sa\u021bi la infuzat timp de 3-5 minute, pentru a ob\u021bine o b\u0103utur\u0103 cu un gust delicat. <\/p>\n<\/div>\n<\/div>\n<\/div>\n<\/div>\n<\/div>\n","protected":false},"excerpt":{"rendered":"<p>Yerba Mate Pajarita Elaborada este un clasic cu majuscul\u0103. Brandul exist\u0103 de mul\u021bi ani, iar popularitatea sa nu scade. Yerba<\/p>\n","protected":false},"featured_media":13870,"comment_status":"open","ping_status":"closed","template":"","meta":[],"product_brand":[],"product_cat":[349,350],"product_tag":[],"class_list":{"0":"post-14575","1":"product","2":"type-product","3":"status-publish","4":"has-post-thumbnail","6":"product_cat-etnicheskij-chaj","7":"product_cat-mate","9":"first","10":"instock","11":"shipping-taxable","12":"purchasable","13":"product-type-simple"},"_links":{"self":[{"href":"https:\/\/tea-shop.md\/ro\/wp-json\/wp\/v2\/product\/14575","targetHints":{"allow":["GET"]}}],"collection":[{"href":"https:\/\/tea-shop.md\/ro\/wp-json\/wp\/v2\/product"}],"about":[{"href":"https:\/\/tea-shop.md\/ro\/wp-json\/wp\/v2\/types\/product"}],"replies":[{"embeddable":true,"href":"https:\/\/tea-shop.md\/ro\/wp-json\/wp\/v2\/comments?post=14575"}],"version-history":[{"count":1,"href":"https:\/\/tea-shop.md\/ro\/wp-json\/wp\/v2\/product\/14575\/revisions"}],"predecessor-version":[{"id":14650,"href":"https:\/\/tea-shop.md\/ro\/wp-json\/wp\/v2\/product\/14575\/revisions\/14650"}],"wp:featuredmedia":[{"embeddable":true,"href":"https:\/\/tea-shop.md\/ro\/wp-json\/wp\/v2\/media\/13870"}],"wp:attachment":[{"href":"https:\/\/tea-shop.md\/ro\/wp-json\/wp\/v2\/media?parent=14575"}],"wp:term":[{"taxonomy":"product_brand","embeddable":true,"href":"https:\/\/tea-shop.md\/ro\/wp-json\/wp\/v2\/product_brand?post=14575"},{"taxonomy":"product_cat","embeddable":true,"href":"https:\/\/tea-shop.md\/ro\/wp-json\/wp\/v2\/product_cat?post=14575"},{"taxonomy":"product_tag","embeddable":true,"href":"https:\/\/tea-shop.md\/ro\/wp-json\/wp\/v2\/product_tag?post=14575"}],"curies":[{"name":"wp","href":"https:\/\/api.w.org\/{rel}","templated":true}]}}