{"id":14577,"date":"2025-12-10T19:27:30","date_gmt":"2025-12-10T17:27:30","guid":{"rendered":"https:\/\/tea-shop.md\/product\/lingonberry-catina-alba\/"},"modified":"2026-03-31T21:51:01","modified_gmt":"2026-03-31T18:51:01","slug":"lingonberry-catina-alba","status":"publish","type":"product","link":"https:\/\/tea-shop.md\/ro\/produs\/lingonberry-catina-alba\/","title":{"rendered":"Lingonberry-c\u0103tin\u0103 alb\u0103"},"content":{"rendered":"<p>Un amestec luminos de fructe cu hibiscus, m\u0103ce\u0219e, felii de mere, lingonberry, coac\u0103ze ro\u0219ii \u0219i fructe de c\u0103tin\u0103, fulgi de morcov, frunze de mure, petale de floarea de porumb \u0219i verbena. Infuzia are o arom\u0103 bogat\u0103 de fructe de p\u0103dure \u0219i aroma de c\u0103tin\u0103. <\/p>\n<p>Fiecare linguri\u021b\u0103 din acest ceai este plin\u0103 de vitamine \u0219i minerale care v\u0103 men\u021bin s\u0103n\u0103tatea. M\u0103ce\u0219ul, cunoscut pentru propriet\u0103\u021bile sale curative, combinat cu afine, creeaz\u0103 un gust unic, care va \u00eenc\u00e2nta chiar \u0219i cei mai preten\u021bio\u0219i gurmanzi. Ceaiul, bogat \u00een antioxidan\u021bi, va deveni un aliat de n\u0103dejde \u00een lupta \u00eempotriva oboselii \u0219i a stresului.  <\/p>\n<p>Se toarn\u0103 1 linguri\u021b\u0103 de frunze de ceai \u00een ceainic. Se toarn\u0103 250 ml de ap\u0103 cald\u0103 95cc, insist\u0103 timp de 3-5 minute pentru a ob\u021bine o b\u0103utur\u0103 cu un gust delicat. <\/p>\n","protected":false},"excerpt":{"rendered":"<p>Un amestec luminos de fructe cu hibiscus, m\u0103ce\u0219e, felii de mere, lingonberry, coac\u0103ze ro\u0219ii \u0219i fructe de c\u0103tin\u0103, fulgi de<\/p>\n","protected":false},"featured_media":1963,"comment_status":"open","ping_status":"closed","template":"","meta":[],"product_brand":[],"product_cat":[345],"product_tag":[],"class_list":{"0":"post-14577","1":"product","2":"type-product","3":"status-publish","4":"has-post-thumbnail","6":"product_cat-fruktovye-smesi","8":"first","9":"instock","10":"shipping-taxable","11":"purchasable","12":"product-type-variable","13":"has-default-attributes"},"_links":{"self":[{"href":"https:\/\/tea-shop.md\/ro\/wp-json\/wp\/v2\/product\/14577","targetHints":{"allow":["GET"]}}],"collection":[{"href":"https:\/\/tea-shop.md\/ro\/wp-json\/wp\/v2\/product"}],"about":[{"href":"https:\/\/tea-shop.md\/ro\/wp-json\/wp\/v2\/types\/product"}],"replies":[{"embeddable":true,"href":"https:\/\/tea-shop.md\/ro\/wp-json\/wp\/v2\/comments?post=14577"}],"version-history":[{"count":1,"href":"https:\/\/tea-shop.md\/ro\/wp-json\/wp\/v2\/product\/14577\/revisions"}],"predecessor-version":[{"id":14938,"href":"https:\/\/tea-shop.md\/ro\/wp-json\/wp\/v2\/product\/14577\/revisions\/14938"}],"wp:featuredmedia":[{"embeddable":true,"href":"https:\/\/tea-shop.md\/ro\/wp-json\/wp\/v2\/media\/1963"}],"wp:attachment":[{"href":"https:\/\/tea-shop.md\/ro\/wp-json\/wp\/v2\/media?parent=14577"}],"wp:term":[{"taxonomy":"product_brand","embeddable":true,"href":"https:\/\/tea-shop.md\/ro\/wp-json\/wp\/v2\/product_brand?post=14577"},{"taxonomy":"product_cat","embeddable":true,"href":"https:\/\/tea-shop.md\/ro\/wp-json\/wp\/v2\/product_cat?post=14577"},{"taxonomy":"product_tag","embeddable":true,"href":"https:\/\/tea-shop.md\/ro\/wp-json\/wp\/v2\/product_tag?post=14577"}],"curies":[{"name":"wp","href":"https:\/\/api.w.org\/{rel}","templated":true}]}}