{"id":14581,"date":"2025-12-10T19:27:30","date_gmt":"2025-12-10T17:27:30","guid":{"rendered":"https:\/\/tea-shop.md\/product\/cirese-din-barbados\/"},"modified":"2026-03-31T21:50:00","modified_gmt":"2026-03-31T18:50:00","slug":"cirese-din-barbados","status":"publish","type":"product","link":"https:\/\/tea-shop.md\/ro\/produs\/cirese-din-barbados\/","title":{"rendered":"Cirese din Barbados"},"content":{"rendered":"<p>Amestec de fructe cu felii de mere, fructe de m\u0103ce\u0219e, soc, cire\u0219, petale de floarea soarelui, hibiscus \u0219i calendula, extract de acerola (cire\u0219 Barbadian). C\u00e2nd se prepar\u0103, ob\u021binem o infuzie de rubin str\u0103lucitor, cu o arom\u0103 bogat\u0103 de cire\u0219e. <\/p>\n<p>Se toarn\u0103 1 linguri\u021b\u0103 de frunze de ceai \u00een ceainic. Se toarn\u0103 250 ml de ap\u0103 cald\u0103 95cc, insist\u0103 timp de 3-5 minute pentru a ob\u021bine o b\u0103utur\u0103 cu un gust delicat. <\/p>\n","protected":false},"excerpt":{"rendered":"<p>Amestec de fructe cu felii de mere, fructe de m\u0103ce\u0219e, soc, cire\u0219, petale de floarea soarelui, hibiscus \u0219i calendula, extract<\/p>\n","protected":false},"featured_media":13415,"comment_status":"open","ping_status":"closed","template":"","meta":[],"product_brand":[],"product_cat":[345],"product_tag":[],"class_list":{"0":"post-14581","1":"product","2":"type-product","3":"status-publish","4":"has-post-thumbnail","6":"product_cat-fruktovye-smesi","8":"first","9":"instock","10":"shipping-taxable","11":"purchasable","12":"product-type-variable","13":"has-default-attributes"},"_links":{"self":[{"href":"https:\/\/tea-shop.md\/ro\/wp-json\/wp\/v2\/product\/14581","targetHints":{"allow":["GET"]}}],"collection":[{"href":"https:\/\/tea-shop.md\/ro\/wp-json\/wp\/v2\/product"}],"about":[{"href":"https:\/\/tea-shop.md\/ro\/wp-json\/wp\/v2\/types\/product"}],"replies":[{"embeddable":true,"href":"https:\/\/tea-shop.md\/ro\/wp-json\/wp\/v2\/comments?post=14581"}],"version-history":[{"count":1,"href":"https:\/\/tea-shop.md\/ro\/wp-json\/wp\/v2\/product\/14581\/revisions"}],"predecessor-version":[{"id":14937,"href":"https:\/\/tea-shop.md\/ro\/wp-json\/wp\/v2\/product\/14581\/revisions\/14937"}],"wp:featuredmedia":[{"embeddable":true,"href":"https:\/\/tea-shop.md\/ro\/wp-json\/wp\/v2\/media\/13415"}],"wp:attachment":[{"href":"https:\/\/tea-shop.md\/ro\/wp-json\/wp\/v2\/media?parent=14581"}],"wp:term":[{"taxonomy":"product_brand","embeddable":true,"href":"https:\/\/tea-shop.md\/ro\/wp-json\/wp\/v2\/product_brand?post=14581"},{"taxonomy":"product_cat","embeddable":true,"href":"https:\/\/tea-shop.md\/ro\/wp-json\/wp\/v2\/product_cat?post=14581"},{"taxonomy":"product_tag","embeddable":true,"href":"https:\/\/tea-shop.md\/ro\/wp-json\/wp\/v2\/product_tag?post=14581"}],"curies":[{"name":"wp","href":"https:\/\/api.w.org\/{rel}","templated":true}]}}