{"id":14588,"date":"2025-12-10T19:27:29","date_gmt":"2025-12-10T17:27:29","guid":{"rendered":"https:\/\/tea-shop.md\/product\/gran-sangrino\/"},"modified":"2026-03-31T21:49:01","modified_gmt":"2026-03-31T18:49:01","slug":"gran-sangrino","status":"publish","type":"product","link":"https:\/\/tea-shop.md\/ro\/produs\/gran-sangrino\/","title":{"rendered":"Gran Sangrino"},"content":{"rendered":"<p>Un amestec Fructat de stafide, hibiscus, fructe de soc \u0219i coac\u0103ze negre, cu o arom\u0103 bogat\u0103 de fructe de p\u0103dure-l\u0103m\u00e2ie \u0219i un gust r\u0103coritor, cu o u\u0219oar\u0103 aciditate.<\/p>\n<p>Se toarn\u0103 1 linguri\u021b\u0103 de frunze de ceai \u00een ceainic. Se toarn\u0103 250 ml de ap\u0103 cald\u0103 95cc, insist\u0103 timp de 3-5 minute pentru a ob\u021bine o b\u0103utur\u0103 cu un gust delicat. <\/p>\n","protected":false},"excerpt":{"rendered":"<p>Un amestec Fructat de stafide, hibiscus, fructe de soc \u0219i coac\u0103ze negre, cu o arom\u0103 bogat\u0103 de fructe de p\u0103dure-l\u0103m\u00e2ie<\/p>\n","protected":false},"featured_media":1964,"comment_status":"open","ping_status":"closed","template":"","meta":[],"product_brand":[],"product_cat":[345],"product_tag":[],"class_list":{"0":"post-14588","1":"product","2":"type-product","3":"status-publish","4":"has-post-thumbnail","6":"product_cat-fruktovye-smesi","8":"first","9":"instock","10":"shipping-taxable","11":"purchasable","12":"product-type-variable","13":"has-default-attributes"},"_links":{"self":[{"href":"https:\/\/tea-shop.md\/ro\/wp-json\/wp\/v2\/product\/14588","targetHints":{"allow":["GET"]}}],"collection":[{"href":"https:\/\/tea-shop.md\/ro\/wp-json\/wp\/v2\/product"}],"about":[{"href":"https:\/\/tea-shop.md\/ro\/wp-json\/wp\/v2\/types\/product"}],"replies":[{"embeddable":true,"href":"https:\/\/tea-shop.md\/ro\/wp-json\/wp\/v2\/comments?post=14588"}],"version-history":[{"count":1,"href":"https:\/\/tea-shop.md\/ro\/wp-json\/wp\/v2\/product\/14588\/revisions"}],"predecessor-version":[{"id":14936,"href":"https:\/\/tea-shop.md\/ro\/wp-json\/wp\/v2\/product\/14588\/revisions\/14936"}],"wp:featuredmedia":[{"embeddable":true,"href":"https:\/\/tea-shop.md\/ro\/wp-json\/wp\/v2\/media\/1964"}],"wp:attachment":[{"href":"https:\/\/tea-shop.md\/ro\/wp-json\/wp\/v2\/media?parent=14588"}],"wp:term":[{"taxonomy":"product_brand","embeddable":true,"href":"https:\/\/tea-shop.md\/ro\/wp-json\/wp\/v2\/product_brand?post=14588"},{"taxonomy":"product_cat","embeddable":true,"href":"https:\/\/tea-shop.md\/ro\/wp-json\/wp\/v2\/product_cat?post=14588"},{"taxonomy":"product_tag","embeddable":true,"href":"https:\/\/tea-shop.md\/ro\/wp-json\/wp\/v2\/product_tag?post=14588"}],"curies":[{"name":"wp","href":"https:\/\/api.w.org\/{rel}","templated":true}]}}