{"id":14592,"date":"2025-12-10T19:27:28","date_gmt":"2025-12-10T17:27:28","guid":{"rendered":"https:\/\/tea-shop.md\/product\/deliciul-capsunilor\/"},"modified":"2026-03-31T21:47:41","modified_gmt":"2026-03-31T18:47:41","slug":"deliciul-capsunilor","status":"publish","type":"product","link":"https:\/\/tea-shop.md\/ro\/produs\/deliciul-capsunilor\/","title":{"rendered":"Deliciul c\u0103p\u0219unilor"},"content":{"rendered":"<p>Un amestec de fructe format din felii de hibiscus, mere \u0219i c\u0103p\u0219uni \u0219i cruste de m\u0103ce\u0219e. Infuzie cu arom\u0103 de c\u0103p\u0219uni cu sm\u00e2nt\u00e2n\u0103. <\/p>\n<p>Se toarn\u0103 1 linguri\u021b\u0103 de frunze de ceai \u00een ceainic. Se toarn\u0103 250 ml de ap\u0103 cald\u0103 95cc, insist\u0103 timp de 3-5 minute pentru a ob\u021bine o b\u0103utur\u0103 cu un gust delicat. <\/p>\n","protected":false},"excerpt":{"rendered":"<p>Un amestec de fructe format din felii de hibiscus, mere \u0219i c\u0103p\u0219uni \u0219i cruste de m\u0103ce\u0219e. Infuzie cu arom\u0103 de<\/p>\n","protected":false},"featured_media":13421,"comment_status":"open","ping_status":"closed","template":"","meta":[],"product_brand":[],"product_cat":[345],"product_tag":[],"class_list":{"0":"post-14592","1":"product","2":"type-product","3":"status-publish","4":"has-post-thumbnail","6":"product_cat-fruktovye-smesi","8":"first","9":"instock","10":"shipping-taxable","11":"purchasable","12":"product-type-variable","13":"has-default-attributes"},"_links":{"self":[{"href":"https:\/\/tea-shop.md\/ro\/wp-json\/wp\/v2\/product\/14592","targetHints":{"allow":["GET"]}}],"collection":[{"href":"https:\/\/tea-shop.md\/ro\/wp-json\/wp\/v2\/product"}],"about":[{"href":"https:\/\/tea-shop.md\/ro\/wp-json\/wp\/v2\/types\/product"}],"replies":[{"embeddable":true,"href":"https:\/\/tea-shop.md\/ro\/wp-json\/wp\/v2\/comments?post=14592"}],"version-history":[{"count":1,"href":"https:\/\/tea-shop.md\/ro\/wp-json\/wp\/v2\/product\/14592\/revisions"}],"predecessor-version":[{"id":14935,"href":"https:\/\/tea-shop.md\/ro\/wp-json\/wp\/v2\/product\/14592\/revisions\/14935"}],"wp:featuredmedia":[{"embeddable":true,"href":"https:\/\/tea-shop.md\/ro\/wp-json\/wp\/v2\/media\/13421"}],"wp:attachment":[{"href":"https:\/\/tea-shop.md\/ro\/wp-json\/wp\/v2\/media?parent=14592"}],"wp:term":[{"taxonomy":"product_brand","embeddable":true,"href":"https:\/\/tea-shop.md\/ro\/wp-json\/wp\/v2\/product_brand?post=14592"},{"taxonomy":"product_cat","embeddable":true,"href":"https:\/\/tea-shop.md\/ro\/wp-json\/wp\/v2\/product_cat?post=14592"},{"taxonomy":"product_tag","embeddable":true,"href":"https:\/\/tea-shop.md\/ro\/wp-json\/wp\/v2\/product_tag?post=14592"}],"curies":[{"name":"wp","href":"https:\/\/api.w.org\/{rel}","templated":true}]}}