{"id":14606,"date":"2025-12-10T19:27:27","date_gmt":"2025-12-10T17:27:27","guid":{"rendered":"https:\/\/tea-shop.md\/product\/mango-regal\/"},"modified":"2026-03-31T21:44:55","modified_gmt":"2026-03-31T18:44:55","slug":"mango-regal","status":"publish","type":"product","link":"https:\/\/tea-shop.md\/ro\/produs\/mango-regal\/","title":{"rendered":"Mango Regal"},"content":{"rendered":"<p>Amestecul de fructe, care con\u021bine buc\u0103\u021bi de c\u0103p\u0219uni, mango \u0219i portocale, \u0219ofr\u0103nel \u0219i petale de g\u0103lbenele, are o arom\u0103 de fructe tropicale \u0219i un gust dulce. O astfel de b\u0103utur\u0103 este, f\u0103r\u0103 \u00eendoial\u0103, una dintre cele mai bune modalit\u0103\u021bi de a \u00eenveseli. <\/p>\n<p>Se toarn\u0103 1 linguri\u021b\u0103 de frunze de ceai \u00een ceainic. Se toarn\u0103 250 ml de ap\u0103 cald\u0103 95cc, insist\u0103 timp de 3-5 minute pentru a ob\u021bine o b\u0103utur\u0103 cu un gust delicat. <\/p>\n","protected":false},"excerpt":{"rendered":"<p>Amestecul de fructe, care con\u021bine buc\u0103\u021bi de c\u0103p\u0219uni, mango \u0219i portocale, \u0219ofr\u0103nel \u0219i petale de g\u0103lbenele, are o arom\u0103 de<\/p>\n","protected":false},"featured_media":11853,"comment_status":"open","ping_status":"closed","template":"","meta":[],"product_brand":[],"product_cat":[345],"product_tag":[],"class_list":{"0":"post-14606","1":"product","2":"type-product","3":"status-publish","4":"has-post-thumbnail","6":"product_cat-fruktovye-smesi","8":"first","9":"instock","10":"shipping-taxable","11":"purchasable","12":"product-type-variable","13":"has-default-attributes"},"_links":{"self":[{"href":"https:\/\/tea-shop.md\/ro\/wp-json\/wp\/v2\/product\/14606","targetHints":{"allow":["GET"]}}],"collection":[{"href":"https:\/\/tea-shop.md\/ro\/wp-json\/wp\/v2\/product"}],"about":[{"href":"https:\/\/tea-shop.md\/ro\/wp-json\/wp\/v2\/types\/product"}],"replies":[{"embeddable":true,"href":"https:\/\/tea-shop.md\/ro\/wp-json\/wp\/v2\/comments?post=14606"}],"version-history":[{"count":1,"href":"https:\/\/tea-shop.md\/ro\/wp-json\/wp\/v2\/product\/14606\/revisions"}],"predecessor-version":[{"id":14932,"href":"https:\/\/tea-shop.md\/ro\/wp-json\/wp\/v2\/product\/14606\/revisions\/14932"}],"wp:featuredmedia":[{"embeddable":true,"href":"https:\/\/tea-shop.md\/ro\/wp-json\/wp\/v2\/media\/11853"}],"wp:attachment":[{"href":"https:\/\/tea-shop.md\/ro\/wp-json\/wp\/v2\/media?parent=14606"}],"wp:term":[{"taxonomy":"product_brand","embeddable":true,"href":"https:\/\/tea-shop.md\/ro\/wp-json\/wp\/v2\/product_brand?post=14606"},{"taxonomy":"product_cat","embeddable":true,"href":"https:\/\/tea-shop.md\/ro\/wp-json\/wp\/v2\/product_cat?post=14606"},{"taxonomy":"product_tag","embeddable":true,"href":"https:\/\/tea-shop.md\/ro\/wp-json\/wp\/v2\/product_tag?post=14606"}],"curies":[{"name":"wp","href":"https:\/\/api.w.org\/{rel}","templated":true}]}}