{"id":14610,"date":"2025-12-10T19:27:27","date_gmt":"2025-12-10T17:27:27","guid":{"rendered":"https:\/\/tea-shop.md\/product\/pumn-de-zmeura\/"},"modified":"2026-03-31T21:46:16","modified_gmt":"2026-03-31T18:46:16","slug":"pumn-de-zmeura","status":"publish","type":"product","link":"https:\/\/tea-shop.md\/ro\/produs\/pumn-de-zmeura\/","title":{"rendered":"Pumn de zmeur\u0103"},"content":{"rendered":"<p>Raspberry Punch fruit blend este o compozi\u021bie str\u0103lucitoare \u0219i bogat\u0103 de fructe \u0219i fructe de p\u0103dure selectate, cu un caracter expresiv de zmeur\u0103. Ceaiul este creat pentru cei c\u0103rora le plac b\u0103uturile Suculente, \u00eenc\u0103lzitoare, cu dulcea\u021b\u0103 natural\u0103 \u0219i aciditate u\u0219oar\u0103 a fructelor de p\u0103dure. B\u0103utura este perfect\u0103 at\u00e2t la cald, c\u00e2t \u0219i la rece.  <\/p>\n<p>Un amestec format din zmeur\u0103, hibiscus, sfecl\u0103 ro\u0219ie, ananas \u0219i felii de mere, coji de m\u0103ce\u0219e \u0219i coac\u0103ze ro\u0219ii.<\/p>\n<p>Notele str\u0103lucitoare de zmeur\u0103 domin\u0103 cu o combina\u021bie armonioas\u0103 de dulcea\u021b\u0103 \u0219i aciditate u\u0219oar\u0103, completate de nuan\u021be fructate care creeaz\u0103 efectul unui pumn clasic de fructe de p\u0103dure. B\u0103utura las\u0103 un gust cald, r\u0103coritor \u0219i lung. <\/p>\n<p>Se toarn\u0103 1 linguri\u021b\u0103 de frunze de ceai \u00een ceainic. Se toarn\u0103 250 ml de ap\u0103 cald\u0103 95cc, insist\u0103 timp de 3-5 minute pentru a ob\u021bine o b\u0103utur\u0103 cu un gust delicat. <\/p>\n","protected":false},"excerpt":{"rendered":"<p>Raspberry Punch fruit blend este o compozi\u021bie str\u0103lucitoare \u0219i bogat\u0103 de fructe \u0219i fructe de p\u0103dure selectate, cu un caracter<\/p>\n","protected":false},"featured_media":15090,"comment_status":"open","ping_status":"closed","template":"","meta":[],"product_brand":[],"product_cat":[345],"product_tag":[],"class_list":{"0":"post-14610","1":"product","2":"type-product","3":"status-publish","4":"has-post-thumbnail","6":"product_cat-fruktovye-smesi","8":"first","9":"instock","10":"shipping-taxable","11":"purchasable","12":"product-type-variable","13":"has-default-attributes"},"_links":{"self":[{"href":"https:\/\/tea-shop.md\/ro\/wp-json\/wp\/v2\/product\/14610","targetHints":{"allow":["GET"]}}],"collection":[{"href":"https:\/\/tea-shop.md\/ro\/wp-json\/wp\/v2\/product"}],"about":[{"href":"https:\/\/tea-shop.md\/ro\/wp-json\/wp\/v2\/types\/product"}],"replies":[{"embeddable":true,"href":"https:\/\/tea-shop.md\/ro\/wp-json\/wp\/v2\/comments?post=14610"}],"version-history":[{"count":1,"href":"https:\/\/tea-shop.md\/ro\/wp-json\/wp\/v2\/product\/14610\/revisions"}],"predecessor-version":[{"id":14933,"href":"https:\/\/tea-shop.md\/ro\/wp-json\/wp\/v2\/product\/14610\/revisions\/14933"}],"wp:featuredmedia":[{"embeddable":true,"href":"https:\/\/tea-shop.md\/ro\/wp-json\/wp\/v2\/media\/15090"}],"wp:attachment":[{"href":"https:\/\/tea-shop.md\/ro\/wp-json\/wp\/v2\/media?parent=14610"}],"wp:term":[{"taxonomy":"product_brand","embeddable":true,"href":"https:\/\/tea-shop.md\/ro\/wp-json\/wp\/v2\/product_brand?post=14610"},{"taxonomy":"product_cat","embeddable":true,"href":"https:\/\/tea-shop.md\/ro\/wp-json\/wp\/v2\/product_cat?post=14610"},{"taxonomy":"product_tag","embeddable":true,"href":"https:\/\/tea-shop.md\/ro\/wp-json\/wp\/v2\/product_tag?post=14610"}],"curies":[{"name":"wp","href":"https:\/\/api.w.org\/{rel}","templated":true}]}}