{"id":14614,"date":"2025-12-10T19:27:31","date_gmt":"2025-12-10T17:27:31","guid":{"rendered":"https:\/\/tea-shop.md\/product\/banana-ciresa\/"},"modified":"2026-03-31T21:52:20","modified_gmt":"2026-03-31T18:52:20","slug":"banana-ciresa","status":"publish","type":"product","link":"https:\/\/tea-shop.md\/ro\/produs\/banana-ciresa\/","title":{"rendered":"Banana-cire\u0219\u0103"},"content":{"rendered":"<p>Amestec de fructe din hibiscus, afine, stafide \u0219i chipsuri de banane. Infuzia impresioneaz\u0103 prin aroma intens\u0103 de cire\u0219e \u0219i gustul cu note delicate de banane. <\/p>\n<p>Se toarn\u0103 1 linguri\u021b\u0103 de frunze de ceai \u00een ceainic. Se toarn\u0103 250 ml de ap\u0103 cald\u0103 95cc, insist\u0103 timp de 3-5 minute pentru a ob\u021bine o b\u0103utur\u0103 cu un gust delicat. <\/p>\n","protected":false},"excerpt":{"rendered":"<p>Amestec de fructe din hibiscus, afine, stafide \u0219i chipsuri de banane. Infuzia impresioneaz\u0103 prin aroma intens\u0103 de cire\u0219e \u0219i gustul<\/p>\n","protected":false},"featured_media":13413,"comment_status":"open","ping_status":"closed","template":"","meta":[],"product_brand":[],"product_cat":[345],"product_tag":[],"class_list":{"0":"post-14614","1":"product","2":"type-product","3":"status-publish","4":"has-post-thumbnail","6":"product_cat-fruktovye-smesi","8":"first","9":"instock","10":"shipping-taxable","11":"purchasable","12":"product-type-variable","13":"has-default-attributes"},"_links":{"self":[{"href":"https:\/\/tea-shop.md\/ro\/wp-json\/wp\/v2\/product\/14614","targetHints":{"allow":["GET"]}}],"collection":[{"href":"https:\/\/tea-shop.md\/ro\/wp-json\/wp\/v2\/product"}],"about":[{"href":"https:\/\/tea-shop.md\/ro\/wp-json\/wp\/v2\/types\/product"}],"replies":[{"embeddable":true,"href":"https:\/\/tea-shop.md\/ro\/wp-json\/wp\/v2\/comments?post=14614"}],"version-history":[{"count":1,"href":"https:\/\/tea-shop.md\/ro\/wp-json\/wp\/v2\/product\/14614\/revisions"}],"predecessor-version":[{"id":14621,"href":"https:\/\/tea-shop.md\/ro\/wp-json\/wp\/v2\/product\/14614\/revisions\/14621"}],"wp:featuredmedia":[{"embeddable":true,"href":"https:\/\/tea-shop.md\/ro\/wp-json\/wp\/v2\/media\/13413"}],"wp:attachment":[{"href":"https:\/\/tea-shop.md\/ro\/wp-json\/wp\/v2\/media?parent=14614"}],"wp:term":[{"taxonomy":"product_brand","embeddable":true,"href":"https:\/\/tea-shop.md\/ro\/wp-json\/wp\/v2\/product_brand?post=14614"},{"taxonomy":"product_cat","embeddable":true,"href":"https:\/\/tea-shop.md\/ro\/wp-json\/wp\/v2\/product_cat?post=14614"},{"taxonomy":"product_tag","embeddable":true,"href":"https:\/\/tea-shop.md\/ro\/wp-json\/wp\/v2\/product_tag?post=14614"}],"curies":[{"name":"wp","href":"https:\/\/api.w.org\/{rel}","templated":true}]}}