{"id":14622,"date":"2025-12-10T19:27:26","date_gmt":"2025-12-10T17:27:26","guid":{"rendered":"https:\/\/tea-shop.md\/product\/fructul-de-arama\/"},"modified":"2026-03-31T21:43:28","modified_gmt":"2026-03-31T18:43:28","slug":"fructul-de-arama","status":"publish","type":"product","link":"https:\/\/tea-shop.md\/ro\/produs\/fructul-de-arama\/","title":{"rendered":"Fructul de aram\u0103"},"content":{"rendered":"<p>Un amestec de fructe cu arom\u0103 de c\u0103p\u0219uni-zmeur\u0103. Ingrediente: buc\u0103\u021bi de hibiscus, m\u0103r, ananas \u0219i papaya, fructe de cire\u0219 \u0219i zmeur\u0103, struguri, cruste de m\u0103ce\u0219e. <\/p>\n<p>Se toarn\u0103 1 linguri\u021b\u0103 de frunze de ceai \u00een ceainic. Se toarn\u0103 250 ml de ap\u0103 cald\u0103 95cc, insist\u0103 timp de 3-5 minute pentru a ob\u021bine o b\u0103utur\u0103 cu un gust delicat. <\/p>\n","protected":false},"excerpt":{"rendered":"<p>Un amestec de fructe cu arom\u0103 de c\u0103p\u0219uni-zmeur\u0103. Ingrediente: buc\u0103\u021bi de hibiscus, m\u0103r, ananas \u0219i papaya, fructe de cire\u0219 \u0219i<\/p>\n","protected":false},"featured_media":13423,"comment_status":"open","ping_status":"closed","template":"","meta":[],"product_brand":[],"product_cat":[345],"product_tag":[],"class_list":{"0":"post-14622","1":"product","2":"type-product","3":"status-publish","4":"has-post-thumbnail","6":"product_cat-fruktovye-smesi","8":"first","9":"instock","10":"shipping-taxable","11":"purchasable","12":"product-type-variable","13":"has-default-attributes"},"_links":{"self":[{"href":"https:\/\/tea-shop.md\/ro\/wp-json\/wp\/v2\/product\/14622","targetHints":{"allow":["GET"]}}],"collection":[{"href":"https:\/\/tea-shop.md\/ro\/wp-json\/wp\/v2\/product"}],"about":[{"href":"https:\/\/tea-shop.md\/ro\/wp-json\/wp\/v2\/types\/product"}],"replies":[{"embeddable":true,"href":"https:\/\/tea-shop.md\/ro\/wp-json\/wp\/v2\/comments?post=14622"}],"version-history":[{"count":1,"href":"https:\/\/tea-shop.md\/ro\/wp-json\/wp\/v2\/product\/14622\/revisions"}],"predecessor-version":[{"id":14931,"href":"https:\/\/tea-shop.md\/ro\/wp-json\/wp\/v2\/product\/14622\/revisions\/14931"}],"wp:featuredmedia":[{"embeddable":true,"href":"https:\/\/tea-shop.md\/ro\/wp-json\/wp\/v2\/media\/13423"}],"wp:attachment":[{"href":"https:\/\/tea-shop.md\/ro\/wp-json\/wp\/v2\/media?parent=14622"}],"wp:term":[{"taxonomy":"product_brand","embeddable":true,"href":"https:\/\/tea-shop.md\/ro\/wp-json\/wp\/v2\/product_brand?post=14622"},{"taxonomy":"product_cat","embeddable":true,"href":"https:\/\/tea-shop.md\/ro\/wp-json\/wp\/v2\/product_cat?post=14622"},{"taxonomy":"product_tag","embeddable":true,"href":"https:\/\/tea-shop.md\/ro\/wp-json\/wp\/v2\/product_tag?post=14622"}],"curies":[{"name":"wp","href":"https:\/\/api.w.org\/{rel}","templated":true}]}}