{"id":14626,"date":"2025-12-10T19:27:24","date_gmt":"2025-12-10T17:27:24","guid":{"rendered":"https:\/\/tea-shop.md\/product\/citrus-plus\/"},"modified":"2026-03-31T21:39:43","modified_gmt":"2026-03-31T18:39:43","slug":"citrus-plus","status":"publish","type":"product","link":"https:\/\/tea-shop.md\/ro\/produs\/citrus-plus\/","title":{"rendered":"Citrus plus"},"content":{"rendered":"<p>Un amestec de fructe cu adaos de felii de mere, sfecl\u0103 ro\u0219ie, coji de portocale, fructe de m\u0103ce\u0219e, petale de hibiscus, trandafiri, felii \u0219i inflorescen\u021be de portocale, flori de rodie \u0219i floarea soarelui.<\/p>\n<p>Acest amestec are nu numai un gust luminos, ci \u0219i propriet\u0103\u021bi utile, f\u0103c\u00e2nd fiecare cea\u0219c\u0103 de b\u0103utur\u0103 o adev\u0103rat\u0103 pl\u0103cere.<\/p>\n<p>Se toarn\u0103 1 linguri\u021b\u0103 de frunze de ceai \u00een ceainic. Se toarn\u0103 250 ml de ap\u0103 cald\u0103 95cc, insist\u0103 timp de 3-5 minute pentru a ob\u021bine o b\u0103utur\u0103 cu un gust delicat. <\/p>\n","protected":false},"excerpt":{"rendered":"<p>Un amestec de fructe cu adaos de felii de mere, sfecl\u0103 ro\u0219ie, coji de portocale, fructe de m\u0103ce\u0219e, petale de<\/p>\n","protected":false},"featured_media":13425,"comment_status":"open","ping_status":"closed","template":"","meta":[],"product_brand":[],"product_cat":[345],"product_tag":[],"class_list":{"0":"post-14626","1":"product","2":"type-product","3":"status-publish","4":"has-post-thumbnail","6":"product_cat-fruktovye-smesi","8":"first","9":"instock","10":"shipping-taxable","11":"purchasable","12":"product-type-variable","13":"has-default-attributes"},"_links":{"self":[{"href":"https:\/\/tea-shop.md\/ro\/wp-json\/wp\/v2\/product\/14626","targetHints":{"allow":["GET"]}}],"collection":[{"href":"https:\/\/tea-shop.md\/ro\/wp-json\/wp\/v2\/product"}],"about":[{"href":"https:\/\/tea-shop.md\/ro\/wp-json\/wp\/v2\/types\/product"}],"replies":[{"embeddable":true,"href":"https:\/\/tea-shop.md\/ro\/wp-json\/wp\/v2\/comments?post=14626"}],"version-history":[{"count":1,"href":"https:\/\/tea-shop.md\/ro\/wp-json\/wp\/v2\/product\/14626\/revisions"}],"predecessor-version":[{"id":14928,"href":"https:\/\/tea-shop.md\/ro\/wp-json\/wp\/v2\/product\/14626\/revisions\/14928"}],"wp:featuredmedia":[{"embeddable":true,"href":"https:\/\/tea-shop.md\/ro\/wp-json\/wp\/v2\/media\/13425"}],"wp:attachment":[{"href":"https:\/\/tea-shop.md\/ro\/wp-json\/wp\/v2\/media?parent=14626"}],"wp:term":[{"taxonomy":"product_brand","embeddable":true,"href":"https:\/\/tea-shop.md\/ro\/wp-json\/wp\/v2\/product_brand?post=14626"},{"taxonomy":"product_cat","embeddable":true,"href":"https:\/\/tea-shop.md\/ro\/wp-json\/wp\/v2\/product_cat?post=14626"},{"taxonomy":"product_tag","embeddable":true,"href":"https:\/\/tea-shop.md\/ro\/wp-json\/wp\/v2\/product_tag?post=14626"}],"curies":[{"name":"wp","href":"https:\/\/api.w.org\/{rel}","templated":true}]}}