{"id":14632,"date":"2025-12-10T19:27:25","date_gmt":"2025-12-10T17:27:25","guid":{"rendered":"https:\/\/tea-shop.md\/product\/catina-ghimbir\/"},"modified":"2026-03-31T21:40:48","modified_gmt":"2026-03-31T18:40:48","slug":"catina-ghimbir","status":"publish","type":"product","link":"https:\/\/tea-shop.md\/ro\/produs\/catina-ghimbir\/","title":{"rendered":"C\u0103tin\u0103-ghimbir"},"content":{"rendered":"<p>Un amestec luminos format din felii de mere, m\u0103ce\u0219e, rooibos, c\u0103tin\u0103, ghimbir, fulgi de morcov, hibiscus alb, petale de \u0219ofr\u0103nel. Infuzia impresioneaz\u0103 prin gustul c\u0103tinei cu note picante de ghimbir. <\/p>\n<p>Se toarn\u0103 1 linguri\u021b\u0103 de frunze de ceai \u00een ceainic. Se toarn\u0103 250 ml de ap\u0103 cald\u0103 95cc, insist\u0103 timp de 3-5 minute pentru a ob\u021bine o b\u0103utur\u0103 cu un gust delicat. <\/p>\n","protected":false},"excerpt":{"rendered":"<p>Un amestec luminos format din felii de mere, m\u0103ce\u0219e, rooibos, c\u0103tin\u0103, ghimbir, fulgi de morcov, hibiscus alb, petale de \u0219ofr\u0103nel.<\/p>\n","protected":false},"featured_media":13851,"comment_status":"open","ping_status":"closed","template":"","meta":[],"product_brand":[],"product_cat":[345],"product_tag":[],"class_list":{"0":"post-14632","1":"product","2":"type-product","3":"status-publish","4":"has-post-thumbnail","6":"product_cat-fruktovye-smesi","8":"first","9":"instock","10":"shipping-taxable","11":"purchasable","12":"product-type-variable","13":"has-default-attributes"},"_links":{"self":[{"href":"https:\/\/tea-shop.md\/ro\/wp-json\/wp\/v2\/product\/14632","targetHints":{"allow":["GET"]}}],"collection":[{"href":"https:\/\/tea-shop.md\/ro\/wp-json\/wp\/v2\/product"}],"about":[{"href":"https:\/\/tea-shop.md\/ro\/wp-json\/wp\/v2\/types\/product"}],"replies":[{"embeddable":true,"href":"https:\/\/tea-shop.md\/ro\/wp-json\/wp\/v2\/comments?post=14632"}],"version-history":[{"count":1,"href":"https:\/\/tea-shop.md\/ro\/wp-json\/wp\/v2\/product\/14632\/revisions"}],"predecessor-version":[{"id":14638,"href":"https:\/\/tea-shop.md\/ro\/wp-json\/wp\/v2\/product\/14632\/revisions\/14638"}],"wp:featuredmedia":[{"embeddable":true,"href":"https:\/\/tea-shop.md\/ro\/wp-json\/wp\/v2\/media\/13851"}],"wp:attachment":[{"href":"https:\/\/tea-shop.md\/ro\/wp-json\/wp\/v2\/media?parent=14632"}],"wp:term":[{"taxonomy":"product_brand","embeddable":true,"href":"https:\/\/tea-shop.md\/ro\/wp-json\/wp\/v2\/product_brand?post=14632"},{"taxonomy":"product_cat","embeddable":true,"href":"https:\/\/tea-shop.md\/ro\/wp-json\/wp\/v2\/product_cat?post=14632"},{"taxonomy":"product_tag","embeddable":true,"href":"https:\/\/tea-shop.md\/ro\/wp-json\/wp\/v2\/product_tag?post=14632"}],"curies":[{"name":"wp","href":"https:\/\/api.w.org\/{rel}","templated":true}]}}