{"id":14639,"date":"2025-12-10T19:27:25","date_gmt":"2025-12-10T17:27:25","guid":{"rendered":"https:\/\/tea-shop.md\/product\/pina-colada\/"},"modified":"2026-03-31T21:43:00","modified_gmt":"2026-03-31T18:43:00","slug":"pina-colada","status":"publish","type":"product","link":"https:\/\/tea-shop.md\/ro\/produs\/pina-colada\/","title":{"rendered":"Pina colada"},"content":{"rendered":"<p>Un amestec de fructe de hibiscus, felii de mere, ananas \u0219i mango, cu cruste de m\u0103ce\u0219e \u0219i a\u0219chii de nuc\u0103 de cocos. Infuzia are un gust fructat \u0219i arom\u0103 cu note delicate de nuc\u0103 de cocos. <\/p>\n<p>Se toarn\u0103 1 linguri\u021b\u0103 de frunze de ceai \u00een ceainic. Se toarn\u0103 250 ml de ap\u0103 cald\u0103 95cc, insist\u0103 timp de 3-5 minute pentru a ob\u021bine o b\u0103utur\u0103 cu un gust delicat. <\/p>\n","protected":false},"excerpt":{"rendered":"<p>Un amestec de fructe de hibiscus, felii de mere, ananas \u0219i mango, cu cruste de m\u0103ce\u0219e \u0219i a\u0219chii de nuc\u0103<\/p>\n","protected":false},"featured_media":0,"comment_status":"open","ping_status":"closed","template":"","meta":[],"product_brand":[],"product_cat":[345],"product_tag":[],"class_list":{"0":"post-14639","1":"product","2":"type-product","3":"status-publish","5":"product_cat-fruktovye-smesi","7":"first","8":"outofstock","9":"shipping-taxable","10":"purchasable","11":"product-type-variable","12":"has-default-attributes"},"_links":{"self":[{"href":"https:\/\/tea-shop.md\/ro\/wp-json\/wp\/v2\/product\/14639","targetHints":{"allow":["GET"]}}],"collection":[{"href":"https:\/\/tea-shop.md\/ro\/wp-json\/wp\/v2\/product"}],"about":[{"href":"https:\/\/tea-shop.md\/ro\/wp-json\/wp\/v2\/types\/product"}],"replies":[{"embeddable":true,"href":"https:\/\/tea-shop.md\/ro\/wp-json\/wp\/v2\/comments?post=14639"}],"version-history":[{"count":1,"href":"https:\/\/tea-shop.md\/ro\/wp-json\/wp\/v2\/product\/14639\/revisions"}],"predecessor-version":[{"id":14643,"href":"https:\/\/tea-shop.md\/ro\/wp-json\/wp\/v2\/product\/14639\/revisions\/14643"}],"wp:attachment":[{"href":"https:\/\/tea-shop.md\/ro\/wp-json\/wp\/v2\/media?parent=14639"}],"wp:term":[{"taxonomy":"product_brand","embeddable":true,"href":"https:\/\/tea-shop.md\/ro\/wp-json\/wp\/v2\/product_brand?post=14639"},{"taxonomy":"product_cat","embeddable":true,"href":"https:\/\/tea-shop.md\/ro\/wp-json\/wp\/v2\/product_cat?post=14639"},{"taxonomy":"product_tag","embeddable":true,"href":"https:\/\/tea-shop.md\/ro\/wp-json\/wp\/v2\/product_tag?post=14639"}],"curies":[{"name":"wp","href":"https:\/\/api.w.org\/{rel}","templated":true}]}}