{"id":14647,"date":"2026-03-03T01:40:52","date_gmt":"2026-03-02T23:40:52","guid":{"rendered":"https:\/\/tea-shop.md\/product\/yerba-kraus-organica-mate-500-gr\/"},"modified":"2026-03-03T01:40:52","modified_gmt":"2026-03-02T23:40:52","slug":"yerba-kraus-organica-mate-500-gr","status":"publish","type":"product","link":"https:\/\/tea-shop.md\/ro\/produs\/yerba-kraus-organica-mate-500-gr\/","title":{"rendered":"Yerba Kraus Organica mate 500 gr."},"content":{"rendered":"<p><span dir=\"auto\">Yerba Mate Organica este produsul emblematic al m\u0103rcii Kraus. Versiunea organic\u0103 a yerba este uscat\u0103 folosind tehnologia f\u0103r\u0103 fum (sin humo), ceea ce \u00eenseamn\u0103 c\u0103 nu se folose\u0219te fum \u00een procesul de uscare yerba, ci doar aer cald, deci yerba nu are un gust de fum. \u00cen combina\u021bie cu forma organic\u0103 de cultivare, ob\u021binem un produs organic foarte bun!   <\/span><br \/>\nUn parfum pur pe baz\u0103 de plante, f\u0103r\u0103 un indiciu de fum sau fum. Acest lucru se realizeaz\u0103 prin utilizarea tehnologiei inovatoare de &#8222;c\u0103ldur\u0103 indirect\u0103&#8221;: frunzele \u0219i l\u0103starii plantei sunt uscate nu \u00een cuptor, ci datorit\u0103 aerului cald care provine din ea. <\/p>\n<p>Gust u\u0219or, cu o u\u0219oar\u0103 am\u0103r\u0103ciune inerent\u0103 acestei b\u0103uturi, dar f\u0103r\u0103 gust.<\/p>\n<p>Ingrediente: frunze de mate m\u0103cinate fin, pre-\u00eemb\u0103tr\u00e2nite timp de un an, cu un mic adaos de crengu\u021be \u0219i praf.<\/p>\n<p>Produs biologic pur. Se cultiv\u0103 f\u0103r\u0103 utilizarea pesticidelor \u0219i a \u00eengr\u0103\u0219\u0103mintelor minerale \u00een condi\u021bii naturale. <\/p>\n<p>Con\u021bine vitamine \u0219i minerale utile \u0219i este un bun antioxidant.<\/p>\n<p>Se toarn\u0103 10-15 grame de frunze de ceai \u00een ceainic. Se toarn\u0103 300 ml de ap\u0103 fierbinte 80-90 C, se las\u0103 timp de 3-5 minute pentru a ob\u021bine o b\u0103utur\u0103 cu un gust delicat. <\/p>\n","protected":false},"excerpt":{"rendered":"<p>Yerba Mate Organica este produsul emblematic al m\u0103rcii Kraus. Versiunea organic\u0103 a yerba este uscat\u0103 folosind tehnologia f\u0103r\u0103 fum (sin<\/p>\n","protected":false},"featured_media":13887,"comment_status":"open","ping_status":"closed","template":"","meta":[],"product_brand":[],"product_cat":[349,350],"product_tag":[],"class_list":{"0":"post-14647","1":"product","2":"type-product","3":"status-publish","4":"has-post-thumbnail","6":"product_cat-etnicheskij-chaj","7":"product_cat-mate","9":"first","10":"instock","11":"shipping-taxable","12":"purchasable","13":"product-type-simple"},"_links":{"self":[{"href":"https:\/\/tea-shop.md\/ro\/wp-json\/wp\/v2\/product\/14647","targetHints":{"allow":["GET"]}}],"collection":[{"href":"https:\/\/tea-shop.md\/ro\/wp-json\/wp\/v2\/product"}],"about":[{"href":"https:\/\/tea-shop.md\/ro\/wp-json\/wp\/v2\/types\/product"}],"replies":[{"embeddable":true,"href":"https:\/\/tea-shop.md\/ro\/wp-json\/wp\/v2\/comments?post=14647"}],"version-history":[{"count":0,"href":"https:\/\/tea-shop.md\/ro\/wp-json\/wp\/v2\/product\/14647\/revisions"}],"wp:featuredmedia":[{"embeddable":true,"href":"https:\/\/tea-shop.md\/ro\/wp-json\/wp\/v2\/media\/13887"}],"wp:attachment":[{"href":"https:\/\/tea-shop.md\/ro\/wp-json\/wp\/v2\/media?parent=14647"}],"wp:term":[{"taxonomy":"product_brand","embeddable":true,"href":"https:\/\/tea-shop.md\/ro\/wp-json\/wp\/v2\/product_brand?post=14647"},{"taxonomy":"product_cat","embeddable":true,"href":"https:\/\/tea-shop.md\/ro\/wp-json\/wp\/v2\/product_cat?post=14647"},{"taxonomy":"product_tag","embeddable":true,"href":"https:\/\/tea-shop.md\/ro\/wp-json\/wp\/v2\/product_tag?post=14647"}],"curies":[{"name":"wp","href":"https:\/\/api.w.org\/{rel}","templated":true}]}}