{"id":14648,"date":"2026-03-03T01:39:20","date_gmt":"2026-03-02T23:39:20","guid":{"rendered":"https:\/\/tea-shop.md\/product\/mate-yerba-rosamonte-elaborada-500-gr\/"},"modified":"2026-03-03T01:39:20","modified_gmt":"2026-03-02T23:39:20","slug":"mate-yerba-rosamonte-elaborada-500-gr","status":"publish","type":"product","link":"https:\/\/tea-shop.md\/ro\/produs\/mate-yerba-rosamonte-elaborada-500-gr\/","title":{"rendered":"Mate Yerba Rosamonte Elaborada 500 gr."},"content":{"rendered":"<p>Rosamonte Elaborada mate este un partener puternic al m\u0103cin\u0103rii clasice argentiniene, care \u00ee\u0219i c\u00e2\u0219tig\u0103 intensitatea de la 12 la 24 de luni de \u00eemb\u0103tr\u00e2nire.<\/p>\n<p>Partenerul argentinian are o arom\u0103 foarte puternic\u0103 \u0219i calit\u0103\u021bi originale de gust. Marca Rosamonte este foarte renumit\u0103 \u00een lume, iar mul\u021bi matematici apreciaz\u0103 calitatea sa ridicat\u0103 \u0219i stabil\u0103. Gustul acestui tip de yerba are o arom\u0103 foarte puternic\u0103 \u0219i profund\u0103, cu un indiciu subtil de prune uscate. Acest partener este ideal pentru utilizarea zilnic\u0103, deoarece chiar \u0219i Asocia\u021bia Cardiologilor din Argentina l-a recomandat dintr-un motiv. Este potrivit \u0219i pentru \u00eencep\u0103torii \u00een matematic\u0103.    <\/p>\n<div>Se crede c\u0103 Mate promoveaz\u0103 munca productiv\u0103 \u0219i pe termen lung, recreerea activ\u0103 \u0219i c\u0103l\u0103toriile \u0219i poate deveni, de asemenea, o b\u0103utur\u0103 de zi cu zi.<\/div>\n<div>Produc\u0103torul observ\u0103 c\u0103 nu se utilizeaz\u0103 pesticide sau substan\u021be chimice la fabricarea mate, deoarece solurile locale bogate \u00een minerale sunt utilizate pentru cultivarea materiilor prime.<\/div>\n<div>Se toarn\u0103 10-15 grame de frunze de ceai \u00een ceainic. Se toarn\u0103 300 ml de ap\u0103 fierbinte 80-90 C, se las\u0103 timp de 3-5 minute pentru a ob\u021bine o b\u0103utur\u0103 cu un gust delicat. <\/div>\n","protected":false},"excerpt":{"rendered":"<p>Rosamonte Elaborada mate este un partener puternic al m\u0103cin\u0103rii clasice argentiniene, care \u00ee\u0219i c\u00e2\u0219tig\u0103 intensitatea de la 12 la 24<\/p>\n","protected":false},"featured_media":13891,"comment_status":"open","ping_status":"closed","template":"","meta":[],"product_brand":[],"product_cat":[349,350],"product_tag":[],"class_list":{"0":"post-14648","1":"product","2":"type-product","3":"status-publish","4":"has-post-thumbnail","6":"product_cat-etnicheskij-chaj","7":"product_cat-mate","9":"first","10":"instock","11":"shipping-taxable","12":"purchasable","13":"product-type-simple"},"_links":{"self":[{"href":"https:\/\/tea-shop.md\/ro\/wp-json\/wp\/v2\/product\/14648","targetHints":{"allow":["GET"]}}],"collection":[{"href":"https:\/\/tea-shop.md\/ro\/wp-json\/wp\/v2\/product"}],"about":[{"href":"https:\/\/tea-shop.md\/ro\/wp-json\/wp\/v2\/types\/product"}],"replies":[{"embeddable":true,"href":"https:\/\/tea-shop.md\/ro\/wp-json\/wp\/v2\/comments?post=14648"}],"version-history":[{"count":0,"href":"https:\/\/tea-shop.md\/ro\/wp-json\/wp\/v2\/product\/14648\/revisions"}],"wp:featuredmedia":[{"embeddable":true,"href":"https:\/\/tea-shop.md\/ro\/wp-json\/wp\/v2\/media\/13891"}],"wp:attachment":[{"href":"https:\/\/tea-shop.md\/ro\/wp-json\/wp\/v2\/media?parent=14648"}],"wp:term":[{"taxonomy":"product_brand","embeddable":true,"href":"https:\/\/tea-shop.md\/ro\/wp-json\/wp\/v2\/product_brand?post=14648"},{"taxonomy":"product_cat","embeddable":true,"href":"https:\/\/tea-shop.md\/ro\/wp-json\/wp\/v2\/product_cat?post=14648"},{"taxonomy":"product_tag","embeddable":true,"href":"https:\/\/tea-shop.md\/ro\/wp-json\/wp\/v2\/product_tag?post=14648"}],"curies":[{"name":"wp","href":"https:\/\/api.w.org\/{rel}","templated":true}]}}