{"id":14649,"date":"2026-03-03T01:38:18","date_gmt":"2026-03-02T23:38:18","guid":{"rendered":"https:\/\/tea-shop.md\/product\/mate-yerba-elaborada-pajarito-menta-limon-500-gr\/"},"modified":"2026-03-03T01:38:18","modified_gmt":"2026-03-02T23:38:18","slug":"mate-yerba-elaborada-pajarito-menta-limon-500-gr","status":"publish","type":"product","link":"https:\/\/tea-shop.md\/ro\/produs\/mate-yerba-elaborada-pajarito-menta-limon-500-gr\/","title":{"rendered":"Mate Yerba Elaborada Pajarito Menta Limon 500 gr."},"content":{"rendered":"<div>Mate Pajarito Menta Limon este o b\u0103utur\u0103 organic\u0103 din Paraguay. Se compune din 90% Yerba tradi\u021bional\u0103, 10% dintr-un amestec de arome de ment\u0103 \u0219i l\u0103m\u00e2ie. <\/div>\n<div><\/div>\n<div>Caracteristici de produc\u021bie:<\/div>\n<ul>\n<li data-value=\"\" data-shift=\"0\">Materiile prime sunt cultivate pe planta\u021bii ecologice din departamentul de Sud al Paraguayului-Itapua.<\/li>\n<li data-value=\"\" data-shift=\"0\">Frunzele sunt recoltate manual, deshidratate \u0219i uscate.<\/li>\n<li data-value=\"\" data-shift=\"0\">Dup\u0103 \u00eemb\u0103tr\u00e2nire timp de 20 de luni, b\u0103utura \u00ee\u0219i dob\u00e2nde\u0219te calitatea.<\/li>\n<\/ul>\n<div>B\u0103utura preparat\u0103 are un gust bl\u00e2nd, dulce, tonuri de tartness \u0219i menta. Prezen\u021ba l\u0103m\u00e2ii este echilibrat\u0103 cu modera\u021bie: \u00een ap\u0103 rece, aroma \u0219i gustul sunt destul de stabile, dar nu sfid\u0103toare sau acre. C\u00e2nd este v\u0103rsat cu ap\u0103 fierbinte, gustul de ment\u0103 devine vizibil.  <\/div>\n<div>Datorit\u0103 gustului amar-acru \u0219i prospe\u021bimii mentei, mate este potrivit pentru a face o b\u0103utur\u0103 r\u0103coritoare care potole\u0219te setea \u0219i revigoreaz\u0103 \u00een c\u0103ldura verii. Infuzia are, de asemenea, o proprietate stimulatoare, inspir\u0103 ac\u021biuni active, concentreaz\u0103 aten\u021bia, ajut\u0103 la combaterea somnolen\u021bei \u0219i a oboselii. <\/div>\n<div>Se toarn\u0103 10-15 grame de frunze de ceai \u00een ceainic. Se toarn\u0103 300 ml de ap\u0103 fierbinte 80-90 C, se las\u0103 timp de 3-5 minute pentru a ob\u021bine o b\u0103utur\u0103 cu un gust delicat. <\/div>\n","protected":false},"excerpt":{"rendered":"<p>Mate Pajarito Menta Limon este o b\u0103utur\u0103 organic\u0103 din Paraguay. Se compune din 90% Yerba tradi\u021bional\u0103, 10% dintr-un amestec de<\/p>\n","protected":false},"featured_media":13882,"comment_status":"open","ping_status":"closed","template":"","meta":[],"product_brand":[],"product_cat":[349,350],"product_tag":[],"class_list":{"0":"post-14649","1":"product","2":"type-product","3":"status-publish","4":"has-post-thumbnail","6":"product_cat-etnicheskij-chaj","7":"product_cat-mate","9":"first","10":"instock","11":"shipping-taxable","12":"purchasable","13":"product-type-simple"},"_links":{"self":[{"href":"https:\/\/tea-shop.md\/ro\/wp-json\/wp\/v2\/product\/14649","targetHints":{"allow":["GET"]}}],"collection":[{"href":"https:\/\/tea-shop.md\/ro\/wp-json\/wp\/v2\/product"}],"about":[{"href":"https:\/\/tea-shop.md\/ro\/wp-json\/wp\/v2\/types\/product"}],"replies":[{"embeddable":true,"href":"https:\/\/tea-shop.md\/ro\/wp-json\/wp\/v2\/comments?post=14649"}],"version-history":[{"count":0,"href":"https:\/\/tea-shop.md\/ro\/wp-json\/wp\/v2\/product\/14649\/revisions"}],"wp:featuredmedia":[{"embeddable":true,"href":"https:\/\/tea-shop.md\/ro\/wp-json\/wp\/v2\/media\/13882"}],"wp:attachment":[{"href":"https:\/\/tea-shop.md\/ro\/wp-json\/wp\/v2\/media?parent=14649"}],"wp:term":[{"taxonomy":"product_brand","embeddable":true,"href":"https:\/\/tea-shop.md\/ro\/wp-json\/wp\/v2\/product_brand?post=14649"},{"taxonomy":"product_cat","embeddable":true,"href":"https:\/\/tea-shop.md\/ro\/wp-json\/wp\/v2\/product_cat?post=14649"},{"taxonomy":"product_tag","embeddable":true,"href":"https:\/\/tea-shop.md\/ro\/wp-json\/wp\/v2\/product_tag?post=14649"}],"curies":[{"name":"wp","href":"https:\/\/api.w.org\/{rel}","templated":true}]}}